{"id":8944,"date":"2022-03-03T14:45:03","date_gmt":"2022-03-03T13:45:03","guid":{"rendered":"https:\/\/colorfest.it\/?page_id=8944"},"modified":"2023-01-09T23:11:01","modified_gmt":"2023-01-09T22:11:01","slug":"politique-de-confidentialite","status":"publish","type":"page","link":"https:\/\/colorfest.it\/fr\/privacy-policy\/","title":{"rendered":"Politique de confidentialit\u00e9"},"content":{"rendered":"<div data-elementor-type=\"wp-page\" data-elementor-id=\"8944\" class=\"elementor elementor-8944\" data-elementor-post-type=\"page\">\n\t\t\t\t\t\t<section class=\"elementor-section elementor-top-section elementor-element elementor-element-73e9d22 elementor-section-full_width elementor-section-height-default elementor-section-height-default\" data-id=\"73e9d22\" data-element_type=\"section\" data-e-type=\"section\">\n\t\t\t\t\t\t<div class=\"elementor-container elementor-column-gap-default\">\n\t\t\t\t\t<div class=\"elementor-column elementor-col-100 elementor-top-column elementor-element elementor-element-d6d2caf\" data-id=\"d6d2caf\" data-element_type=\"column\" data-e-type=\"column\">\n\t\t\t<div class=\"elementor-widget-wrap elementor-element-populated\">\n\t\t\t\t\t\t<div class=\"elementor-element elementor-element-1d161a8 elementor-widget elementor-widget-text-editor\" data-id=\"1d161a8\" data-element_type=\"widget\" data-e-type=\"widget\" data-widget_type=\"text-editor.default\">\n\t\t\t\t<div class=\"elementor-widget-container\">\n\t\t\t\t\t\t\t\t\t<div class=\"column mcb-column mcb-item-hjpry0img one-fifth column_placeholder\"><div class=\"placeholder\">\u00a0<\/div><\/div><div class=\"column mcb-column mcb-item-d1s2o8iaa three-fifth column_column\"><div class=\"column_attr clearfix align_left\"><h2>Politique de confidentialit\u00e9<\/h2><p>En acc\u00e9dant au site web g\u00e9r\u00e9 par l'association Che Cosa Sono le Nuvole APS qui organise Color Fest ou en utilisant son contenu, vous acceptez les termes de la politique de confidentialit\u00e9 en ligne de Che Cosa Sono le Nuvole APS, telle que d\u00e9finie ci-dessous. Si vous n'acceptez pas ces conditions, veuillez ne pas acc\u00e9der au site ou utiliser son contenu.<\/p><p>\u00a0<\/p><h4>Collecte d'informations personnelles.<\/h4><p>Lors de l'ex\u00e9cution d'activit\u00e9s telles que la commande de produits, le t\u00e9l\u00e9chargement de logiciels, l'envoi de curriculum vitae ou autres, What Are the Clouds APS peut vous demander de fournir des informations personnelles en remplissant et en soumettant un formulaire \u00e9lectronique. Vous \u00eates enti\u00e8rement libre d'accepter ou de refuser une telle demande. Si vous acceptez, la soci\u00e9t\u00e9 What Are Clouds APS peut vous demander de fournir des informations personnelles, telles que votre nom, votre adresse, votre adresse \u00e9lectronique et d'autres donn\u00e9es permettant de vous identifier. Lorsque vous commandez des produits sur le site, vous pouvez \u00eatre amen\u00e9 \u00e0 saisir un num\u00e9ro de carte de cr\u00e9dit ou \u00e0 utiliser des syst\u00e8mes de paiement similaires tels que PayPal. La SPA de What Are Clouds recueille ces informations afin de les enregistrer et de vous permettre de participer aux activit\u00e9s que vous avez choisies. Si vous commandez un produit, par exemple, les informations sont utilis\u00e9es pour enregistrer votre licence et votre droit, le cas \u00e9ch\u00e9ant, de profiter du support technique, des mises \u00e0 niveau \u00e0 prix r\u00e9duit ou d'autres avantages qui peuvent \u00eatre offerts aux utilisateurs enregistr\u00e9s. What Are the Clouds APS utilise \u00e9galement les informations que vous fournissez pour soutenir ses efforts visant \u00e0 vous tenir au courant des nouvelles versions de produits, des offres sp\u00e9ciales et des autres produits et services de What Are the Clouds APS. Le SPA \"Quels sont les nuages\" reconna\u00eet et appr\u00e9cie l'utilisation responsable de ces informations. Si vous ne souhaitez pas que les informations que vous fournissez \u00e0 la soci\u00e9t\u00e9 What Are the Clouds APS soient utilis\u00e9es pour vous informer des nouveaux produits et des offres sp\u00e9ciales, et que vous indiquez cette pr\u00e9f\u00e9rence lorsque vous fournissez les informations \u00e0 la soci\u00e9t\u00e9 What Are the Clouds APS, la soci\u00e9t\u00e9 What Are the Clouds APS se conformera strictement \u00e0 vos instructions. La SPA \"What Are the Clouds\" peut \u00e9galement s\u00e9lectionner certaines informations et les transmettre \u00e0 d'autres soci\u00e9t\u00e9s ou organisations qui proposent des produits ou des services susceptibles de vous int\u00e9resser. Si vous ne souhaitez pas que les informations que vous fournissez \u00e0 la SPA \"What Are the Clouds\" soient partag\u00e9es avec d'autres soci\u00e9t\u00e9s et que vous indiquez votre pr\u00e9f\u00e9rence, la SPA \"What Are the Clouds\" suivra scrupuleusement vos instructions. En soumettant des informations personnelles \u00e0 la SPA \"What Are the Clouds\" dans le cadre d'une activit\u00e9 particuli\u00e8re, telle que la commande d'un produit, vous comprenez et acceptez que la SPA \"What Are the Clouds\", ses filiales, ses soci\u00e9t\u00e9s affili\u00e9es et ses fournisseurs de confiance puissent \u00eatre amen\u00e9s \u00e0 transf\u00e9rer, collecter et traiter des informations vous concernant dans l'un des pays dans lesquels ces soci\u00e9t\u00e9s ont des bureaux afin de mener \u00e0 bien leurs activit\u00e9s et de mettre \u00e0 jour les donn\u00e9es correspondantes. Les informations vous concernant ne seront pas transf\u00e9r\u00e9es en dehors de l'Union europ\u00e9enne pour toute autre raison, sauf si vous donnez votre consentement.<\/p><p>\u00a0<\/p><h4>Utilisation de cookies.<\/h4><p>En visitant colourfest.co.uk , vous pouvez vous d\u00e9placer entre les pages de mani\u00e8re anonyme et acc\u00e9der \u00e0 des informations utiles sans r\u00e9v\u00e9ler votre identit\u00e9. Afin d'am\u00e9liorer notre site, nous utilisons des \"cookies\" pour garder une trace de votre passage. Un cookie consiste en un petit ensemble de donn\u00e9es transf\u00e9r\u00e9es \u00e0 votre navigateur par un serveur web et ne peut \u00eatre lu que par le serveur qui a effectu\u00e9 le transfert. Il agit comme votre carte d'identit\u00e9, enregistrant vos mots de passe, vos achats et vos pr\u00e9f\u00e9rences. Il ne s'agit pas d'un code ex\u00e9cutable et il ne transmet pas de virus. Presque tous les navigateurs sont initialement programm\u00e9s pour accepter les cookies. Vous pouvez demander au navigateur de vous avertir lorsque vous recevez un cookie, ce qui vous permet de choisir de l'accepter ou non. Pour certaines pages web qui n\u00e9cessitent une autorisation, les cookies ne sont pas facultatifs. Les utilisateurs qui choisissent de ne pas recevoir de cookies ne seront probablement pas en mesure d'acc\u00e9der \u00e0 ces pages. Que sont les cookies ? La FPA utilise des cookies pour garder une trace de votre visite sur colorfest.co.uk. Nos serveurs Web enregistrent automatiquement l'adresse IP\/Internet de votre ordinateur. Ces informations ne permettent pas de vous identifier personnellement. Vous resterez anonyme, sauf si vous avez fourni \u00e0 What Are Clouds APS des informations personnelles sous une autre forme.<\/p><h4>Mise \u00e0 jour des informations personnelles.<\/h4><p>Vous avez le droit d'acc\u00e9der \u00e0 vos informations personnelles et \u00e0 vos choix de confidentialit\u00e9 et de les modifier. Vous pouvez le faire en \u00e9crivant \u00e0 What Are Clouds APS \u00e0 l'adresse suivante :<\/p><p><strong>CE QUE SONT LES NUAGES APS<br \/>Lamezia Terme, via dei Brutii n 97, 88046.<br \/>P.I. IT03309120792<\/strong><\/p><p>Veuillez indiquer votre pr\u00e9nom, votre nom, votre adresse postale et\/ou votre adresse \u00e9lectronique lorsque vous nous contactez. Veuillez \u00e9galement noter que l'APS Che Cosa Sono le Nuvole n'est pas responsable du contenu ou des politiques de confidentialit\u00e9 adopt\u00e9es par des sites que nous n'exploitons pas et auxquels l'un de nos sites peut renvoyer.<\/p><\/div><\/div>\t\t\t\t\t\t\t\t<\/div>\n\t\t\t\t<\/div>\n\t\t\t\t\t<\/div>\n\t\t<\/div>\n\t\t\t\t\t<\/div>\n\t\t<\/section>\n\t\t\t\t<section class=\"elementor-section elementor-top-section elementor-element elementor-element-5d77952 elementor-section-full_width elementor-section-height-default elementor-section-height-default\" data-id=\"5d77952\" data-element_type=\"section\" data-e-type=\"section\">\n\t\t\t\t\t\t<div class=\"elementor-container elementor-column-gap-default\">\n\t\t\t\t\t<div class=\"elementor-column elementor-col-33 elementor-top-column elementor-element elementor-element-ce6f676\" data-id=\"ce6f676\" data-element_type=\"column\" data-e-type=\"column\">\n\t\t\t<div class=\"elementor-widget-wrap\">\n\t\t\t\t\t\t\t<\/div>\n\t\t<\/div>\n\t\t\t\t<div class=\"elementor-column elementor-col-33 elementor-top-column elementor-element elementor-element-6a6f6b4\" data-id=\"6a6f6b4\" data-element_type=\"column\" data-e-type=\"column\">\n\t\t\t<div class=\"elementor-widget-wrap elementor-element-populated\">\n\t\t\t\t\t\t<div class=\"elementor-element elementor-element-b91a14d elementor-widget elementor-widget-button\" data-id=\"b91a14d\" data-element_type=\"widget\" data-e-type=\"widget\" data-widget_type=\"button.default\">\n\t\t\t\t<div class=\"elementor-widget-container\">\n\t\t\t\t\t\t\t\t\t<div class=\"elementor-button-wrapper\">\n\t\t\t\t\t<a class=\"elementor-button elementor-button-link elementor-size-sm\" href=\"https:\/\/colorfest.it\/fr\/\">\n\t\t\t\t\t\t<span class=\"elementor-button-content-wrapper\">\n\t\t\t\t\t\t\t\t\t<span class=\"elementor-button-text\">retour au site<\/span>\n\t\t\t\t\t<\/span>\n\t\t\t\t\t<\/a>\n\t\t\t\t<\/div>\n\t\t\t\t\t\t\t\t<\/div>\n\t\t\t\t<\/div>\n\t\t\t\t\t<\/div>\n\t\t<\/div>\n\t\t\t\t<div class=\"elementor-column elementor-col-33 elementor-top-column elementor-element elementor-element-72088e5\" data-id=\"72088e5\" data-element_type=\"column\" data-e-type=\"column\">\n\t\t\t<div class=\"elementor-widget-wrap\">\n\t\t\t\t\t\t\t<\/div>\n\t\t<\/div>\n\t\t\t\t\t<\/div>\n\t\t<\/section>\n\t\t\t\t<\/div>","protected":false},"excerpt":{"rendered":"<p>\u00a0 Politica Privacy Accedendo al sito web gestito da Che Cosa Sono le Nuvole APS associazione organizzatrice del Color Fest o utilizzandone il contenuto, accettate i termini della Informativa sulla Privacy Online Che Cosa Sono le Nuvole APS, cos\u00ec come esposta di seguito. Se non accettate tali termini, vi preghiamo di non accedere al sito [&hellip;]<\/p>\n","protected":false},"author":1,"featured_media":0,"parent":0,"menu_order":0,"comment_status":"closed","ping_status":"closed","template":"elementor_canvas","meta":{"_acf_changed":false,"footnotes":""},"class_list":["post-8944","page","type-page","status-publish","hentry"],"acf":[],"yoast_head":"<!-- This site is optimized with the Yoast SEO Premium plugin v27.3 (Yoast SEO v27.4) - https:\/\/yoast.com\/product\/yoast-seo-premium-wordpress\/ -->\n<title>Color Fest 11 - 12 - 13 Agosto 2026| in Calabria<\/title>\n<meta name=\"description\" content=\"Color Fest - Festival di Musica, dal 2013 punto di riferimento per la musica dal vivo &gt;&gt; 11 - 12 - 13 Agosto 2026 Lungomare Falcone Borsellino.\" \/>\n<meta name=\"robots\" content=\"noindex, nofollow\" \/>\n<meta property=\"og:locale\" content=\"fr_FR\" \/>\n<meta property=\"og:type\" content=\"article\" \/>\n<meta property=\"og:title\" content=\"Privacy Policy\" \/>\n<meta property=\"og:description\" content=\"Color Fest - Festival di Musica, dal 2013 punto di riferimento per la musica dal vivo &gt;&gt; 11 - 12 - 13 Agosto 2026 Lungomare Falcone Borsellino.\" \/>\n<meta property=\"og:url\" content=\"https:\/\/colorfest.it\/fr\/politique-de-confidentialite\/\" \/>\n<meta property=\"og:site_name\" content=\"Color Fest - Festival di Musica | 11 - 12 - 13 Agosto 2026 | in Calabria\" \/>\n<meta property=\"article:publisher\" content=\"http:\/\/facebook.com\/colorfestlamezia\/\" \/>\n<meta property=\"article:modified_time\" content=\"2023-01-09T22:11:01+00:00\" \/>\n<meta property=\"og:image\" content=\"https:\/\/colorfest.it\/wp-content\/uploads\/2024\/08\/DSCF3400.jpg\" \/>\n\t<meta property=\"og:image:width\" content=\"1600\" \/>\n\t<meta property=\"og:image:height\" content=\"1067\" \/>\n\t<meta property=\"og:image:type\" content=\"image\/jpeg\" \/>\n<meta name=\"twitter:card\" content=\"summary_large_image\" \/>\n<meta name=\"twitter:label1\" content=\"Dur\u00e9e de lecture estim\u00e9e\" \/>\n\t<meta name=\"twitter:data1\" content=\"5 minutes\" \/>\n<script type=\"application\/ld+json\" class=\"yoast-schema-graph\">{\"@context\":\"https:\\\/\\\/schema.org\",\"@graph\":[{\"@type\":\"WebPage\",\"@id\":\"https:\\\/\\\/colorfest.it\\\/privacy-policy\\\/\",\"url\":\"https:\\\/\\\/colorfest.it\\\/privacy-policy\\\/\",\"name\":\"Color Fest 11 - 12 - 13 Agosto 2026| in Calabria\",\"isPartOf\":{\"@id\":\"https:\\\/\\\/colorfest.it\\\/#website\"},\"datePublished\":\"2022-03-03T13:45:03+00:00\",\"dateModified\":\"2023-01-09T22:11:01+00:00\",\"description\":\"Color Fest - Festival di Musica, dal 2013 punto di riferimento per la musica dal vivo >> 11 - 12 - 13 Agosto 2026 Lungomare Falcone Borsellino.\",\"breadcrumb\":{\"@id\":\"https:\\\/\\\/colorfest.it\\\/privacy-policy\\\/#breadcrumb\"},\"inLanguage\":\"fr-FR\",\"potentialAction\":[{\"@type\":\"ReadAction\",\"target\":[\"https:\\\/\\\/colorfest.it\\\/privacy-policy\\\/\"]}]},{\"@type\":\"BreadcrumbList\",\"@id\":\"https:\\\/\\\/colorfest.it\\\/privacy-policy\\\/#breadcrumb\",\"itemListElement\":[{\"@type\":\"ListItem\",\"position\":1,\"name\":\"Home\",\"item\":\"https:\\\/\\\/colorfest.it\\\/\"},{\"@type\":\"ListItem\",\"position\":2,\"name\":\"Privacy Policy\"}]},{\"@type\":\"WebSite\",\"@id\":\"https:\\\/\\\/colorfest.it\\\/#website\",\"url\":\"https:\\\/\\\/colorfest.it\\\/\",\"name\":\"Color Fest - Festival di Musica | 11 - 12 - 13 Agosto 2026 | in Calabria\",\"description\":\"Color Fest - Festival di Musica, dal 2013 punto di riferimento per la musica dal vivo &gt;&gt; 11 - 12 - 13 Agosto 2026 Lungomare Falcone Borsellino.\",\"publisher\":{\"@id\":\"https:\\\/\\\/colorfest.it\\\/#organization\"},\"alternateName\":\"Color Fest - Festival di Musica | 11 - 12 - 13 Agosto 2026 @Lungomare Falcone Borsellino\",\"potentialAction\":[{\"@type\":\"SearchAction\",\"target\":{\"@type\":\"EntryPoint\",\"urlTemplate\":\"https:\\\/\\\/colorfest.it\\\/?s={search_term_string}\"},\"query-input\":{\"@type\":\"PropertyValueSpecification\",\"valueRequired\":true,\"valueName\":\"search_term_string\"}}],\"inLanguage\":\"fr-FR\"},{\"@type\":\"Organization\",\"@id\":\"https:\\\/\\\/colorfest.it\\\/#organization\",\"name\":\"Che cosa sono le nuvole APS\",\"alternateName\":\"Color Fest\",\"url\":\"https:\\\/\\\/colorfest.it\\\/\",\"logo\":{\"@type\":\"ImageObject\",\"inLanguage\":\"fr-FR\",\"@id\":\"https:\\\/\\\/colorfest.it\\\/#\\\/schema\\\/logo\\\/image\\\/\",\"url\":\"https:\\\/\\\/colorfest.it\\\/wp-content\\\/uploads\\\/2022\\\/03\\\/checosasonolenuvole.png\",\"contentUrl\":\"https:\\\/\\\/colorfest.it\\\/wp-content\\\/uploads\\\/2022\\\/03\\\/checosasonolenuvole.png\",\"width\":952,\"height\":844,\"caption\":\"Che cosa sono le nuvole APS\"},\"image\":{\"@id\":\"https:\\\/\\\/colorfest.it\\\/#\\\/schema\\\/logo\\\/image\\\/\"},\"sameAs\":[\"http:\\\/\\\/facebook.com\\\/colorfestlamezia\\\/\",\"http:\\\/\\\/instagram.com\\\/color_fest_\\\/\",\"https:\\\/\\\/www.linkedin.com\\\/company\\\/color-fest\\\/\"],\"description\":\"Color Fest - Festival di Musica, dal 2013 punto di riferimento per la musica dal vivo >> 11 - 12 - 13 Agosto 2026 Lungomare Falcone Borsellino.\",\"email\":\"scrivi@colorfest.it\",\"legalName\":\"Che cosa sono le nuvole APS\",\"foundingDate\":\"2012-10-12\",\"vatID\":\"03309120792\",\"taxID\":\"92029190797\",\"numberOfEmployees\":{\"@type\":\"QuantitativeValue\",\"minValue\":\"11\",\"maxValue\":\"50\"}}]}<\/script>\n<!-- \/ Yoast SEO Premium plugin. -->","yoast_head_json":{"title":"Color Fest 11 - 12 - 13 ao\u00fbt 2026| en Calabre","description":"Color Fest - Festival de musique, depuis 2013 un point de r\u00e9f\u00e9rence pour la musique live &gt;&gt; 11 - 12 - 13 ao\u00fbt 2026 Lungomare Falcone Borsellino","robots":{"index":"noindex","follow":"nofollow"},"og_locale":"fr_FR","og_type":"article","og_title":"Privacy Policy","og_description":"Color Fest - Festival di Musica, dal 2013 punto di riferimento per la musica dal vivo >> 11 - 12 - 13 Agosto 2026 Lungomare Falcone Borsellino.","og_url":"https:\/\/colorfest.it\/fr\/politique-de-confidentialite\/","og_site_name":"Color Fest - Festival di Musica | 11 - 12 - 13 Agosto 2026 | in Calabria","article_publisher":"http:\/\/facebook.com\/colorfestlamezia\/","article_modified_time":"2023-01-09T22:11:01+00:00","og_image":[{"width":1600,"height":1067,"url":"https:\/\/colorfest.it\/wp-content\/uploads\/2024\/08\/DSCF3400.jpg","type":"image\/jpeg"}],"twitter_card":"summary_large_image","twitter_misc":{"Dur\u00e9e de lecture estim\u00e9e":"5 minutes"},"schema":{"@context":"https:\/\/schema.org","@graph":[{"@type":"WebPage","@id":"https:\/\/colorfest.it\/privacy-policy\/","url":"https:\/\/colorfest.it\/privacy-policy\/","name":"Color Fest 11 - 12 - 13 ao\u00fbt 2026| en Calabre","isPartOf":{"@id":"https:\/\/colorfest.it\/#website"},"datePublished":"2022-03-03T13:45:03+00:00","dateModified":"2023-01-09T22:11:01+00:00","description":"Color Fest - Festival de musique, depuis 2013 un point de r\u00e9f\u00e9rence pour la musique live &gt;&gt; 11 - 12 - 13 ao\u00fbt 2026 Lungomare Falcone Borsellino","breadcrumb":{"@id":"https:\/\/colorfest.it\/privacy-policy\/#breadcrumb"},"inLanguage":"fr-FR","potentialAction":[{"@type":"ReadAction","target":["https:\/\/colorfest.it\/privacy-policy\/"]}]},{"@type":"BreadcrumbList","@id":"https:\/\/colorfest.it\/privacy-policy\/#breadcrumb","itemListElement":[{"@type":"ListItem","position":1,"name":"Home","item":"https:\/\/colorfest.it\/"},{"@type":"ListItem","position":2,"name":"Privacy Policy"}]},{"@type":"WebSite","@id":"https:\/\/colorfest.it\/#website","url":"https:\/\/colorfest.it\/","name":"Color Fest - Festival de musique | 11 - 12 - 13 ao\u00fbt 2026 | en Calabre","description":"Color Fest - Festival de musique, depuis 2013 un point de r\u00e9f\u00e9rence pour la musique live &gt;&gt; 11 - 12 - 13 ao\u00fbt 2026 Lungomare Falcone Borsellino","publisher":{"@id":"https:\/\/colorfest.it\/#organization"},"alternateName":"Color Fest - Festival di Musica | 11 - 12 - 13 Agosto 2026 @Lungomare Falcone Borsellino","potentialAction":[{"@type":"SearchAction","target":{"@type":"EntryPoint","urlTemplate":"https:\/\/colorfest.it\/?s={search_term_string}"},"query-input":{"@type":"PropertyValueSpecification","valueRequired":true,"valueName":"search_term_string"}}],"inLanguage":"fr-FR"},{"@type":"Organization","@id":"https:\/\/colorfest.it\/#organization","name":"Que sont les nuages APS","alternateName":"Color Fest","url":"https:\/\/colorfest.it\/","logo":{"@type":"ImageObject","inLanguage":"fr-FR","@id":"https:\/\/colorfest.it\/#\/schema\/logo\/image\/","url":"https:\/\/colorfest.it\/wp-content\/uploads\/2022\/03\/checosasonolenuvole.png","contentUrl":"https:\/\/colorfest.it\/wp-content\/uploads\/2022\/03\/checosasonolenuvole.png","width":952,"height":844,"caption":"Che cosa sono le nuvole APS"},"image":{"@id":"https:\/\/colorfest.it\/#\/schema\/logo\/image\/"},"sameAs":["http:\/\/facebook.com\/colorfestlamezia\/","http:\/\/instagram.com\/color_fest_\/","https:\/\/www.linkedin.com\/company\/color-fest\/"],"description":"Color Fest - Festival de musique, depuis 2013 un point de r\u00e9f\u00e9rence pour la musique live &gt;&gt; 11 - 12 - 13 ao\u00fbt 2026 Lungomare Falcone Borsellino","email":"scrivi@colorfest.it","legalName":"Che cosa sono le nuvole APS","foundingDate":"2012-10-12","vatID":"03309120792","taxID":"92029190797","numberOfEmployees":{"@type":"QuantitativeValue","minValue":"11","maxValue":"50"}}]}},"_links":{"self":[{"href":"https:\/\/colorfest.it\/fr\/wp-json\/wp\/v2\/pages\/8944","targetHints":{"allow":["GET"]}}],"collection":[{"href":"https:\/\/colorfest.it\/fr\/wp-json\/wp\/v2\/pages"}],"about":[{"href":"https:\/\/colorfest.it\/fr\/wp-json\/wp\/v2\/types\/page"}],"author":[{"embeddable":true,"href":"https:\/\/colorfest.it\/fr\/wp-json\/wp\/v2\/users\/1"}],"replies":[{"embeddable":true,"href":"https:\/\/colorfest.it\/fr\/wp-json\/wp\/v2\/comments?post=8944"}],"version-history":[{"count":0,"href":"https:\/\/colorfest.it\/fr\/wp-json\/wp\/v2\/pages\/8944\/revisions"}],"wp:attachment":[{"href":"https:\/\/colorfest.it\/fr\/wp-json\/wp\/v2\/media?parent=8944"}],"curies":[{"name":"wp","href":"https:\/\/api.w.org\/{rel}","templated":true}]}}