{"id":4919,"date":"2021-07-01T11:34:05","date_gmt":"2021-07-01T09:34:05","guid":{"rendered":"https:\/\/micdrop.qodeinteractive.com\/?page_id=4919"},"modified":"2023-01-09T23:12:00","modified_gmt":"2023-01-09T22:12:00","slug":"politique-en-matiere-de-cookies","status":"publish","type":"page","link":"https:\/\/colorfest.it\/fr\/cookie-policy\/","title":{"rendered":"Politique en mati\u00e8re de cookies"},"content":{"rendered":"<div data-elementor-type=\"wp-page\" data-elementor-id=\"4919\" class=\"elementor elementor-4919\" data-elementor-post-type=\"page\">\n\t\t\t\t\t\t<section class=\"elementor-section elementor-top-section elementor-element elementor-element-73e9d22 elementor-section-full_width elementor-section-height-default elementor-section-height-default\" data-id=\"73e9d22\" data-element_type=\"section\" data-e-type=\"section\">\n\t\t\t\t\t\t<div class=\"elementor-container elementor-column-gap-default\">\n\t\t\t\t\t<div class=\"elementor-column elementor-col-100 elementor-top-column elementor-element elementor-element-d6d2caf\" data-id=\"d6d2caf\" data-element_type=\"column\" data-e-type=\"column\">\n\t\t\t<div class=\"elementor-widget-wrap elementor-element-populated\">\n\t\t\t\t\t\t<div class=\"elementor-element elementor-element-1d161a8 elementor-widget elementor-widget-text-editor\" data-id=\"1d161a8\" data-element_type=\"widget\" data-e-type=\"widget\" data-widget_type=\"text-editor.default\">\n\t\t\t\t<div class=\"elementor-widget-container\">\n\t\t\t\t\t\t\t\t\t<h6>&nbsp;<\/h6>\n<h1>Politique en mati\u00e8re de cookies<\/h1>\n<p>Ce site, comme beaucoup d'autres, utilise de petits fichiers appel\u00e9s cookies pour nous aider \u00e0 personnaliser votre exp\u00e9rience. Avec ce document, en vertu des articles 13 et 122 du d\u00e9cret l\u00e9gislatif 196\/2003 (\" Code de la confidentialit\u00e9 \"), ainsi que conform\u00e9ment aux dispositions de la Mesure g\u00e9n\u00e9rale du garant de la confidentialit\u00e9 du 8 mai 2014 n\u00b0 229, l'association Che Cosa Sono le Nuvole APS organisatrice du Color Fest fournit aux utilisateurs du site quelques informations sur les cookies utilis\u00e9s.<\/p>\n<h4>Que sont les cookies ?<\/h4>\n<p>Les biscuits, litt\u00e9ralement \"biscuits\", sont les informations que nous laissons sur les serveurs lors du passage sur le r\u00e9seau, ce sont de petits \u00e9l\u00e9ments de donn\u00e9es qui nous permettent d'am\u00e9liorer votre exp\u00e9rience de navigation. Si vous souhaitez d\u00e9sactiver l'utilisation des cookies, vous devez personnaliser les param\u00e8tres de votre ordinateur, du navigateur que vous utilisez, en param\u00e9trant la suppression de tous les cookies ou en activant un message d'avertissement lors de l'enregistrement des cookies. Pour continuer sans modifier l'application des cookies, il suffit de poursuivre la navigation.<\/p>\n<h4>Cookies techniques<\/h4>\n<p>Les cookies techniques sont utilis\u00e9s pour fournir un meilleur service \u00e0 la client\u00e8le en gardant la trace des choix du client, comme la langue ou les informations sur le compte. Les cookies de premi\u00e8re partie utilis\u00e9s par le site appartiennent exclusivement \u00e0 cette cat\u00e9gorie, sont g\u00e9r\u00e9s directement par le propri\u00e9taire et\/ou l'op\u00e9rateur du site web, et permettent une bonne navigation sur le site.<\/p>\n<h4>Cookies analytiques<\/h4>\n<p>Ces cookies sont utilis\u00e9s pour traiter des analyses statistiques sur la fa\u00e7on dont les utilisateurs naviguent sur notre site. Les r\u00e9sultats de ces analyses sont collect\u00e9s de mani\u00e8re anonyme et uniquement \u00e0 des fins statistiques uniquement si le prestataire de services utilise des cookies en lien avec le navigateur utilis\u00e9 ou sur d'autres appareils utilis\u00e9s pour naviguer sur le site. Le site utilise certains services tiers qui installent ind\u00e9pendamment leurs propres cookies.<\/p>\n<h4>Cookies de marketing et de profilage<\/h4>\n<p>Ces cookies ont pour but de cr\u00e9er des profils vous concernant afin de vous envoyer des messages marketing correspondant aux pr\u00e9f\u00e9rences que vous avez exprim\u00e9es lors de votre visite ou d'am\u00e9liorer votre exp\u00e9rience de navigation. Les cookies tiers sont ceux envoy\u00e9s par des soci\u00e9t\u00e9s tierces auxquelles nous faisons confiance. Ces cookies nous permettent de vous proposer notre proposition marketing sur d'autres sites web affili\u00e9s (retargeting). Pour les cookies tiers, nous n'avons aucun contr\u00f4le sur les informations fournies par le cookie et n'avons pas acc\u00e8s \u00e0 ces donn\u00e9es. Ces informations sont enti\u00e8rement contr\u00f4l\u00e9es par les soci\u00e9t\u00e9s tierces, comme d\u00e9crit dans leurs politiques de confidentialit\u00e9 respectives.<\/p>\n<h4>Cookies de r\u00e9seaux sociaux<\/h4>\n<p>Ces cookies sont n\u00e9cessaires pour permettre \u00e0 votre compte social d'interagir avec notre site. Ils sont utilis\u00e9s, par exemple, pour vous permettre d'exprimer votre appr\u00e9ciation et de la partager avec vos amis sociaux. Les cookies de r\u00e9seaux sociaux ne sont pas n\u00e9cessaires \u00e0 la navigation.<\/p>\n<h4>Embed content cookies<\/h4>\n<p>Ces cookies sont utilis\u00e9s pour afficher des contenus int\u00e9gr\u00e9s tels que des vid\u00e9os de Vimeo ou YouTube, ou des contenus provenant de m\u00e9dias sociaux. Pour plus d'informations sur les cookies tiers utilis\u00e9s par le site, l'utilisateur peut consulter les politiques correspondantes.<br>Facebook https:\/\/www.facebook.com\/help\/cookies\/<\/p><p><br>Twitter https:\/\/twitter.com\/privacy?lang=en<\/p><p><br>Youtube https:\/\/www.google.it\/intl\/it\/policies\/privacy\/<\/p><p><br>Google+ http:\/\/www.google.com\/policies\/technologies\/types\/<\/p><p><br>Pinterest https:\/\/about.pinterest.com\/it\/privacy-policy<\/p><p><br>Vimeo https:\/\/vimeo.com\/cookie_policy<\/p><p><br>Google http:\/\/www.google.it\/intl\/it_it\/policies\/technologies\/types\/<\/p>\n<h4>Comment donner son consentement<\/h4>\n<p>L'utilisateur peut donner son consentement \u00e0 l'utilisation des cookies en cliquant sur OK ou sur le \"X\" du bandeau d'information pr\u00e9sent sur les pages du site ou en poursuivant simplement sa navigation.<\/p>\n<h4>Comment d\u00e9sactiver les cookies<\/h4>\n<p>Il est g\u00e9n\u00e9ralement possible d'emp\u00eacher l'acceptation des cookies d'un site web particulier. Toutefois, certaines fonctions du site seront d\u00e9sactiv\u00e9es ou risquent de ne pas fonctionner correctement.<br><a href=\"https:\/\/colorfest.it\/fr\/politique-en-matiere-de-cookies\/windows.microsoft.com\/en-gb\/internet-explorer\/delete-manage-cookies\/#ie=ie-10\">Param\u00e8tres des cookies dans Internet Explorer<\/a>\u2028<br><a href=\"https:\/\/colorfest.it\/fr\/politique-en-matiere-de-cookies\/support.mozilla.com\/en-us\/kb\/cookies\/\">Param\u00e8tres des cookies dans Firefox<\/a><br><a href=\"https:\/\/support.google.com\/chrome\/answer\/95647?hl=en&amp;ref_topic=14666\">Param\u00e8tres des cookies dans Chrome<\/a><br><a href=\"https:\/\/colorfest.it\/fr\/politique-en-matiere-de-cookies\/support.apple.com\/kb\/ph5042\/\">Param\u00e8tres des cookies dans Safari web<\/a>&nbsp;e&nbsp;<a href=\"https:\/\/colorfest.it\/fr\/politique-en-matiere-de-cookies\/support.apple.com\/kb\/ht1677\/\">iOS<\/a>.<\/p>\n<h4>Responsable du traitement des donn\u00e9es<\/h4>\n<p>Le contr\u00f4leur des donn\u00e9es est l'association Che Cosa Sono le Nuvole APS qui organise le Color Fest.<\/p>\n<h4>Droits de la personne concern\u00e9e<\/h4>\n<p>Art. 7 du d\u00e9cret l\u00e9gislatif 196\/2003<\/p>\n<ol>\n<li>La personne concern\u00e9e a le droit d'obtenir la confirmation de l'existence ou non de donn\u00e9es personnelles la concernant, m\u00eame si elles ne sont pas encore enregistr\u00e9es, et leur communication sous une forme intelligible.<\/li>\n<li>La personne concern\u00e9e a le droit d'\u00eatre inform\u00e9e :<br>(a) l'origine des donn\u00e9es \u00e0 caract\u00e8re personnel ;<br>(b) les finalit\u00e9s et les m\u00e9thodes de traitement ;<br>(c) la logique appliqu\u00e9e en cas de traitement effectu\u00e9 \u00e0 l'aide d'instruments \u00e9lectroniques ;<br>(d) les \u00e9l\u00e9ments d'identification du titulaire, des personnes responsables et du repr\u00e9sentant d\u00e9sign\u00e9 conform\u00e9ment \u00e0 l'article 5, paragraphe 2 ;<br>e) les sujets ou cat\u00e9gories de sujets auxquels les donn\u00e9es personnelles peuvent \u00eatre communiqu\u00e9es ou qui peuvent en prendre connaissance en qualit\u00e9 de repr\u00e9sentant d\u00e9sign\u00e9 sur le territoire de l'\u00c9tat, de responsables ou de pr\u00e9pos\u00e9s.<\/li>\n<li>La personne concern\u00e9e a le droit d'obtenir : a) la mise \u00e0 jour, la rectification ou, si elle y a int\u00e9r\u00eat, l'int\u00e9gration des donn\u00e9es ;<br>b) l'effacement, la transformation sous forme anonyme ou le blocage des donn\u00e9es trait\u00e9es en violation de la loi, y compris les donn\u00e9es dont la conservation n'est pas n\u00e9cessaire au regard des finalit\u00e9s pour lesquelles les donn\u00e9es ont \u00e9t\u00e9 collect\u00e9es ou trait\u00e9es ult\u00e9rieurement ;<br>c) l'attestation que les op\u00e9rations vis\u00e9es aux points a) et b) ont \u00e9t\u00e9 port\u00e9es \u00e0 la connaissance, \u00e9galement en ce qui concerne leur contenu, de ceux \u00e0 qui les donn\u00e9es ont \u00e9t\u00e9 communiqu\u00e9es ou diffus\u00e9es, sauf si cela s'av\u00e8re impossible ou implique un effort manifestement disproportionn\u00e9 par rapport au droit prot\u00e9g\u00e9.<\/li>\n<li>L'int\u00e9ress\u00e9 a le droit de s'opposer, en tout ou en partie : a) pour des motifs l\u00e9gitimes, au traitement des donn\u00e9es personnelles qui le concernent, m\u00eame si elles sont pertinentes au but de la collecte ; b) au traitement des donn\u00e9es personnelles qui le concernent, lorsqu'il est effectu\u00e9 \u00e0 des fins d'envoi de mat\u00e9riel publicitaire ou de vente directe ou encore pour la r\u00e9alisation d'\u00e9tudes de march\u00e9 ou de communication commerciale.<\/li>\n<\/ol>\t\t\t\t\t\t\t\t<\/div>\n\t\t\t\t<\/div>\n\t\t\t\t\t<\/div>\n\t\t<\/div>\n\t\t\t\t\t<\/div>\n\t\t<\/section>\n\t\t\t\t<section class=\"elementor-section elementor-top-section elementor-element elementor-element-6054091 elementor-section-full_width elementor-section-height-default elementor-section-height-default\" data-id=\"6054091\" data-element_type=\"section\" data-e-type=\"section\">\n\t\t\t\t\t\t<div class=\"elementor-container elementor-column-gap-default\">\n\t\t\t\t\t<div class=\"elementor-column elementor-col-33 elementor-top-column elementor-element elementor-element-1ba93d4\" data-id=\"1ba93d4\" data-element_type=\"column\" data-e-type=\"column\">\n\t\t\t<div class=\"elementor-widget-wrap\">\n\t\t\t\t\t\t\t<\/div>\n\t\t<\/div>\n\t\t\t\t<div class=\"elementor-column elementor-col-33 elementor-top-column elementor-element elementor-element-bbf00e0\" data-id=\"bbf00e0\" data-element_type=\"column\" data-e-type=\"column\">\n\t\t\t<div class=\"elementor-widget-wrap elementor-element-populated\">\n\t\t\t\t\t\t<div class=\"elementor-element elementor-element-4b25036 elementor-widget elementor-widget-button\" data-id=\"4b25036\" data-element_type=\"widget\" data-e-type=\"widget\" data-widget_type=\"button.default\">\n\t\t\t\t<div class=\"elementor-widget-container\">\n\t\t\t\t\t\t\t\t\t<div class=\"elementor-button-wrapper\">\n\t\t\t\t\t<a class=\"elementor-button elementor-button-link elementor-size-sm\" href=\"https:\/\/colorfest.it\/fr\/\">\n\t\t\t\t\t\t<span class=\"elementor-button-content-wrapper\">\n\t\t\t\t\t\t\t\t\t<span class=\"elementor-button-text\">retour au site<\/span>\n\t\t\t\t\t<\/span>\n\t\t\t\t\t<\/a>\n\t\t\t\t<\/div>\n\t\t\t\t\t\t\t\t<\/div>\n\t\t\t\t<\/div>\n\t\t\t\t\t<\/div>\n\t\t<\/div>\n\t\t\t\t<div class=\"elementor-column elementor-col-33 elementor-top-column elementor-element elementor-element-a989fbf\" data-id=\"a989fbf\" data-element_type=\"column\" data-e-type=\"column\">\n\t\t\t<div class=\"elementor-widget-wrap\">\n\t\t\t\t\t\t\t<\/div>\n\t\t<\/div>\n\t\t\t\t\t<\/div>\n\t\t<\/section>\n\t\t\t\t<\/div>","protected":false},"excerpt":{"rendered":"<p>&nbsp; Cookie policy Questo sito, come molti altri, utilizza piccoli file, chiamati cookie per aiutarci a personalizzare la tua esperienza. Con il presente documento, ai sensi degli artt. 13 e 122 del D. Lgs. 196\/2003 (\u201ccodice privacy\u201d), nonch\u00e9 in base a quanto previsto dal Provvedimento generale del Garante privacy dell\u20198 maggio 2014 n\u00b0 229, Che [&hellip;]<\/p>\n","protected":false},"author":7,"featured_media":0,"parent":0,"menu_order":0,"comment_status":"closed","ping_status":"closed","template":"","meta":{"_acf_changed":false,"footnotes":""},"class_list":["post-4919","page","type-page","status-publish","hentry"],"acf":[],"yoast_head":"<!-- This site is optimized with the Yoast SEO Premium plugin v27.3 (Yoast SEO v27.4) - https:\/\/yoast.com\/product\/yoast-seo-premium-wordpress\/ -->\n<title>Color Fest 11 - 12 - 13 Agosto 2026| in Calabria<\/title>\n<meta name=\"description\" content=\"Color Fest - Festival di Musica, dal 2013 punto di riferimento per la musica dal vivo &gt;&gt; 11 - 12 - 13 Agosto 2026 Lungomare Falcone Borsellino.\" \/>\n<meta name=\"robots\" content=\"noindex, nofollow\" \/>\n<meta property=\"og:locale\" content=\"fr_FR\" \/>\n<meta property=\"og:type\" content=\"article\" \/>\n<meta property=\"og:title\" content=\"Cookie Policy\" \/>\n<meta property=\"og:description\" content=\"Color Fest - Festival di Musica, dal 2013 punto di riferimento per la musica dal vivo &gt;&gt; 11 - 12 - 13 Agosto 2026 Lungomare Falcone Borsellino.\" \/>\n<meta property=\"og:url\" content=\"https:\/\/colorfest.it\/fr\/politique-en-matiere-de-cookies\/\" \/>\n<meta property=\"og:site_name\" content=\"Color Fest - Festival di Musica | 11 - 12 - 13 Agosto 2026 | in Calabria\" \/>\n<meta property=\"article:publisher\" content=\"http:\/\/facebook.com\/colorfestlamezia\/\" \/>\n<meta property=\"article:modified_time\" content=\"2023-01-09T22:12:00+00:00\" \/>\n<meta property=\"og:image\" content=\"https:\/\/colorfest.it\/wp-content\/uploads\/2024\/08\/DSCF3400.jpg\" \/>\n\t<meta property=\"og:image:width\" content=\"1600\" \/>\n\t<meta property=\"og:image:height\" content=\"1067\" \/>\n\t<meta property=\"og:image:type\" content=\"image\/jpeg\" \/>\n<meta name=\"twitter:card\" content=\"summary_large_image\" \/>\n<meta name=\"twitter:label1\" content=\"Dur\u00e9e de lecture estim\u00e9e\" \/>\n\t<meta name=\"twitter:data1\" content=\"5 minutes\" \/>\n<script type=\"application\/ld+json\" class=\"yoast-schema-graph\">{\"@context\":\"https:\\\/\\\/schema.org\",\"@graph\":[{\"@type\":\"WebPage\",\"@id\":\"https:\\\/\\\/colorfest.it\\\/cookie-policy\\\/\",\"url\":\"https:\\\/\\\/colorfest.it\\\/cookie-policy\\\/\",\"name\":\"Color Fest 11 - 12 - 13 Agosto 2026| in Calabria\",\"isPartOf\":{\"@id\":\"https:\\\/\\\/colorfest.it\\\/#website\"},\"datePublished\":\"2021-07-01T09:34:05+00:00\",\"dateModified\":\"2023-01-09T22:12:00+00:00\",\"description\":\"Color Fest - Festival di Musica, dal 2013 punto di riferimento per la musica dal vivo >> 11 - 12 - 13 Agosto 2026 Lungomare Falcone Borsellino.\",\"breadcrumb\":{\"@id\":\"https:\\\/\\\/colorfest.it\\\/cookie-policy\\\/#breadcrumb\"},\"inLanguage\":\"fr-FR\",\"potentialAction\":[{\"@type\":\"ReadAction\",\"target\":[\"https:\\\/\\\/colorfest.it\\\/cookie-policy\\\/\"]}]},{\"@type\":\"BreadcrumbList\",\"@id\":\"https:\\\/\\\/colorfest.it\\\/cookie-policy\\\/#breadcrumb\",\"itemListElement\":[{\"@type\":\"ListItem\",\"position\":1,\"name\":\"Home\",\"item\":\"https:\\\/\\\/colorfest.it\\\/\"},{\"@type\":\"ListItem\",\"position\":2,\"name\":\"Cookie Policy\"}]},{\"@type\":\"WebSite\",\"@id\":\"https:\\\/\\\/colorfest.it\\\/#website\",\"url\":\"https:\\\/\\\/colorfest.it\\\/\",\"name\":\"Color Fest - Festival di Musica | 11 - 12 - 13 Agosto 2026 | in Calabria\",\"description\":\"Color Fest - Festival di Musica, dal 2013 punto di riferimento per la musica dal vivo &gt;&gt; 11 - 12 - 13 Agosto 2026 Lungomare Falcone Borsellino.\",\"publisher\":{\"@id\":\"https:\\\/\\\/colorfest.it\\\/#organization\"},\"alternateName\":\"Color Fest - Festival di Musica | 11 - 12 - 13 Agosto 2026 @Lungomare Falcone Borsellino\",\"potentialAction\":[{\"@type\":\"SearchAction\",\"target\":{\"@type\":\"EntryPoint\",\"urlTemplate\":\"https:\\\/\\\/colorfest.it\\\/?s={search_term_string}\"},\"query-input\":{\"@type\":\"PropertyValueSpecification\",\"valueRequired\":true,\"valueName\":\"search_term_string\"}}],\"inLanguage\":\"fr-FR\"},{\"@type\":\"Organization\",\"@id\":\"https:\\\/\\\/colorfest.it\\\/#organization\",\"name\":\"Che cosa sono le nuvole APS\",\"alternateName\":\"Color Fest\",\"url\":\"https:\\\/\\\/colorfest.it\\\/\",\"logo\":{\"@type\":\"ImageObject\",\"inLanguage\":\"fr-FR\",\"@id\":\"https:\\\/\\\/colorfest.it\\\/#\\\/schema\\\/logo\\\/image\\\/\",\"url\":\"https:\\\/\\\/colorfest.it\\\/wp-content\\\/uploads\\\/2022\\\/03\\\/checosasonolenuvole.png\",\"contentUrl\":\"https:\\\/\\\/colorfest.it\\\/wp-content\\\/uploads\\\/2022\\\/03\\\/checosasonolenuvole.png\",\"width\":952,\"height\":844,\"caption\":\"Che cosa sono le nuvole APS\"},\"image\":{\"@id\":\"https:\\\/\\\/colorfest.it\\\/#\\\/schema\\\/logo\\\/image\\\/\"},\"sameAs\":[\"http:\\\/\\\/facebook.com\\\/colorfestlamezia\\\/\",\"http:\\\/\\\/instagram.com\\\/color_fest_\\\/\",\"https:\\\/\\\/www.linkedin.com\\\/company\\\/color-fest\\\/\"],\"description\":\"Color Fest - Festival di Musica, dal 2013 punto di riferimento per la musica dal vivo >> 11 - 12 - 13 Agosto 2026 Lungomare Falcone Borsellino.\",\"email\":\"scrivi@colorfest.it\",\"legalName\":\"Che cosa sono le nuvole APS\",\"foundingDate\":\"2012-10-12\",\"vatID\":\"03309120792\",\"taxID\":\"92029190797\",\"numberOfEmployees\":{\"@type\":\"QuantitativeValue\",\"minValue\":\"11\",\"maxValue\":\"50\"}}]}<\/script>\n<!-- \/ Yoast SEO Premium plugin. -->","yoast_head_json":{"title":"Color Fest 11 - 12 - 13 ao\u00fbt 2026| en Calabre","description":"Color Fest - Festival de musique, depuis 2013 un point de r\u00e9f\u00e9rence pour la musique live &gt;&gt; 11 - 12 - 13 ao\u00fbt 2026 Lungomare Falcone Borsellino","robots":{"index":"noindex","follow":"nofollow"},"og_locale":"fr_FR","og_type":"article","og_title":"Cookie Policy","og_description":"Color Fest - Festival di Musica, dal 2013 punto di riferimento per la musica dal vivo >> 11 - 12 - 13 Agosto 2026 Lungomare Falcone Borsellino.","og_url":"https:\/\/colorfest.it\/fr\/politique-en-matiere-de-cookies\/","og_site_name":"Color Fest - Festival di Musica | 11 - 12 - 13 Agosto 2026 | in Calabria","article_publisher":"http:\/\/facebook.com\/colorfestlamezia\/","article_modified_time":"2023-01-09T22:12:00+00:00","og_image":[{"width":1600,"height":1067,"url":"https:\/\/colorfest.it\/wp-content\/uploads\/2024\/08\/DSCF3400.jpg","type":"image\/jpeg"}],"twitter_card":"summary_large_image","twitter_misc":{"Dur\u00e9e de lecture estim\u00e9e":"5 minutes"},"schema":{"@context":"https:\/\/schema.org","@graph":[{"@type":"WebPage","@id":"https:\/\/colorfest.it\/cookie-policy\/","url":"https:\/\/colorfest.it\/cookie-policy\/","name":"Color Fest 11 - 12 - 13 ao\u00fbt 2026| en Calabre","isPartOf":{"@id":"https:\/\/colorfest.it\/#website"},"datePublished":"2021-07-01T09:34:05+00:00","dateModified":"2023-01-09T22:12:00+00:00","description":"Color Fest - Festival de musique, depuis 2013 un point de r\u00e9f\u00e9rence pour la musique live &gt;&gt; 11 - 12 - 13 ao\u00fbt 2026 Lungomare Falcone Borsellino","breadcrumb":{"@id":"https:\/\/colorfest.it\/cookie-policy\/#breadcrumb"},"inLanguage":"fr-FR","potentialAction":[{"@type":"ReadAction","target":["https:\/\/colorfest.it\/cookie-policy\/"]}]},{"@type":"BreadcrumbList","@id":"https:\/\/colorfest.it\/cookie-policy\/#breadcrumb","itemListElement":[{"@type":"ListItem","position":1,"name":"Home","item":"https:\/\/colorfest.it\/"},{"@type":"ListItem","position":2,"name":"Cookie Policy"}]},{"@type":"WebSite","@id":"https:\/\/colorfest.it\/#website","url":"https:\/\/colorfest.it\/","name":"Color Fest - Festival de musique | 11 - 12 - 13 ao\u00fbt 2026 | en Calabre","description":"Color Fest - Festival de musique, depuis 2013 un point de r\u00e9f\u00e9rence pour la musique live &gt;&gt; 11 - 12 - 13 ao\u00fbt 2026 Lungomare Falcone Borsellino","publisher":{"@id":"https:\/\/colorfest.it\/#organization"},"alternateName":"Color Fest - Festival di Musica | 11 - 12 - 13 Agosto 2026 @Lungomare Falcone Borsellino","potentialAction":[{"@type":"SearchAction","target":{"@type":"EntryPoint","urlTemplate":"https:\/\/colorfest.it\/?s={search_term_string}"},"query-input":{"@type":"PropertyValueSpecification","valueRequired":true,"valueName":"search_term_string"}}],"inLanguage":"fr-FR"},{"@type":"Organization","@id":"https:\/\/colorfest.it\/#organization","name":"Que sont les nuages APS","alternateName":"Color Fest","url":"https:\/\/colorfest.it\/","logo":{"@type":"ImageObject","inLanguage":"fr-FR","@id":"https:\/\/colorfest.it\/#\/schema\/logo\/image\/","url":"https:\/\/colorfest.it\/wp-content\/uploads\/2022\/03\/checosasonolenuvole.png","contentUrl":"https:\/\/colorfest.it\/wp-content\/uploads\/2022\/03\/checosasonolenuvole.png","width":952,"height":844,"caption":"Che cosa sono le nuvole APS"},"image":{"@id":"https:\/\/colorfest.it\/#\/schema\/logo\/image\/"},"sameAs":["http:\/\/facebook.com\/colorfestlamezia\/","http:\/\/instagram.com\/color_fest_\/","https:\/\/www.linkedin.com\/company\/color-fest\/"],"description":"Color Fest - Festival de musique, depuis 2013 un point de r\u00e9f\u00e9rence pour la musique live &gt;&gt; 11 - 12 - 13 ao\u00fbt 2026 Lungomare Falcone Borsellino","email":"scrivi@colorfest.it","legalName":"Che cosa sono le nuvole APS","foundingDate":"2012-10-12","vatID":"03309120792","taxID":"92029190797","numberOfEmployees":{"@type":"QuantitativeValue","minValue":"11","maxValue":"50"}}]}},"_links":{"self":[{"href":"https:\/\/colorfest.it\/fr\/wp-json\/wp\/v2\/pages\/4919","targetHints":{"allow":["GET"]}}],"collection":[{"href":"https:\/\/colorfest.it\/fr\/wp-json\/wp\/v2\/pages"}],"about":[{"href":"https:\/\/colorfest.it\/fr\/wp-json\/wp\/v2\/types\/page"}],"author":[{"embeddable":true,"href":"https:\/\/colorfest.it\/fr\/wp-json\/wp\/v2\/users\/7"}],"replies":[{"embeddable":true,"href":"https:\/\/colorfest.it\/fr\/wp-json\/wp\/v2\/comments?post=4919"}],"version-history":[{"count":0,"href":"https:\/\/colorfest.it\/fr\/wp-json\/wp\/v2\/pages\/4919\/revisions"}],"wp:attachment":[{"href":"https:\/\/colorfest.it\/fr\/wp-json\/wp\/v2\/media?parent=4919"}],"curies":[{"name":"wp","href":"https:\/\/api.w.org\/{rel}","templated":true}]}}