{"id":17312,"date":"2024-07-03T14:04:27","date_gmt":"2024-07-03T12:04:27","guid":{"rendered":"https:\/\/colorfest.it\/?page_id=17312"},"modified":"2025-08-18T15:12:37","modified_gmt":"2025-08-18T13:12:37","slug":"reglement","status":"publish","type":"page","link":"https:\/\/colorfest.it\/fr\/regolamento\/","title":{"rendered":"R\u00e8glement du festival"},"content":{"rendered":"<div data-elementor-type=\"wp-page\" data-elementor-id=\"17312\" class=\"elementor elementor-17312\" data-elementor-post-type=\"page\">\n\t\t\t\t\t\t<section class=\"elementor-section elementor-top-section elementor-element elementor-element-f1cdd8d elementor-section-full_width elementor-section-height-default elementor-section-height-default\" data-id=\"f1cdd8d\" data-element_type=\"section\" data-e-type=\"section\">\n\t\t\t\t\t\t<div class=\"elementor-container elementor-column-gap-default\">\n\t\t\t\t\t<div class=\"elementor-column elementor-col-100 elementor-top-column elementor-element elementor-element-f536c54\" data-id=\"f536c54\" data-element_type=\"column\" data-e-type=\"column\" data-settings=\"{&quot;background_background&quot;:&quot;classic&quot;}\">\n\t\t\t<div class=\"elementor-widget-wrap elementor-element-populated\">\n\t\t\t\t\t\t<div class=\"elementor-element elementor-element-e678618 elementor-widget elementor-widget-spacer\" data-id=\"e678618\" data-element_type=\"widget\" data-e-type=\"widget\" data-widget_type=\"spacer.default\">\n\t\t\t\t<div class=\"elementor-widget-container\">\n\t\t\t\t\t\t\t<div class=\"elementor-spacer\">\n\t\t\t<div class=\"elementor-spacer-inner\"><\/div>\n\t\t<\/div>\n\t\t\t\t\t\t<\/div>\n\t\t\t\t<\/div>\n\t\t\t\t\t<\/div>\n\t\t<\/div>\n\t\t\t\t\t<\/div>\n\t\t<\/section>\n\t\t\t\t<section class=\"elementor-section elementor-top-section elementor-element elementor-element-ab8b877 elementor-section-full_width elementor-section-content-middle elementor-section-height-default elementor-section-height-default\" data-id=\"ab8b877\" data-element_type=\"section\" data-e-type=\"section\">\n\t\t\t\t\t\t<div class=\"elementor-container elementor-column-gap-default\">\n\t\t\t\t\t<div class=\"elementor-column elementor-col-100 elementor-top-column elementor-element elementor-element-efbc911\" data-id=\"efbc911\" data-element_type=\"column\" data-e-type=\"column\">\n\t\t\t<div class=\"elementor-widget-wrap elementor-element-populated\">\n\t\t\t\t\t\t<div class=\"elementor-element elementor-element-0c8e316 elementor-widget elementor-widget-heading\" data-id=\"0c8e316\" data-element_type=\"widget\" data-e-type=\"widget\" data-widget_type=\"heading.default\">\n\t\t\t\t<div class=\"elementor-widget-container\">\n\t\t\t\t\t<h1 class=\"elementor-heading-title elementor-size-default\">Bienvenue* \u00e0 la <br>F\u00eate des couleurs !<\/h1>\t\t\t\t<\/div>\n\t\t\t\t<\/div>\n\t\t\t\t<div class=\"elementor-element elementor-element-97b0b99 elementor-widget elementor-widget-heading\" data-id=\"97b0b99\" data-element_type=\"widget\" data-e-type=\"widget\" data-widget_type=\"heading.default\">\n\t\t\t\t<div class=\"elementor-widget-container\">\n\t\t\t\t\t<h1 class=\"elementor-heading-title elementor-size-default\">R\u00e8glement :<\/h1>\t\t\t\t<\/div>\n\t\t\t\t<\/div>\n\t\t\t\t<div class=\"elementor-element elementor-element-b233a55 elementor-widget elementor-widget-text-editor\" data-id=\"b233a55\" data-element_type=\"widget\" data-e-type=\"widget\" data-widget_type=\"text-editor.default\">\n\t\t\t\t<div class=\"elementor-widget-container\">\n\t\t\t\t\t\t\t\t\t<p>Afin de garantir une exp\u00e9rience s\u00fbre et agr\u00e9able \u00e0 tous les participants, veuillez lire et respecter les r\u00e8gles suivantes :<\/p>\n<p><strong>1. Introduction<\/strong> Les r\u00e8gles d\u00e9crites ici ont \u00e9t\u00e9 \u00e9tablies pour assurer la s\u00e9curit\u00e9, la sant\u00e9 et le bien-\u00eatre de tous les participants \u00e0 la Color Fest. La coop\u00e9ration de chaque participant est cruciale pour le succ\u00e8s de l'\u00e9v\u00e9nement.<\/p>\n<p><strong>2. Interdiction d'introduire des aliments et des boissons en provenance de l'ext\u00e9rieur<\/strong> Pour des raisons de s\u00e9curit\u00e9 et de responsabilit\u00e9, il est interdit d'apporter de la nourriture et des boissons de l'ext\u00e9rieur dans l'espace de concert du Color Fest. Cette interdiction a \u00e9t\u00e9 adopt\u00e9e conform\u00e9ment aux r\u00e9glementations locales et nationales, ainsi que pour garantir la qualit\u00e9 et la s\u00e9curit\u00e9 des aliments consomm\u00e9s dans le cadre du festival.<\/p>\n<p><strong>3. Zones d'alimentation et de boissons<\/strong> Dans l'enceinte de la salle de concert, des <b>Espaces ALIMENTS et BOISSONS<\/b> o\u00f9 un large \u00e9ventail de nourriture et de boissons sera propos\u00e9. L'offre comprendra des alternatives v\u00e9g\u00e9taliennes, v\u00e9g\u00e9tariennes, sans viande et sans gluten, ainsi que des boissons non alcoolis\u00e9es pour r\u00e9pondre aux diff\u00e9rents besoins alimentaires des participants. Pour les besoins particuliers li\u00e9s \u00e0 <u><b>maladie c\u0153liaque<\/b><\/u> et la contamination par le gluten, les personnes atteintes de maladie c\u0153liaque seront autoris\u00e9es \u00e0 apporter des aliments sp\u00e9cifiques de l'ext\u00e9rieur. (voir point 4)<\/p>\n<p><strong>4. Exceptions pour les c\u0153liaques<\/strong> Nous reconnaissons l'importance d'offrir des options s\u00fbres aux participants ayant des besoins alimentaires particuliers, tels que ceux atteints de la maladie c\u0153liaque. C'est pourquoi, <u>il sera permis d'apporter des aliments sp\u00e9cifiquement destin\u00e9s aux c\u0153liaques<\/u> afin d'\u00e9viter la contamination par le gluten, qui est difficile \u00e0 contr\u00f4ler.<\/p>\n<p><strong>5. Responsabilit\u00e9<\/strong> La d\u00e9cision d'interdire l'introduction d'aliments provenant de l'ext\u00e9rieur a \u00e9t\u00e9 prise pour garantir :<\/p>\n<ul>\n<li>La <b>s\u00e9curit\u00e9<\/b> alimentation : en surveillant et en contr\u00f4lant la qualit\u00e9 des aliments propos\u00e9s, nous pouvons pr\u00e9venir d'\u00e9ventuelles intoxications ou r\u00e9actions allergiques.<\/li>\n<li>Le site <b>respect de la r\u00e9glementation<\/b> en vigueur : conform\u00e9ment aux directives des autorit\u00e9s sanitaires locales et nationales, nous veillons au respect des r\u00e8gles d'hygi\u00e8ne et de s\u00e9curit\u00e9 alimentaire.<\/li>\n<li>La <b>la durabilit\u00e9<\/b> du festival : en soutenant les vendeurs locaux et en garantissant un approvisionnement alimentaire vari\u00e9 et contr\u00f4l\u00e9, nous favorisons un environnement plus durable et mieux organis\u00e9.<\/li>\n<\/ul>\n<div>&nbsp;<\/div>\n<p><strong>6. R\u00e8gles g\u00e9n\u00e9rales de conduite<\/strong><\/p>\n<ul>\n<li><strong>Respecter le personnel et les autres participants<\/strong>Il est obligatoire de respecter toutes les instructions donn\u00e9es par le personnel du festival. Aucun comportement offensif, violent ou harcelant ne sera tol\u00e9r\u00e9.<\/li>\n<li><strong>Respect de l'environnement<\/strong>Les participants sont pri\u00e9s de garder la zone propre et d'utiliser les conteneurs de d\u00e9chets appropri\u00e9s. Les participants sont pri\u00e9s de garder la zone propre et d'utiliser les conteneurs de d\u00e9chets appropri\u00e9s.<\/li>\n<li><strong>Fum\u00e9e<\/strong>Fumer : Il est interdit de fumer en dehors des zones d\u00e9sign\u00e9es et\/ou \u00e0 proximit\u00e9 des zones sensibles.<\/li>\n<li><strong>S\u00e9curit\u00e9<\/strong>L'acc\u00e8s \u00e0 la zone de concert n'est autoris\u00e9 que par les points d'entr\u00e9e officiels. Il est interdit d'apporter des objets dangereux (tels que des armes, des substances explosives, etc.) et tout autre objet pouvant mettre en danger la s\u00e9curit\u00e9 des participants.<\/li>\n<li><strong>Respect des r\u00e9glementations en vigueur<\/strong>Les participants doivent respecter les lois locales et nationales, y compris les r\u00e8glements concernant la consommation d'alcool et de drogues.<\/li>\n<li><strong>Billet<\/strong>Les participants doivent conserver leurs billets sous forme num\u00e9rique pendant toute la dur\u00e9e de l'\u00e9v\u00e9nement et les montrer \u00e0 la demande du personnel de s\u00e9curit\u00e9. Les participants doivent conserver leurs billets sous forme num\u00e9rique pendant toute la dur\u00e9e de l'\u00e9v\u00e9nement et les pr\u00e9senter \u00e0 la demande du personnel de s\u00e9curit\u00e9. Les billets peuvent \u00eatre achet\u00e9s \u00e0 l'adresse suivante <a href=\"https:\/\/colorfest.it\/fr\/arbre\/\">DICE<\/a> en cliquant sur le lien suivant &gt;&gt;. <a href=\"https:\/\/colorfest.it\/fr\/arbre\/\">https:\/\/colorfest.it\/tree\/<\/a>.<\/li>\n<li><strong>Mineurs<\/strong>: Participants <b>moins de 16 ans<\/b> doivent \u00eatre accompagn\u00e9s d'un adulte responsable (\u00e2g\u00e9 d'au moins 18 ans). <br>- <b>Moins de 10 ans<\/b>: Tous <b>les enfants de moins de 10 ans entrent gratuitement au festival<\/b>&nbsp;et n'ont pas besoin de suivre une proc\u00e9dure particuli\u00e8re pour entrer dans le festival, si ce n'est qu'ils doivent \u00eatre accompagn\u00e9s d'un adulte.<\/li>\n<\/ul>\n<div>&nbsp;<\/div>\n<p>&gt;&gt; Nous remercions tous les participants pour leur coop\u00e9ration et leur compr\u00e9hension.&nbsp;<br><span style=\"color: var( --e-global-color-9cf77ba ); letter-spacing: 0.35px;\">Le respect de ces r\u00e8gles contribuera \u00e0 faire de la f\u00eate des couleurs une exp\u00e9rience inoubliable pour tous.<\/span><\/p>\n<p>&gt;&gt; Pour de plus amples informations ou des \u00e9claircissements, veuillez envoyer un courriel \u00e0 <a href=\"mailto:scrivi@colorfest.it\">scrivi@colorfest.it<\/a><\/p>\n<p style=\"text-align: center;\">Amusez-vous bien et merci de votre participation !<\/p>\n<p style=\"text-align: center;\"><strong>La gestion de la f\u00eate de la couleur<\/strong><\/p>\t\t\t\t\t\t\t\t<\/div>\n\t\t\t\t<\/div>\n\t\t\t\t<div class=\"elementor-element elementor-element-7ade433 elementor-align-center elementor-widget elementor-widget-button\" data-id=\"7ade433\" data-element_type=\"widget\" data-e-type=\"widget\" data-widget_type=\"button.default\">\n\t\t\t\t<div class=\"elementor-widget-container\">\n\t\t\t\t\t\t\t\t\t<div class=\"elementor-button-wrapper\">\n\t\t\t\t\t<a class=\"elementor-button elementor-button-link elementor-size-sm\" href=\"https:\/\/colorfest.it\/fr\/arbre\/\">\n\t\t\t\t\t\t<span class=\"elementor-button-content-wrapper\">\n\t\t\t\t\t\t\t\t\t<span class=\"elementor-button-text\">aller \u00e0 la maison<\/span>\n\t\t\t\t\t<\/span>\n\t\t\t\t\t<\/a>\n\t\t\t\t<\/div>\n\t\t\t\t\t\t\t\t<\/div>\n\t\t\t\t<\/div>\n\t\t\t\t\t<\/div>\n\t\t<\/div>\n\t\t\t\t\t<\/div>\n\t\t<\/section>\n\t\t\t\t<\/div>","protected":false},"excerpt":{"rendered":"<p>Benvenut* al Color Fest! Regolamento: Al fine di garantire un&#8217;esperienza sicura e piacevole per tutti i partecipanti, vi preghiamo di prendere visione e rispettare il seguente regolamento: 1. Introduzione Il regolamento qui descritto \u00e8 stato stabilito per assicurare la sicurezza, la salute e il benessere di tutti i partecipanti al Color Fest. La collaborazione di [&hellip;]<\/p>\n","protected":false},"author":7,"featured_media":17314,"parent":0,"menu_order":0,"comment_status":"closed","ping_status":"closed","template":"","meta":{"_acf_changed":false,"footnotes":""},"class_list":["post-17312","page","type-page","status-publish","has-post-thumbnail","hentry"],"acf":[],"yoast_head":"<!-- This site is optimized with the Yoast SEO Premium plugin v27.3 (Yoast SEO v27.4) - https:\/\/yoast.com\/product\/yoast-seo-premium-wordpress\/ -->\n<title>Regolamento Color Fest | 11 - 12 - 13 Agosto 2026<\/title>\n<meta name=\"description\" content=\"Regolamento Color Fest, scopri quali saranno le regole per una corretta fruizione del festival; cosa sar\u00e0 consentito e no durante il festival.\" \/>\n<meta name=\"robots\" content=\"index, follow, max-snippet:-1, max-image-preview:large, max-video-preview:-1\" \/>\n<link rel=\"canonical\" href=\"https:\/\/colorfest.it\/fr\/reglement\/\" \/>\n<meta property=\"og:locale\" content=\"fr_FR\" \/>\n<meta property=\"og:type\" content=\"article\" \/>\n<meta property=\"og:title\" content=\"Regolamento del festival\" \/>\n<meta property=\"og:description\" content=\"Color Fest - Festival di Musica, dal 2013 punto di riferimento per la musica dal vivo &gt;&gt; 11 - 12 - 13 Agosto 2026 Lungomare Falcone Borsellino.\" \/>\n<meta property=\"og:url\" content=\"https:\/\/colorfest.it\/fr\/reglement\/\" \/>\n<meta property=\"og:site_name\" content=\"Color Fest - Festival di Musica | 11 - 12 - 13 Agosto 2026 | in Calabria\" \/>\n<meta property=\"article:publisher\" content=\"http:\/\/facebook.com\/colorfestlamezia\/\" \/>\n<meta property=\"article:modified_time\" content=\"2025-08-18T13:12:37+00:00\" \/>\n<meta property=\"og:image\" content=\"https:\/\/colorfest.it\/wp-content\/uploads\/2024\/07\/Palco-Color-Fest-.jpg\" \/>\n\t<meta property=\"og:image:width\" content=\"1600\" \/>\n\t<meta property=\"og:image:height\" content=\"1067\" \/>\n\t<meta property=\"og:image:type\" content=\"image\/jpeg\" \/>\n<meta name=\"twitter:card\" content=\"summary_large_image\" \/>\n<meta name=\"twitter:label1\" content=\"Dur\u00e9e de lecture estim\u00e9e\" \/>\n\t<meta name=\"twitter:data1\" content=\"4 minutes\" \/>\n<script type=\"application\/ld+json\" class=\"yoast-schema-graph\">{\"@context\":\"https:\\\/\\\/schema.org\",\"@graph\":[{\"@type\":\"WebPage\",\"@id\":\"https:\\\/\\\/colorfest.it\\\/regolamento\\\/\",\"url\":\"https:\\\/\\\/colorfest.it\\\/regolamento\\\/\",\"name\":\"Regolamento Color Fest | 11 - 12 - 13 Agosto 2026\",\"isPartOf\":{\"@id\":\"https:\\\/\\\/colorfest.it\\\/#website\"},\"primaryImageOfPage\":{\"@id\":\"https:\\\/\\\/colorfest.it\\\/regolamento\\\/#primaryimage\"},\"image\":{\"@id\":\"https:\\\/\\\/colorfest.it\\\/regolamento\\\/#primaryimage\"},\"thumbnailUrl\":\"https:\\\/\\\/colorfest.it\\\/wp-content\\\/uploads\\\/2024\\\/07\\\/Palco-Color-Fest-.jpg\",\"datePublished\":\"2024-07-03T12:04:27+00:00\",\"dateModified\":\"2025-08-18T13:12:37+00:00\",\"description\":\"Regolamento Color Fest, scopri quali saranno le regole per una corretta fruizione del festival; cosa sar\u00e0 consentito e no durante il festival.\",\"breadcrumb\":{\"@id\":\"https:\\\/\\\/colorfest.it\\\/regolamento\\\/#breadcrumb\"},\"inLanguage\":\"fr-FR\",\"potentialAction\":[{\"@type\":\"ReadAction\",\"target\":[\"https:\\\/\\\/colorfest.it\\\/regolamento\\\/\"]}]},{\"@type\":\"ImageObject\",\"inLanguage\":\"fr-FR\",\"@id\":\"https:\\\/\\\/colorfest.it\\\/regolamento\\\/#primaryimage\",\"url\":\"https:\\\/\\\/colorfest.it\\\/wp-content\\\/uploads\\\/2024\\\/07\\\/Palco-Color-Fest-.jpg\",\"contentUrl\":\"https:\\\/\\\/colorfest.it\\\/wp-content\\\/uploads\\\/2024\\\/07\\\/Palco-Color-Fest-.jpg\",\"width\":1600,\"height\":1067,\"caption\":\"Palco Color Fest\"},{\"@type\":\"BreadcrumbList\",\"@id\":\"https:\\\/\\\/colorfest.it\\\/regolamento\\\/#breadcrumb\",\"itemListElement\":[{\"@type\":\"ListItem\",\"position\":1,\"name\":\"Home\",\"item\":\"https:\\\/\\\/colorfest.it\\\/\"},{\"@type\":\"ListItem\",\"position\":2,\"name\":\"Regolamento del festival\"}]},{\"@type\":\"WebSite\",\"@id\":\"https:\\\/\\\/colorfest.it\\\/#website\",\"url\":\"https:\\\/\\\/colorfest.it\\\/\",\"name\":\"Color Fest - Festival di Musica | 11 - 12 - 13 Agosto 2026 | in Calabria\",\"description\":\"Color Fest - Festival di Musica, dal 2013 punto di riferimento per la musica dal vivo &gt;&gt; 11 - 12 - 13 Agosto 2026 Lungomare Falcone Borsellino.\",\"publisher\":{\"@id\":\"https:\\\/\\\/colorfest.it\\\/#organization\"},\"alternateName\":\"Color Fest - Festival di Musica | 11 - 12 - 13 Agosto 2026 @Lungomare Falcone Borsellino\",\"potentialAction\":[{\"@type\":\"SearchAction\",\"target\":{\"@type\":\"EntryPoint\",\"urlTemplate\":\"https:\\\/\\\/colorfest.it\\\/?s={search_term_string}\"},\"query-input\":{\"@type\":\"PropertyValueSpecification\",\"valueRequired\":true,\"valueName\":\"search_term_string\"}}],\"inLanguage\":\"fr-FR\"},{\"@type\":\"Organization\",\"@id\":\"https:\\\/\\\/colorfest.it\\\/#organization\",\"name\":\"Che cosa sono le nuvole APS\",\"alternateName\":\"Color Fest\",\"url\":\"https:\\\/\\\/colorfest.it\\\/\",\"logo\":{\"@type\":\"ImageObject\",\"inLanguage\":\"fr-FR\",\"@id\":\"https:\\\/\\\/colorfest.it\\\/#\\\/schema\\\/logo\\\/image\\\/\",\"url\":\"https:\\\/\\\/colorfest.it\\\/wp-content\\\/uploads\\\/2022\\\/03\\\/checosasonolenuvole.png\",\"contentUrl\":\"https:\\\/\\\/colorfest.it\\\/wp-content\\\/uploads\\\/2022\\\/03\\\/checosasonolenuvole.png\",\"width\":952,\"height\":844,\"caption\":\"Che cosa sono le nuvole APS\"},\"image\":{\"@id\":\"https:\\\/\\\/colorfest.it\\\/#\\\/schema\\\/logo\\\/image\\\/\"},\"sameAs\":[\"http:\\\/\\\/facebook.com\\\/colorfestlamezia\\\/\",\"http:\\\/\\\/instagram.com\\\/color_fest_\\\/\",\"https:\\\/\\\/www.linkedin.com\\\/company\\\/color-fest\\\/\"],\"description\":\"Color Fest - Festival di Musica, dal 2013 punto di riferimento per la musica dal vivo >> 11 - 12 - 13 Agosto 2026 Lungomare Falcone Borsellino.\",\"email\":\"scrivi@colorfest.it\",\"legalName\":\"Che cosa sono le nuvole APS\",\"foundingDate\":\"2012-10-12\",\"vatID\":\"03309120792\",\"taxID\":\"92029190797\",\"numberOfEmployees\":{\"@type\":\"QuantitativeValue\",\"minValue\":\"11\",\"maxValue\":\"50\"}}]}<\/script>\n<!-- \/ Yoast SEO Premium plugin. -->","yoast_head_json":{"title":"R\u00e8gles Colour Fest | 11 - 12 - 13 ao\u00fbt 2026","description":"R\u00e8glement de la f\u00eate des couleurs : d\u00e9couvrez les r\u00e8gles \u00e0 respecter pour profiter pleinement de la f\u00eate ; ce qui est autoris\u00e9 et ce qui ne l'est pas pendant la f\u00eate.","robots":{"index":"index","follow":"follow","max-snippet":"max-snippet:-1","max-image-preview":"max-image-preview:large","max-video-preview":"max-video-preview:-1"},"canonical":"https:\/\/colorfest.it\/fr\/reglement\/","og_locale":"fr_FR","og_type":"article","og_title":"Regolamento del festival","og_description":"Color Fest - Festival di Musica, dal 2013 punto di riferimento per la musica dal vivo >> 11 - 12 - 13 Agosto 2026 Lungomare Falcone Borsellino.","og_url":"https:\/\/colorfest.it\/fr\/reglement\/","og_site_name":"Color Fest - Festival di Musica | 11 - 12 - 13 Agosto 2026 | in Calabria","article_publisher":"http:\/\/facebook.com\/colorfestlamezia\/","article_modified_time":"2025-08-18T13:12:37+00:00","og_image":[{"width":1600,"height":1067,"url":"https:\/\/colorfest.it\/wp-content\/uploads\/2024\/07\/Palco-Color-Fest-.jpg","type":"image\/jpeg"}],"twitter_card":"summary_large_image","twitter_misc":{"Dur\u00e9e de lecture estim\u00e9e":"4 minutes"},"schema":{"@context":"https:\/\/schema.org","@graph":[{"@type":"WebPage","@id":"https:\/\/colorfest.it\/regolamento\/","url":"https:\/\/colorfest.it\/regolamento\/","name":"R\u00e8gles Colour Fest | 11 - 12 - 13 ao\u00fbt 2026","isPartOf":{"@id":"https:\/\/colorfest.it\/#website"},"primaryImageOfPage":{"@id":"https:\/\/colorfest.it\/regolamento\/#primaryimage"},"image":{"@id":"https:\/\/colorfest.it\/regolamento\/#primaryimage"},"thumbnailUrl":"https:\/\/colorfest.it\/wp-content\/uploads\/2024\/07\/Palco-Color-Fest-.jpg","datePublished":"2024-07-03T12:04:27+00:00","dateModified":"2025-08-18T13:12:37+00:00","description":"R\u00e8glement de la f\u00eate des couleurs : d\u00e9couvrez les r\u00e8gles \u00e0 respecter pour profiter pleinement de la f\u00eate ; ce qui est autoris\u00e9 et ce qui ne l'est pas pendant la f\u00eate.","breadcrumb":{"@id":"https:\/\/colorfest.it\/regolamento\/#breadcrumb"},"inLanguage":"fr-FR","potentialAction":[{"@type":"ReadAction","target":["https:\/\/colorfest.it\/regolamento\/"]}]},{"@type":"ImageObject","inLanguage":"fr-FR","@id":"https:\/\/colorfest.it\/regolamento\/#primaryimage","url":"https:\/\/colorfest.it\/wp-content\/uploads\/2024\/07\/Palco-Color-Fest-.jpg","contentUrl":"https:\/\/colorfest.it\/wp-content\/uploads\/2024\/07\/Palco-Color-Fest-.jpg","width":1600,"height":1067,"caption":"Palco Color Fest"},{"@type":"BreadcrumbList","@id":"https:\/\/colorfest.it\/regolamento\/#breadcrumb","itemListElement":[{"@type":"ListItem","position":1,"name":"Home","item":"https:\/\/colorfest.it\/"},{"@type":"ListItem","position":2,"name":"Regolamento del festival"}]},{"@type":"WebSite","@id":"https:\/\/colorfest.it\/#website","url":"https:\/\/colorfest.it\/","name":"Color Fest - Festival de musique | 11 - 12 - 13 ao\u00fbt 2026 | en Calabre","description":"Color Fest - Festival de musique, depuis 2013 un point de r\u00e9f\u00e9rence pour la musique live &gt;&gt; 11 - 12 - 13 ao\u00fbt 2026 Lungomare Falcone Borsellino","publisher":{"@id":"https:\/\/colorfest.it\/#organization"},"alternateName":"Color Fest - Festival di Musica | 11 - 12 - 13 Agosto 2026 @Lungomare Falcone Borsellino","potentialAction":[{"@type":"SearchAction","target":{"@type":"EntryPoint","urlTemplate":"https:\/\/colorfest.it\/?s={search_term_string}"},"query-input":{"@type":"PropertyValueSpecification","valueRequired":true,"valueName":"search_term_string"}}],"inLanguage":"fr-FR"},{"@type":"Organization","@id":"https:\/\/colorfest.it\/#organization","name":"Que sont les nuages APS","alternateName":"Color Fest","url":"https:\/\/colorfest.it\/","logo":{"@type":"ImageObject","inLanguage":"fr-FR","@id":"https:\/\/colorfest.it\/#\/schema\/logo\/image\/","url":"https:\/\/colorfest.it\/wp-content\/uploads\/2022\/03\/checosasonolenuvole.png","contentUrl":"https:\/\/colorfest.it\/wp-content\/uploads\/2022\/03\/checosasonolenuvole.png","width":952,"height":844,"caption":"Che cosa sono le nuvole APS"},"image":{"@id":"https:\/\/colorfest.it\/#\/schema\/logo\/image\/"},"sameAs":["http:\/\/facebook.com\/colorfestlamezia\/","http:\/\/instagram.com\/color_fest_\/","https:\/\/www.linkedin.com\/company\/color-fest\/"],"description":"Color Fest - Festival de musique, depuis 2013 un point de r\u00e9f\u00e9rence pour la musique live &gt;&gt; 11 - 12 - 13 ao\u00fbt 2026 Lungomare Falcone Borsellino","email":"scrivi@colorfest.it","legalName":"Che cosa sono le nuvole APS","foundingDate":"2012-10-12","vatID":"03309120792","taxID":"92029190797","numberOfEmployees":{"@type":"QuantitativeValue","minValue":"11","maxValue":"50"}}]}},"_links":{"self":[{"href":"https:\/\/colorfest.it\/fr\/wp-json\/wp\/v2\/pages\/17312","targetHints":{"allow":["GET"]}}],"collection":[{"href":"https:\/\/colorfest.it\/fr\/wp-json\/wp\/v2\/pages"}],"about":[{"href":"https:\/\/colorfest.it\/fr\/wp-json\/wp\/v2\/types\/page"}],"author":[{"embeddable":true,"href":"https:\/\/colorfest.it\/fr\/wp-json\/wp\/v2\/users\/7"}],"replies":[{"embeddable":true,"href":"https:\/\/colorfest.it\/fr\/wp-json\/wp\/v2\/comments?post=17312"}],"version-history":[{"count":0,"href":"https:\/\/colorfest.it\/fr\/wp-json\/wp\/v2\/pages\/17312\/revisions"}],"wp:featuredmedia":[{"embeddable":true,"href":"https:\/\/colorfest.it\/fr\/wp-json\/wp\/v2\/media\/17314"}],"wp:attachment":[{"href":"https:\/\/colorfest.it\/fr\/wp-json\/wp\/v2\/media?parent=17312"}],"curies":[{"name":"wp","href":"https:\/\/api.w.org\/{rel}","templated":true}]}}