{"id":23284,"date":"2025-12-18T19:58:41","date_gmt":"2025-12-18T18:58:41","guid":{"rendered":"https:\/\/colorfest.it\/?post_type=product&#038;p=23284"},"modified":"2026-04-01T19:41:47","modified_gmt":"2026-04-01T17:41:47","slug":"reserva-camping","status":"publish","type":"product","link":"https:\/\/colorfest.it\/es\/prodotto\/prenotazione-camping\/","title":{"rendered":"Camping Ulisse"},"content":{"rendered":"<p data-start=\"150\" data-end=\"210\"><strong data-start=\"150\" data-end=\"172\">COLOR FEST CAMPING<\/strong><br data-start=\"172\" data-end=\"175\" \/>Vive el festival bajo las estrellas<\/p>\n<p data-start=\"212\" data-end=\"367\">A solo <strong data-start=\"219\" data-end=\"255\">A 150 metros del recinto del festival<\/strong>,<br data-start=\"256\" data-end=\"259\" \/>en el verde de la <strong data-start=\"275\" data-end=\"285\">pinera<\/strong>, a <strong data-start=\"289\" data-end=\"310\">A 50 metros del mar<\/strong>.<br data-start=\"311\" data-end=\"314\" \/>Una experiencia inmersiva entre m\u00fasica, naturaleza y libertad.<\/p>\n<p data-start=\"369\" data-end=\"514\"><strong data-start=\"373\" data-end=\"405\">Camping oficial Color Fest<\/strong><br data-start=\"405\" data-end=\"408\" \/>Entre los \u00e1rboles, cerca del mar, bajo las estrellas.<br data-start=\"456\" data-end=\"459\" \/><strong data-start=\"459\" data-end=\"514\">Reservado a los poseedores de la entrada del festival.<\/strong><\/p>\n<p data-start=\"516\" data-end=\"582\"><strong data-start=\"520\" data-end=\"538\">Plazas limitadas<\/strong><br data-start=\"538\" data-end=\"541\" \/>Solo <strong data-start=\"546\" data-end=\"569\">200 plazas al d\u00eda<\/strong> disponibles por d\u00eda<\/p>\n<p data-start=\"516\" data-end=\"582\"><strong>Tenga en cuenta lo siguiente:<\/strong> <u>Es obligatorio utilizar una tienda de campa\u00f1a proporcional al n\u00famero de ocupantes<\/u>. Por lo tanto, no est\u00e1 permitido montar una tienda de campa\u00f1a para cinco personas si s\u00f3lo se pretende alojar a una o dos. <strong>Reserva m\u00ednima<\/strong> es v\u00e1lido para todo el periodo del festival, es decir, para las noches del 11, 12 y 13 de agosto.<\/p>","protected":false},"excerpt":{"rendered":"<p>Reserva el <strong>Camping Colour Fest<\/strong>, el sitio oficial de la carpa en s\u00f3lo <strong>A 150 metros del recinto del festival<\/strong>, inmerso en el <strong>pinera<\/strong> y a poca distancia del <strong>mar<\/strong>. <strong>Plazas limitadas: s\u00f3lo 200 disponibles al d\u00eda.<\/strong><\/p>\n<p><strong>Tenga en cuenta lo siguiente:<\/strong>\u00a0Es obligatorio utilizar una tienda de campa\u00f1a proporcional al n\u00famero de ocupantes. Por lo tanto, no est\u00e1 permitido montar una tienda de campa\u00f1a de 5 plazas si solo va a alojar a una o dos personas.<\/p>\n<p><b>Reserva m\u00ednima<\/b> es v\u00e1lido para todo el periodo del festival, es decir, para las noches del 11, 12 y 13 de agosto.<\/p>","protected":false},"featured_media":23285,"template":"","meta":{"_acf_changed":false},"product_brand":[],"product_cat":[162],"product_tag":[165],"class_list":{"0":"post-23284","1":"product","2":"type-product","3":"status-publish","4":"has-post-thumbnail","6":"product_cat-color-fest-14","7":"product_tag-camping-ulisse-2026","9":"first","10":"instock","11":"virtual","12":"sold-individually","13":"taxable","14":"purchasable","15":"product-type-booking"},"acf":[],"yoast_head":"<!-- This site is optimized with the Yoast SEO Premium plugin v27.2 (Yoast SEO v27.3) - https:\/\/yoast.com\/product\/yoast-seo-premium-wordpress\/ -->\n<title>Camping Ulisse - Color Fest - Festival di Musica | 11 - 12 - 13 Agosto 2026 | in Calabria<\/title>\n<meta name=\"description\" content=\"Prenota il Color Fest Camping, il posto tenda ufficiale a soli 150 metri dall\u2019area del festival. Posti limitati: solo 200 disponibili al giorno.\" \/>\n<meta name=\"robots\" content=\"index, follow, max-snippet:-1, max-image-preview:large, max-video-preview:-1\" \/>\n<link rel=\"canonical\" href=\"https:\/\/colorfest.it\/es\/producto\/reserva-camping\/\" \/>\n<meta property=\"og:locale\" content=\"es_ES\" \/>\n<meta property=\"og:type\" content=\"article\" \/>\n<meta property=\"og:title\" content=\"Camping Ulisse\" \/>\n<meta property=\"og:description\" content=\"Prenota il Color Fest Camping, il posto tenda ufficiale a soli 150 metri dall\u2019area del festival. Posti limitati: solo 200 disponibili al giorno.\" \/>\n<meta property=\"og:url\" content=\"https:\/\/colorfest.it\/es\/producto\/reserva-camping\/\" \/>\n<meta property=\"og:site_name\" content=\"Color Fest - Festival di Musica | 11 - 12 - 13 Agosto 2026 | in Calabria\" \/>\n<meta property=\"article:publisher\" content=\"http:\/\/facebook.com\/colorfestlamezia\/\" \/>\n<meta property=\"article:modified_time\" content=\"2026-04-01T17:41:47+00:00\" \/>\n<meta property=\"og:image\" content=\"https:\/\/colorfest.it\/wp-content\/uploads\/2025\/12\/2.webp\" \/>\n\t<meta property=\"og:image:width\" content=\"1080\" \/>\n\t<meta property=\"og:image:height\" content=\"1350\" \/>\n\t<meta property=\"og:image:type\" content=\"image\/webp\" \/>\n<meta name=\"twitter:card\" content=\"summary_large_image\" \/>\n<meta name=\"twitter:label1\" content=\"Tiempo de lectura\" \/>\n\t<meta name=\"twitter:data1\" content=\"1 minuto\" \/>\n<script type=\"application\/ld+json\" class=\"yoast-schema-graph\">{\"@context\":\"https:\\\/\\\/schema.org\",\"@graph\":[{\"@type\":\"WebPage\",\"@id\":\"https:\\\/\\\/colorfest.it\\\/prodotto\\\/prenotazione-camping\\\/\",\"url\":\"https:\\\/\\\/colorfest.it\\\/prodotto\\\/prenotazione-camping\\\/\",\"name\":\"Camping Ulisse - Color Fest - Festival di Musica | 11 - 12 - 13 Agosto 2026 | in Calabria\",\"isPartOf\":{\"@id\":\"https:\\\/\\\/colorfest.it\\\/#website\"},\"primaryImageOfPage\":{\"@id\":\"https:\\\/\\\/colorfest.it\\\/prodotto\\\/prenotazione-camping\\\/#primaryimage\"},\"image\":{\"@id\":\"https:\\\/\\\/colorfest.it\\\/prodotto\\\/prenotazione-camping\\\/#primaryimage\"},\"thumbnailUrl\":\"https:\\\/\\\/colorfest.it\\\/wp-content\\\/uploads\\\/2025\\\/12\\\/2.webp\",\"datePublished\":\"2025-12-18T18:58:41+00:00\",\"dateModified\":\"2026-04-01T17:41:47+00:00\",\"description\":\"Prenota il Color Fest Camping, il posto tenda ufficiale a soli 150 metri dall\u2019area del festival. Posti limitati: solo 200 disponibili al giorno.\",\"breadcrumb\":{\"@id\":\"https:\\\/\\\/colorfest.it\\\/prodotto\\\/prenotazione-camping\\\/#breadcrumb\"},\"inLanguage\":\"es\",\"potentialAction\":[{\"@type\":\"ReadAction\",\"target\":[\"https:\\\/\\\/colorfest.it\\\/prodotto\\\/prenotazione-camping\\\/\"]}]},{\"@type\":\"ImageObject\",\"inLanguage\":\"es\",\"@id\":\"https:\\\/\\\/colorfest.it\\\/prodotto\\\/prenotazione-camping\\\/#primaryimage\",\"url\":\"https:\\\/\\\/colorfest.it\\\/wp-content\\\/uploads\\\/2025\\\/12\\\/2.webp\",\"contentUrl\":\"https:\\\/\\\/colorfest.it\\\/wp-content\\\/uploads\\\/2025\\\/12\\\/2.webp\",\"width\":1080,\"height\":1350,\"caption\":\"camping ulisse - Color Fest 2026\"},{\"@type\":\"BreadcrumbList\",\"@id\":\"https:\\\/\\\/colorfest.it\\\/prodotto\\\/prenotazione-camping\\\/#breadcrumb\",\"itemListElement\":[{\"@type\":\"ListItem\",\"position\":1,\"name\":\"Home\",\"item\":\"https:\\\/\\\/colorfest.it\\\/\"},{\"@type\":\"ListItem\",\"position\":2,\"name\":\"Shop\",\"item\":\"https:\\\/\\\/colorfest.it\\\/shop\\\/\"},{\"@type\":\"ListItem\",\"position\":3,\"name\":\"Camping Ulisse\"}]},{\"@type\":\"WebSite\",\"@id\":\"https:\\\/\\\/colorfest.it\\\/#website\",\"url\":\"https:\\\/\\\/colorfest.it\\\/\",\"name\":\"Color Fest - Festival di Musica | 11 - 12 - 13 Agosto 2026 | in Calabria\",\"description\":\"Color Fest - Festival di Musica, dal 2013 punto di riferimento per la musica dal vivo &gt;&gt; 11 - 12 - 13 Agosto 2026 Lungomare Falcone Borsellino.\",\"publisher\":{\"@id\":\"https:\\\/\\\/colorfest.it\\\/#organization\"},\"alternateName\":\"Color Fest - Festival di Musica | 11 - 12 - 13 Agosto 2026 @Lungomare Falcone Borsellino\",\"potentialAction\":[{\"@type\":\"SearchAction\",\"target\":{\"@type\":\"EntryPoint\",\"urlTemplate\":\"https:\\\/\\\/colorfest.it\\\/?s={search_term_string}\"},\"query-input\":{\"@type\":\"PropertyValueSpecification\",\"valueRequired\":true,\"valueName\":\"search_term_string\"}}],\"inLanguage\":\"es\"},{\"@type\":\"Organization\",\"@id\":\"https:\\\/\\\/colorfest.it\\\/#organization\",\"name\":\"Che cosa sono le nuvole APS\",\"alternateName\":\"Color Fest\",\"url\":\"https:\\\/\\\/colorfest.it\\\/\",\"logo\":{\"@type\":\"ImageObject\",\"inLanguage\":\"es\",\"@id\":\"https:\\\/\\\/colorfest.it\\\/#\\\/schema\\\/logo\\\/image\\\/\",\"url\":\"https:\\\/\\\/colorfest.it\\\/wp-content\\\/uploads\\\/2022\\\/03\\\/checosasonolenuvole.png\",\"contentUrl\":\"https:\\\/\\\/colorfest.it\\\/wp-content\\\/uploads\\\/2022\\\/03\\\/checosasonolenuvole.png\",\"width\":952,\"height\":844,\"caption\":\"Che cosa sono le nuvole APS\"},\"image\":{\"@id\":\"https:\\\/\\\/colorfest.it\\\/#\\\/schema\\\/logo\\\/image\\\/\"},\"sameAs\":[\"http:\\\/\\\/facebook.com\\\/colorfestlamezia\\\/\",\"http:\\\/\\\/instagram.com\\\/color_fest_\\\/\",\"https:\\\/\\\/www.linkedin.com\\\/company\\\/color-fest\\\/\"],\"description\":\"Color Fest - Festival di Musica, dal 2013 punto di riferimento per la musica dal vivo >> 11 - 12 - 13 Agosto 2026 Lungomare Falcone Borsellino.\",\"email\":\"scrivi@colorfest.it\",\"legalName\":\"Che cosa sono le nuvole APS\",\"foundingDate\":\"2012-10-12\",\"vatID\":\"03309120792\",\"taxID\":\"92029190797\",\"numberOfEmployees\":{\"@type\":\"QuantitativeValue\",\"minValue\":\"11\",\"maxValue\":\"50\"}}]}<\/script>\n<!-- \/ Yoast SEO Premium plugin. -->","yoast_head_json":{"title":"Camping Ulisse - Color Fest - Festival de M\u00fasica | 11 - 12 - 13 de agosto de 2026 | en Calabria","description":"Reserve el Camping Color Fest, el emplazamiento oficial para tiendas de campa\u00f1a a s\u00f3lo 150 metros del recinto del festival. Plazas limitadas: solo 200 disponibles al d\u00eda.","robots":{"index":"index","follow":"follow","max-snippet":"max-snippet:-1","max-image-preview":"max-image-preview:large","max-video-preview":"max-video-preview:-1"},"canonical":"https:\/\/colorfest.it\/es\/producto\/reserva-camping\/","og_locale":"es_ES","og_type":"article","og_title":"Camping Ulisse","og_description":"Prenota il Color Fest Camping, il posto tenda ufficiale a soli 150 metri dall\u2019area del festival. Posti limitati: solo 200 disponibili al giorno.","og_url":"https:\/\/colorfest.it\/es\/producto\/reserva-camping\/","og_site_name":"Color Fest - Festival di Musica | 11 - 12 - 13 Agosto 2026 | in Calabria","article_publisher":"http:\/\/facebook.com\/colorfestlamezia\/","article_modified_time":"2026-04-01T17:41:47+00:00","og_image":[{"width":1080,"height":1350,"url":"https:\/\/colorfest.it\/wp-content\/uploads\/2025\/12\/2.webp","type":"image\/webp"}],"twitter_card":"summary_large_image","twitter_misc":{"Tiempo de lectura":"1 minuto"},"schema":{"@context":"https:\/\/schema.org","@graph":[{"@type":"WebPage","@id":"https:\/\/colorfest.it\/prodotto\/prenotazione-camping\/","url":"https:\/\/colorfest.it\/prodotto\/prenotazione-camping\/","name":"Camping Ulisse - Color Fest - Festival de M\u00fasica | 11 - 12 - 13 de agosto de 2026 | en Calabria","isPartOf":{"@id":"https:\/\/colorfest.it\/#website"},"primaryImageOfPage":{"@id":"https:\/\/colorfest.it\/prodotto\/prenotazione-camping\/#primaryimage"},"image":{"@id":"https:\/\/colorfest.it\/prodotto\/prenotazione-camping\/#primaryimage"},"thumbnailUrl":"https:\/\/colorfest.it\/wp-content\/uploads\/2025\/12\/2.webp","datePublished":"2025-12-18T18:58:41+00:00","dateModified":"2026-04-01T17:41:47+00:00","description":"Reserve el Camping Color Fest, el emplazamiento oficial para tiendas de campa\u00f1a a s\u00f3lo 150 metros del recinto del festival. Plazas limitadas: solo 200 disponibles al d\u00eda.","breadcrumb":{"@id":"https:\/\/colorfest.it\/prodotto\/prenotazione-camping\/#breadcrumb"},"inLanguage":"es","potentialAction":[{"@type":"ReadAction","target":["https:\/\/colorfest.it\/prodotto\/prenotazione-camping\/"]}]},{"@type":"ImageObject","inLanguage":"es","@id":"https:\/\/colorfest.it\/prodotto\/prenotazione-camping\/#primaryimage","url":"https:\/\/colorfest.it\/wp-content\/uploads\/2025\/12\/2.webp","contentUrl":"https:\/\/colorfest.it\/wp-content\/uploads\/2025\/12\/2.webp","width":1080,"height":1350,"caption":"camping ulisse - Color Fest 2026"},{"@type":"BreadcrumbList","@id":"https:\/\/colorfest.it\/prodotto\/prenotazione-camping\/#breadcrumb","itemListElement":[{"@type":"ListItem","position":1,"name":"Home","item":"https:\/\/colorfest.it\/"},{"@type":"ListItem","position":2,"name":"Shop","item":"https:\/\/colorfest.it\/shop\/"},{"@type":"ListItem","position":3,"name":"Camping Ulisse"}]},{"@type":"WebSite","@id":"https:\/\/colorfest.it\/#website","url":"https:\/\/colorfest.it\/","name":"Color Fest - Festival de M\u00fasica | 11 - 12 - 13 agosto 2026 | en Calabria","description":"Color Fest - Festival de M\u00fasica, desde 2013 un punto de referencia para la m\u00fasica en vivo &gt;&gt; 11 - 12 - 13 Agosto 2026 Lungomare Falcone Borsellino","publisher":{"@id":"https:\/\/colorfest.it\/#organization"},"alternateName":"Color Fest - Festival di Musica | 11 - 12 - 13 Agosto 2026 @Lungomare Falcone Borsellino","potentialAction":[{"@type":"SearchAction","target":{"@type":"EntryPoint","urlTemplate":"https:\/\/colorfest.it\/?s={search_term_string}"},"query-input":{"@type":"PropertyValueSpecification","valueRequired":true,"valueName":"search_term_string"}}],"inLanguage":"es"},{"@type":"Organization","@id":"https:\/\/colorfest.it\/#organization","name":"Qu\u00e9 son las nubes APS","alternateName":"Color Fest","url":"https:\/\/colorfest.it\/","logo":{"@type":"ImageObject","inLanguage":"es","@id":"https:\/\/colorfest.it\/#\/schema\/logo\/image\/","url":"https:\/\/colorfest.it\/wp-content\/uploads\/2022\/03\/checosasonolenuvole.png","contentUrl":"https:\/\/colorfest.it\/wp-content\/uploads\/2022\/03\/checosasonolenuvole.png","width":952,"height":844,"caption":"Che cosa sono le nuvole APS"},"image":{"@id":"https:\/\/colorfest.it\/#\/schema\/logo\/image\/"},"sameAs":["http:\/\/facebook.com\/colorfestlamezia\/","http:\/\/instagram.com\/color_fest_\/","https:\/\/www.linkedin.com\/company\/color-fest\/"],"description":"Color Fest - Festival de M\u00fasica, desde 2013 un punto de referencia para la m\u00fasica en vivo &gt;&gt; 11 - 12 - 13 Agosto 2026 Lungomare Falcone Borsellino","email":"scrivi@colorfest.it","legalName":"Che cosa sono le nuvole APS","foundingDate":"2012-10-12","vatID":"03309120792","taxID":"92029190797","numberOfEmployees":{"@type":"QuantitativeValue","minValue":"11","maxValue":"50"}}]}},"_links":{"self":[{"href":"https:\/\/colorfest.it\/es\/wp-json\/wp\/v2\/product\/23284","targetHints":{"allow":["GET"]}}],"collection":[{"href":"https:\/\/colorfest.it\/es\/wp-json\/wp\/v2\/product"}],"about":[{"href":"https:\/\/colorfest.it\/es\/wp-json\/wp\/v2\/types\/product"}],"wp:featuredmedia":[{"embeddable":true,"href":"https:\/\/colorfest.it\/es\/wp-json\/wp\/v2\/media\/23285"}],"wp:attachment":[{"href":"https:\/\/colorfest.it\/es\/wp-json\/wp\/v2\/media?parent=23284"}],"wp:term":[{"taxonomy":"product_brand","embeddable":true,"href":"https:\/\/colorfest.it\/es\/wp-json\/wp\/v2\/product_brand?post=23284"},{"taxonomy":"product_cat","embeddable":true,"href":"https:\/\/colorfest.it\/es\/wp-json\/wp\/v2\/product_cat?post=23284"},{"taxonomy":"product_tag","embeddable":true,"href":"https:\/\/colorfest.it\/es\/wp-json\/wp\/v2\/product_tag?post=23284"}],"curies":[{"name":"wp","href":"https:\/\/api.w.org\/{rel}","templated":true}]}}