{"id":8944,"date":"2022-03-03T14:45:03","date_gmt":"2022-03-03T13:45:03","guid":{"rendered":"https:\/\/colorfest.it\/?page_id=8944"},"modified":"2023-01-09T23:11:01","modified_gmt":"2023-01-09T22:11:01","slug":"politica-de-privacidad","status":"publish","type":"page","link":"https:\/\/colorfest.it\/es\/privacy-policy\/","title":{"rendered":"Pol\u00edtica de privacidad"},"content":{"rendered":"<div data-elementor-type=\"wp-page\" data-elementor-id=\"8944\" class=\"elementor elementor-8944\" data-elementor-post-type=\"page\">\n\t\t\t\t\t\t<section class=\"elementor-section elementor-top-section elementor-element elementor-element-73e9d22 elementor-section-full_width elementor-section-height-default elementor-section-height-default\" data-id=\"73e9d22\" data-element_type=\"section\" data-e-type=\"section\">\n\t\t\t\t\t\t<div class=\"elementor-container elementor-column-gap-default\">\n\t\t\t\t\t<div class=\"elementor-column elementor-col-100 elementor-top-column elementor-element elementor-element-d6d2caf\" data-id=\"d6d2caf\" data-element_type=\"column\" data-e-type=\"column\">\n\t\t\t<div class=\"elementor-widget-wrap elementor-element-populated\">\n\t\t\t\t\t\t<div class=\"elementor-element elementor-element-1d161a8 elementor-widget elementor-widget-text-editor\" data-id=\"1d161a8\" data-element_type=\"widget\" data-e-type=\"widget\" data-widget_type=\"text-editor.default\">\n\t\t\t\t<div class=\"elementor-widget-container\">\n\t\t\t\t\t\t\t\t\t<div class=\"column mcb-column mcb-item-hjpry0img one-fifth column_placeholder\"><div class=\"placeholder\">\u00a0<\/div><\/div><div class=\"column mcb-column mcb-item-d1s2o8iaa three-fifth column_column\"><div class=\"column_attr clearfix align_left\"><h2>Pol\u00edtica de privacidad<\/h2><p>Al acceder al sitio web gestionado por la asociaci\u00f3n Che Cosa Sono le Nuvole APS que organiza el Color Fest o al utilizar su contenido, usted acepta los t\u00e9rminos de la Pol\u00edtica de privacidad en l\u00ednea de Che Cosa Sono le Nuvole APS, que se exponen a continuaci\u00f3n. Si no est\u00e1 de acuerdo con estos t\u00e9rminos, le rogamos que no acceda al sitio ni utilice su contenido.<\/p><p>\u00a0<\/p><h4>Recogida de informaci\u00f3n personal.<\/h4><p>Al realizar actividades tales como pedidos de productos, descarga de software, env\u00edo de curr\u00edculos u otras disponibles, What Are the Clouds APS puede pedirle que proporcione informaci\u00f3n personal rellenando y enviando un formulario electr\u00f3nico. Usted es totalmente libre de aceptar o rechazar dicha solicitud. Si decide aceptarla, What Are the Clouds APS puede pedirle que proporcione informaci\u00f3n personal, como su nombre, direcci\u00f3n, direcci\u00f3n de correo electr\u00f3nico y otros datos que le identifiquen. Al realizar pedidos de productos en el sitio, es posible que tenga que introducir un n\u00famero de tarjeta de cr\u00e9dito o utilizar sistemas de pago similares, como PayPal. What Are Clouds APS recoge esta informaci\u00f3n para registrarla y permitirle participar en las actividades que elija. Si usted pide un producto, por ejemplo, la informaci\u00f3n se utiliza para registrar su licencia y su derecho, en su caso, para aprovechar el apoyo t\u00e9cnico, actualizaciones con descuento, u otros beneficios que pueden ser ofrecidos a los usuarios registrados. What Are the Clouds APS tambi\u00e9n utiliza la informaci\u00f3n que usted proporciona para apoyar su esfuerzo por mantenerle al d\u00eda sobre el lanzamiento de nuevos productos, ofertas especiales y otros productos y servicios de What Are the Clouds APS. What Are the Clouds APS reconoce y valora el uso responsable de dicha informaci\u00f3n. Si no desea que la informaci\u00f3n que proporciona a What Are the Clouds APS se utilice para notificarle nuevos productos y ofertas especiales, y as\u00ed lo indica al proporcionar la informaci\u00f3n a What Are the Clouds APS, What Are the Clouds APS seguir\u00e1 estrictamente sus instrucciones. What Are the Clouds APS tambi\u00e9n puede seleccionar cierta informaci\u00f3n y enviarla a otras empresas u organizaciones que tienen productos o servicios que creemos que pueden ser de inter\u00e9s para usted. Si no desea que la informaci\u00f3n que proporciona a What Are the Clouds APS sea compartida con otras empresas y nos indica su preferencia, What Are the Clouds APS seguir\u00e1 cuidadosamente sus instrucciones. Al enviar informaci\u00f3n personal a What Are the Clouds APS en relaci\u00f3n con una actividad en particular, como el pedido de un producto, usted entiende y acepta que What Are the Clouds APS y sus filiales y empresas afiliadas y proveedores de confianza pueden necesitar transferir, recopilar y procesar informaci\u00f3n sobre usted a uno de los pa\u00edses en los que esas empresas mantienen oficinas con el fin de completar el negocio y actualizar los datos relacionados. La informaci\u00f3n sobre usted no se transferir\u00e1 fuera de la Uni\u00f3n Europea por ning\u00fan otro motivo a menos que usted d\u00e9 su consentimiento.<\/p><p>\u00a0<\/p><h4>Uso de cookies.<\/h4><p>Al visitar colourfest.es, puede desplazarse por las p\u00e1ginas de forma an\u00f3nima y acceder a informaci\u00f3n significativa sin revelar su identidad. Con el fin de mejorar nuestro sitio, utilizamos \"cookies\" para realizar un seguimiento de su paso. Una cookie consiste en un peque\u00f1o conjunto de datos que un servidor web transfiere a su navegador y que s\u00f3lo puede leer el servidor que realiz\u00f3 la transferencia. Act\u00faa como su carn\u00e9 de identidad, registrando sus contrase\u00f1as, compras y preferencias. No es c\u00f3digo ejecutable y no transmite virus. Casi todos los navegadores est\u00e1n programados inicialmente para aceptar cookies. Puede hacer que el navegador le avise cuando reciba una cookie, permiti\u00e9ndole elegir si la acepta o no. En algunas p\u00e1ginas web que requieren autorizaci\u00f3n, las cookies no son opcionales. Los usuarios que decidan no recibir cookies probablemente no podr\u00e1n acceder a esas p\u00e1ginas. Qu\u00e9 son las cookies APS utiliza cookies para realizar un seguimiento de su visita a colorfest.es. Nuestros servidores web registrar\u00e1n autom\u00e1ticamente la direcci\u00f3n IP\/Internet de su ordenador. Esta informaci\u00f3n no le identifica personalmente. Usted permanecer\u00e1 en el anonimato a menos que haya proporcionado a What Are Clouds APS informaci\u00f3n personal de alguna otra forma.<\/p><h4>Actualizaci\u00f3n de datos personales.<\/h4><p>Tiene derecho a acceder a su informaci\u00f3n personal y a sus opciones de privacidad y a modificarlas. Puede hacerlo escribiendo a What Are Clouds APS a la siguiente direcci\u00f3n:<\/p><p><strong>QU\u00c9 SON LAS NUBES APS<br \/>Lamezia Terme, via dei Brutii n 97, 88046.<br \/>P.I. IT03309120792<\/strong><\/p><p>Cuando se ponga en contacto con nosotros, indique su nombre, apellidos, direcci\u00f3n postal y\/o direcci\u00f3n de correo electr\u00f3nico. Tenga tambi\u00e9n en cuenta que Che Cosa Sono le Nuvole APS no es responsable del contenido ni de las pol\u00edticas de privacidad adoptadas por sitios no gestionados por nosotros a los que cualquiera de nuestros sitios pueda enlazar.<\/p><\/div><\/div>\t\t\t\t\t\t\t\t<\/div>\n\t\t\t\t<\/div>\n\t\t\t\t\t<\/div>\n\t\t<\/div>\n\t\t\t\t\t<\/div>\n\t\t<\/section>\n\t\t\t\t<section class=\"elementor-section elementor-top-section elementor-element elementor-element-5d77952 elementor-section-full_width elementor-section-height-default elementor-section-height-default\" data-id=\"5d77952\" data-element_type=\"section\" data-e-type=\"section\">\n\t\t\t\t\t\t<div class=\"elementor-container elementor-column-gap-default\">\n\t\t\t\t\t<div class=\"elementor-column elementor-col-33 elementor-top-column elementor-element elementor-element-ce6f676\" data-id=\"ce6f676\" data-element_type=\"column\" data-e-type=\"column\">\n\t\t\t<div class=\"elementor-widget-wrap\">\n\t\t\t\t\t\t\t<\/div>\n\t\t<\/div>\n\t\t\t\t<div class=\"elementor-column elementor-col-33 elementor-top-column elementor-element elementor-element-6a6f6b4\" data-id=\"6a6f6b4\" data-element_type=\"column\" data-e-type=\"column\">\n\t\t\t<div class=\"elementor-widget-wrap elementor-element-populated\">\n\t\t\t\t\t\t<div class=\"elementor-element elementor-element-b91a14d elementor-widget elementor-widget-button\" data-id=\"b91a14d\" data-element_type=\"widget\" data-e-type=\"widget\" data-widget_type=\"button.default\">\n\t\t\t\t<div class=\"elementor-widget-container\">\n\t\t\t\t\t\t\t\t\t<div class=\"elementor-button-wrapper\">\n\t\t\t\t\t<a class=\"elementor-button elementor-button-link elementor-size-sm\" href=\"https:\/\/colorfest.it\/es\/\">\n\t\t\t\t\t\t<span class=\"elementor-button-content-wrapper\">\n\t\t\t\t\t\t\t\t\t<span class=\"elementor-button-text\">volver al sitio<\/span>\n\t\t\t\t\t<\/span>\n\t\t\t\t\t<\/a>\n\t\t\t\t<\/div>\n\t\t\t\t\t\t\t\t<\/div>\n\t\t\t\t<\/div>\n\t\t\t\t\t<\/div>\n\t\t<\/div>\n\t\t\t\t<div class=\"elementor-column elementor-col-33 elementor-top-column elementor-element elementor-element-72088e5\" data-id=\"72088e5\" data-element_type=\"column\" data-e-type=\"column\">\n\t\t\t<div class=\"elementor-widget-wrap\">\n\t\t\t\t\t\t\t<\/div>\n\t\t<\/div>\n\t\t\t\t\t<\/div>\n\t\t<\/section>\n\t\t\t\t<\/div>","protected":false},"excerpt":{"rendered":"<p>\u00a0 Politica Privacy Accedendo al sito web gestito da Che Cosa Sono le Nuvole APS associazione organizzatrice del Color Fest o utilizzandone il contenuto, accettate i termini della Informativa sulla Privacy Online Che Cosa Sono le Nuvole APS, cos\u00ec come esposta di seguito. Se non accettate tali termini, vi preghiamo di non accedere al sito [&hellip;]<\/p>\n","protected":false},"author":1,"featured_media":0,"parent":0,"menu_order":0,"comment_status":"closed","ping_status":"closed","template":"elementor_canvas","meta":{"_acf_changed":false,"footnotes":""},"class_list":["post-8944","page","type-page","status-publish","hentry"],"acf":[],"yoast_head":"<!-- This site is optimized with the Yoast SEO Premium plugin v27.3 (Yoast SEO v27.4) - https:\/\/yoast.com\/product\/yoast-seo-premium-wordpress\/ -->\n<title>Color Fest 11 - 12 - 13 Agosto 2026| in Calabria<\/title>\n<meta name=\"description\" content=\"Color Fest - Festival di Musica, dal 2013 punto di riferimento per la musica dal vivo &gt;&gt; 11 - 12 - 13 Agosto 2026 Lungomare Falcone Borsellino.\" \/>\n<meta name=\"robots\" content=\"noindex, nofollow\" \/>\n<meta property=\"og:locale\" content=\"es_ES\" \/>\n<meta property=\"og:type\" content=\"article\" \/>\n<meta property=\"og:title\" content=\"Privacy Policy\" \/>\n<meta property=\"og:description\" content=\"Color Fest - Festival di Musica, dal 2013 punto di riferimento per la musica dal vivo &gt;&gt; 11 - 12 - 13 Agosto 2026 Lungomare Falcone Borsellino.\" \/>\n<meta property=\"og:url\" content=\"https:\/\/colorfest.it\/es\/politica-de-privacidad\/\" \/>\n<meta property=\"og:site_name\" content=\"Color Fest - Festival di Musica | 11 - 12 - 13 Agosto 2026 | in Calabria\" \/>\n<meta property=\"article:publisher\" content=\"http:\/\/facebook.com\/colorfestlamezia\/\" \/>\n<meta property=\"article:modified_time\" content=\"2023-01-09T22:11:01+00:00\" \/>\n<meta property=\"og:image\" content=\"https:\/\/colorfest.it\/wp-content\/uploads\/2024\/08\/DSCF3400.jpg\" \/>\n\t<meta property=\"og:image:width\" content=\"1600\" \/>\n\t<meta property=\"og:image:height\" content=\"1067\" \/>\n\t<meta property=\"og:image:type\" content=\"image\/jpeg\" \/>\n<meta name=\"twitter:card\" content=\"summary_large_image\" \/>\n<meta name=\"twitter:label1\" content=\"Tiempo de lectura\" \/>\n\t<meta name=\"twitter:data1\" content=\"5 minutos\" \/>\n<script type=\"application\/ld+json\" class=\"yoast-schema-graph\">{\"@context\":\"https:\\\/\\\/schema.org\",\"@graph\":[{\"@type\":\"WebPage\",\"@id\":\"https:\\\/\\\/colorfest.it\\\/privacy-policy\\\/\",\"url\":\"https:\\\/\\\/colorfest.it\\\/privacy-policy\\\/\",\"name\":\"Color Fest 11 - 12 - 13 Agosto 2026| in Calabria\",\"isPartOf\":{\"@id\":\"https:\\\/\\\/colorfest.it\\\/#website\"},\"datePublished\":\"2022-03-03T13:45:03+00:00\",\"dateModified\":\"2023-01-09T22:11:01+00:00\",\"description\":\"Color Fest - Festival di Musica, dal 2013 punto di riferimento per la musica dal vivo >> 11 - 12 - 13 Agosto 2026 Lungomare Falcone Borsellino.\",\"breadcrumb\":{\"@id\":\"https:\\\/\\\/colorfest.it\\\/privacy-policy\\\/#breadcrumb\"},\"inLanguage\":\"es\",\"potentialAction\":[{\"@type\":\"ReadAction\",\"target\":[\"https:\\\/\\\/colorfest.it\\\/privacy-policy\\\/\"]}]},{\"@type\":\"BreadcrumbList\",\"@id\":\"https:\\\/\\\/colorfest.it\\\/privacy-policy\\\/#breadcrumb\",\"itemListElement\":[{\"@type\":\"ListItem\",\"position\":1,\"name\":\"Home\",\"item\":\"https:\\\/\\\/colorfest.it\\\/\"},{\"@type\":\"ListItem\",\"position\":2,\"name\":\"Privacy Policy\"}]},{\"@type\":\"WebSite\",\"@id\":\"https:\\\/\\\/colorfest.it\\\/#website\",\"url\":\"https:\\\/\\\/colorfest.it\\\/\",\"name\":\"Color Fest - Festival di Musica | 11 - 12 - 13 Agosto 2026 | in Calabria\",\"description\":\"Color Fest - Festival di Musica, dal 2013 punto di riferimento per la musica dal vivo &gt;&gt; 11 - 12 - 13 Agosto 2026 Lungomare Falcone Borsellino.\",\"publisher\":{\"@id\":\"https:\\\/\\\/colorfest.it\\\/#organization\"},\"alternateName\":\"Color Fest - Festival di Musica | 11 - 12 - 13 Agosto 2026 @Lungomare Falcone Borsellino\",\"potentialAction\":[{\"@type\":\"SearchAction\",\"target\":{\"@type\":\"EntryPoint\",\"urlTemplate\":\"https:\\\/\\\/colorfest.it\\\/?s={search_term_string}\"},\"query-input\":{\"@type\":\"PropertyValueSpecification\",\"valueRequired\":true,\"valueName\":\"search_term_string\"}}],\"inLanguage\":\"es\"},{\"@type\":\"Organization\",\"@id\":\"https:\\\/\\\/colorfest.it\\\/#organization\",\"name\":\"Che cosa sono le nuvole APS\",\"alternateName\":\"Color Fest\",\"url\":\"https:\\\/\\\/colorfest.it\\\/\",\"logo\":{\"@type\":\"ImageObject\",\"inLanguage\":\"es\",\"@id\":\"https:\\\/\\\/colorfest.it\\\/#\\\/schema\\\/logo\\\/image\\\/\",\"url\":\"https:\\\/\\\/colorfest.it\\\/wp-content\\\/uploads\\\/2022\\\/03\\\/checosasonolenuvole.png\",\"contentUrl\":\"https:\\\/\\\/colorfest.it\\\/wp-content\\\/uploads\\\/2022\\\/03\\\/checosasonolenuvole.png\",\"width\":952,\"height\":844,\"caption\":\"Che cosa sono le nuvole APS\"},\"image\":{\"@id\":\"https:\\\/\\\/colorfest.it\\\/#\\\/schema\\\/logo\\\/image\\\/\"},\"sameAs\":[\"http:\\\/\\\/facebook.com\\\/colorfestlamezia\\\/\",\"http:\\\/\\\/instagram.com\\\/color_fest_\\\/\",\"https:\\\/\\\/www.linkedin.com\\\/company\\\/color-fest\\\/\"],\"description\":\"Color Fest - Festival di Musica, dal 2013 punto di riferimento per la musica dal vivo >> 11 - 12 - 13 Agosto 2026 Lungomare Falcone Borsellino.\",\"email\":\"scrivi@colorfest.it\",\"legalName\":\"Che cosa sono le nuvole APS\",\"foundingDate\":\"2012-10-12\",\"vatID\":\"03309120792\",\"taxID\":\"92029190797\",\"numberOfEmployees\":{\"@type\":\"QuantitativeValue\",\"minValue\":\"11\",\"maxValue\":\"50\"}}]}<\/script>\n<!-- \/ Yoast SEO Premium plugin. -->","yoast_head_json":{"title":"Color Fest 11 - 12 - 13 de agosto de 2026| en Calabria","description":"Color Fest - Festival de M\u00fasica, desde 2013 un punto de referencia para la m\u00fasica en vivo &gt;&gt; 11 - 12 - 13 Agosto 2026 Lungomare Falcone Borsellino","robots":{"index":"noindex","follow":"nofollow"},"og_locale":"es_ES","og_type":"article","og_title":"Privacy Policy","og_description":"Color Fest - Festival di Musica, dal 2013 punto di riferimento per la musica dal vivo >> 11 - 12 - 13 Agosto 2026 Lungomare Falcone Borsellino.","og_url":"https:\/\/colorfest.it\/es\/politica-de-privacidad\/","og_site_name":"Color Fest - Festival di Musica | 11 - 12 - 13 Agosto 2026 | in Calabria","article_publisher":"http:\/\/facebook.com\/colorfestlamezia\/","article_modified_time":"2023-01-09T22:11:01+00:00","og_image":[{"width":1600,"height":1067,"url":"https:\/\/colorfest.it\/wp-content\/uploads\/2024\/08\/DSCF3400.jpg","type":"image\/jpeg"}],"twitter_card":"summary_large_image","twitter_misc":{"Tiempo de lectura":"5 minutos"},"schema":{"@context":"https:\/\/schema.org","@graph":[{"@type":"WebPage","@id":"https:\/\/colorfest.it\/privacy-policy\/","url":"https:\/\/colorfest.it\/privacy-policy\/","name":"Color Fest 11 - 12 - 13 de agosto de 2026| en Calabria","isPartOf":{"@id":"https:\/\/colorfest.it\/#website"},"datePublished":"2022-03-03T13:45:03+00:00","dateModified":"2023-01-09T22:11:01+00:00","description":"Color Fest - Festival de M\u00fasica, desde 2013 un punto de referencia para la m\u00fasica en vivo &gt;&gt; 11 - 12 - 13 Agosto 2026 Lungomare Falcone Borsellino","breadcrumb":{"@id":"https:\/\/colorfest.it\/privacy-policy\/#breadcrumb"},"inLanguage":"es","potentialAction":[{"@type":"ReadAction","target":["https:\/\/colorfest.it\/privacy-policy\/"]}]},{"@type":"BreadcrumbList","@id":"https:\/\/colorfest.it\/privacy-policy\/#breadcrumb","itemListElement":[{"@type":"ListItem","position":1,"name":"Home","item":"https:\/\/colorfest.it\/"},{"@type":"ListItem","position":2,"name":"Privacy Policy"}]},{"@type":"WebSite","@id":"https:\/\/colorfest.it\/#website","url":"https:\/\/colorfest.it\/","name":"Color Fest - Festival de M\u00fasica | 11 - 12 - 13 agosto 2026 | en Calabria","description":"Color Fest - Festival de M\u00fasica, desde 2013 un punto de referencia para la m\u00fasica en vivo &gt;&gt; 11 - 12 - 13 Agosto 2026 Lungomare Falcone Borsellino","publisher":{"@id":"https:\/\/colorfest.it\/#organization"},"alternateName":"Color Fest - Festival di Musica | 11 - 12 - 13 Agosto 2026 @Lungomare Falcone Borsellino","potentialAction":[{"@type":"SearchAction","target":{"@type":"EntryPoint","urlTemplate":"https:\/\/colorfest.it\/?s={search_term_string}"},"query-input":{"@type":"PropertyValueSpecification","valueRequired":true,"valueName":"search_term_string"}}],"inLanguage":"es"},{"@type":"Organization","@id":"https:\/\/colorfest.it\/#organization","name":"Qu\u00e9 son las nubes APS","alternateName":"Color Fest","url":"https:\/\/colorfest.it\/","logo":{"@type":"ImageObject","inLanguage":"es","@id":"https:\/\/colorfest.it\/#\/schema\/logo\/image\/","url":"https:\/\/colorfest.it\/wp-content\/uploads\/2022\/03\/checosasonolenuvole.png","contentUrl":"https:\/\/colorfest.it\/wp-content\/uploads\/2022\/03\/checosasonolenuvole.png","width":952,"height":844,"caption":"Che cosa sono le nuvole APS"},"image":{"@id":"https:\/\/colorfest.it\/#\/schema\/logo\/image\/"},"sameAs":["http:\/\/facebook.com\/colorfestlamezia\/","http:\/\/instagram.com\/color_fest_\/","https:\/\/www.linkedin.com\/company\/color-fest\/"],"description":"Color Fest - Festival de M\u00fasica, desde 2013 un punto de referencia para la m\u00fasica en vivo &gt;&gt; 11 - 12 - 13 Agosto 2026 Lungomare Falcone Borsellino","email":"scrivi@colorfest.it","legalName":"Che cosa sono le nuvole APS","foundingDate":"2012-10-12","vatID":"03309120792","taxID":"92029190797","numberOfEmployees":{"@type":"QuantitativeValue","minValue":"11","maxValue":"50"}}]}},"_links":{"self":[{"href":"https:\/\/colorfest.it\/es\/wp-json\/wp\/v2\/pages\/8944","targetHints":{"allow":["GET"]}}],"collection":[{"href":"https:\/\/colorfest.it\/es\/wp-json\/wp\/v2\/pages"}],"about":[{"href":"https:\/\/colorfest.it\/es\/wp-json\/wp\/v2\/types\/page"}],"author":[{"embeddable":true,"href":"https:\/\/colorfest.it\/es\/wp-json\/wp\/v2\/users\/1"}],"replies":[{"embeddable":true,"href":"https:\/\/colorfest.it\/es\/wp-json\/wp\/v2\/comments?post=8944"}],"version-history":[{"count":0,"href":"https:\/\/colorfest.it\/es\/wp-json\/wp\/v2\/pages\/8944\/revisions"}],"wp:attachment":[{"href":"https:\/\/colorfest.it\/es\/wp-json\/wp\/v2\/media?parent=8944"}],"curies":[{"name":"wp","href":"https:\/\/api.w.org\/{rel}","templated":true}]}}