{"id":4919,"date":"2021-07-01T11:34:05","date_gmt":"2021-07-01T09:34:05","guid":{"rendered":"https:\/\/micdrop.qodeinteractive.com\/?page_id=4919"},"modified":"2023-01-09T23:12:00","modified_gmt":"2023-01-09T22:12:00","slug":"politica-de-cookies","status":"publish","type":"page","link":"https:\/\/colorfest.it\/es\/cookie-policy\/","title":{"rendered":"Pol\u00edtica de cookies"},"content":{"rendered":"<div data-elementor-type=\"wp-page\" data-elementor-id=\"4919\" class=\"elementor elementor-4919\" data-elementor-post-type=\"page\">\n\t\t\t\t\t\t<section class=\"elementor-section elementor-top-section elementor-element elementor-element-73e9d22 elementor-section-full_width elementor-section-height-default elementor-section-height-default\" data-id=\"73e9d22\" data-element_type=\"section\" data-e-type=\"section\">\n\t\t\t\t\t\t<div class=\"elementor-container elementor-column-gap-default\">\n\t\t\t\t\t<div class=\"elementor-column elementor-col-100 elementor-top-column elementor-element elementor-element-d6d2caf\" data-id=\"d6d2caf\" data-element_type=\"column\" data-e-type=\"column\">\n\t\t\t<div class=\"elementor-widget-wrap elementor-element-populated\">\n\t\t\t\t\t\t<div class=\"elementor-element elementor-element-1d161a8 elementor-widget elementor-widget-text-editor\" data-id=\"1d161a8\" data-element_type=\"widget\" data-e-type=\"widget\" data-widget_type=\"text-editor.default\">\n\t\t\t\t<div class=\"elementor-widget-container\">\n\t\t\t\t\t\t\t\t\t<h6>&nbsp;<\/h6>\n<h1>Pol\u00edtica de cookies<\/h1>\n<p>Este sitio, como muchos otros, utiliza peque\u00f1os archivos llamados cookies para ayudarnos a personalizar su experiencia. Con este documento, de conformidad con los art\u00edculos 13 y 122 del Decreto Legislativo 196\/2003 (\"C\u00f3digo de Privacidad\"), as\u00ed como de conformidad con lo dispuesto en la Medida General del Garante de la Privacidad de 8 de mayo de 2014 N \u00ba 229, Che Cosa Sono le Nuvole APS asociaci\u00f3n organizadora del Color Fest proporciona a los usuarios del sitio alguna informaci\u00f3n sobre las cookies utilizadas.<\/p>\n<h4>Qu\u00e9 son las cookies<\/h4>\n<p>Las cookies, literalmente \"galletas\", son la informaci\u00f3n que dejamos en los servidores a nuestro paso por la red, son peque\u00f1os datos que nos permiten mejorar su experiencia de navegaci\u00f3n. Si desea desactivar el uso de cookies, debe personalizar la configuraci\u00f3n de su ordenador, en el navegador que est\u00e9 utilizando, estableciendo la eliminaci\u00f3n de todas las cookies o activando un mensaje de advertencia cuando se almacenan cookies. Para continuar sin cambiar la aplicaci\u00f3n de cookies, simplemente contin\u00fae navegando.<\/p>\n<h4>Cookies t\u00e9cnicas<\/h4>\n<p>Las cookies t\u00e9cnicas se utilizan para ofrecer un mejor servicio al cliente, haciendo un seguimiento de sus elecciones, como el idioma o la informaci\u00f3n de la cuenta. Las cookies de origen utilizadas por el sitio pertenecen exclusivamente a esta categor\u00eda, son gestionadas directamente por el propietario y\/u operador del sitio web, y permiten una navegaci\u00f3n adecuada en el sitio.<\/p>\n<h4>Cookies anal\u00edticas<\/h4>\n<p>Estas cookies se utilizan para procesar an\u00e1lisis estad\u00edsticos sobre c\u00f3mo navegan los usuarios en nuestro sitio. Los resultados de estos an\u00e1lisis se recogen de forma an\u00f3nima y \u00fanicamente con fines estad\u00edsticos si el proveedor de servicios utiliza cookies en relaci\u00f3n con el navegador utilizado o en otros dispositivos utilizados para navegar por el sitio. El sitio utiliza algunos servicios de terceros que instalan independientemente sus propias cookies.<\/p>\n<h4>Cookies de marketing y elaboraci\u00f3n de perfiles<\/h4>\n<p>Estas cookies est\u00e1n dise\u00f1adas para crear perfiles de usuario con el fin de enviar mensajes comerciales que se ajusten a las preferencias que haya expresado durante su visita o para mejorar su experiencia de navegaci\u00f3n. Las cookies de terceros son las enviadas por terceras empresas en las que confiamos. Estas cookies nos permiten ofrecerle nuestra propuesta comercial en otros sitios web afiliados (retargeting). En el caso de las cookies de terceros, no tenemos ning\u00fan control sobre la informaci\u00f3n proporcionada por la cookie y no tenemos acceso a esos datos. Esta informaci\u00f3n est\u00e1 totalmente controlada por las empresas de terceros, tal y como se describe en sus respectivas pol\u00edticas de privacidad.<\/p>\n<h4>Cookies de redes sociales<\/h4>\n<p>Estas cookies son necesarias para que su cuenta social pueda interactuar con nuestro sitio. Se utilizan, por ejemplo, para permitirle expresar su agradecimiento y compartirlo con sus amigos sociales. Las cookies de redes sociales no son necesarias para navegar.<\/p>\n<h4>Incrustar cookies de contenido<\/h4>\n<p>Estas cookies se utilizan para mostrar contenido incrustado, como v\u00eddeos de Vimeo o YouTube, o contenido de las redes sociales. Para m\u00e1s informaci\u00f3n sobre las cookies de terceros utilizadas por el sitio, el usuario puede consultar las pol\u00edticas correspondientes.<br>Facebook https:\/\/www.facebook.com\/help\/cookies\/<\/p><p><br>Twitter https:\/\/twitter.com\/privacy?lang=en<\/p><p><br>Youtube https:\/\/www.google.it\/intl\/it\/policies\/privacy\/<\/p><p><br>Google+ http:\/\/www.google.com\/policies\/technologies\/types\/<\/p><p><br>Pinterest https:\/\/about.pinterest.com\/it\/privacy-policy<\/p><p><br>Vimeo https:\/\/vimeo.com\/cookie_policy<\/p><p><br>Google http:\/\/www.google.it\/intl\/it_it\/policies\/technologies\/types\/<\/p>\n<h4>C\u00f3mo dar el consentimiento<\/h4>\n<p>El usuario puede dar su consentimiento al uso de cookies haciendo clic en OK o en la \"X\" del banner informativo de las p\u00e1ginas del sitio o simplemente continuando la navegaci\u00f3n.<\/p>\n<h4>C\u00f3mo desactivar las cookies<\/h4>\n<p>Normalmente es posible impedir la aceptaci\u00f3n de cookies de un sitio web concreto. Sin embargo, algunas funciones del sitio quedar\u00e1n inhabilitadas o podr\u00edan no funcionar correctamente.<br><a href=\"https:\/\/colorfest.it\/es\/politica-de-cookies\/windows.microsoft.com\/en-gb\/internet-explorer\/delete-manage-cookies\/#ie=ie-10\">Configuraci\u00f3n de cookies en Internet Explorer<\/a>\u2028<br><a href=\"https:\/\/colorfest.it\/es\/politica-de-cookies\/support.mozilla.com\/en-us\/kb\/cookies\/\">Configuraci\u00f3n de cookies en Firefox<\/a><br><a href=\"https:\/\/support.google.com\/chrome\/answer\/95647?hl=en&amp;ref_topic=14666\">Configuraci\u00f3n de cookies en Chrome<\/a><br><a href=\"https:\/\/colorfest.it\/es\/politica-de-cookies\/support.apple.com\/kb\/ph5042\/\">Configuraci\u00f3n de cookies en Safari web<\/a>&nbsp;e&nbsp;<a href=\"https:\/\/colorfest.it\/es\/politica-de-cookies\/support.apple.com\/kb\/ht1677\/\">iOS<\/a>.<\/p>\n<h4>Controlador de datos<\/h4>\n<p>El responsable del tratamiento de los datos es Che Cosa Sono le Nuvole APS asociaci\u00f3n organizadora del Color Fest<\/p>\n<h4>Derechos del interesado<\/h4>\n<p>Art. 7 Decreto Legislativo 196\/2003<\/p>\n<ol>\n<li>El interesado tiene derecho a obtener la confirmaci\u00f3n de la existencia o inexistencia de datos personales que le conciernan, aunque a\u00fan no est\u00e9n registrados, y su comunicaci\u00f3n en forma inteligible.<\/li>\n<li>La persona afectada tiene derecho a ser informada:<br>(a) el origen de los datos personales;<br>(b) los fines y m\u00e9todos del tratamiento;<br>(c) la l\u00f3gica aplicada en caso de tratamiento por medios electr\u00f3nicos;<br>(d) los datos de identificaci\u00f3n del titular, de los responsables y del representante designado en virtud del apartado 2 del art\u00edculo 5;<br>e) los sujetos o categor\u00edas de sujetos a los que los datos personales puedan ser comunicados o que puedan tener conocimiento de los mismos en calidad de representante designado en el territorio del Estado, de responsables o encargados.<\/li>\n<li>El interesado tiene derecho a obtener: a) la actualizaci\u00f3n, la rectificaci\u00f3n o, cuando le interese, la integraci\u00f3n de los datos;<br>b) la supresi\u00f3n, la transformaci\u00f3n en forma an\u00f3nima o el bloqueo de los datos tratados infringiendo la ley, incluidos aquellos cuya conservaci\u00f3n no sea necesaria en relaci\u00f3n con los fines para los que fueron recogidos o posteriormente tratados;<br>c) la certificaci\u00f3n de que las operaciones a que se refieren las letras a) y b) han sido puestas en conocimiento, tambi\u00e9n por lo que respecta a su contenido, de aquellos a quienes se han comunicado o difundido los datos, salvo que ello resulte imposible o implique un esfuerzo manifiestamente desproporcionado respecto al derecho tutelado.<\/li>\n<li>El interesado tendr\u00e1 derecho a oponerse, total o parcialmente: a) por motivos leg\u00edtimos, al tratamiento de los datos personales que le conciernan, aunque sean pertinentes para la finalidad de la recogida; b) al tratamiento de los datos personales que le conciernan, cuando se efect\u00fae con fines de env\u00edo de material publicitario o de venta directa o bien para la realizaci\u00f3n de estudios de mercado o de comunicaci\u00f3n comercial.<\/li>\n<\/ol>\t\t\t\t\t\t\t\t<\/div>\n\t\t\t\t<\/div>\n\t\t\t\t\t<\/div>\n\t\t<\/div>\n\t\t\t\t\t<\/div>\n\t\t<\/section>\n\t\t\t\t<section class=\"elementor-section elementor-top-section elementor-element elementor-element-6054091 elementor-section-full_width elementor-section-height-default elementor-section-height-default\" data-id=\"6054091\" data-element_type=\"section\" data-e-type=\"section\">\n\t\t\t\t\t\t<div class=\"elementor-container elementor-column-gap-default\">\n\t\t\t\t\t<div class=\"elementor-column elementor-col-33 elementor-top-column elementor-element elementor-element-1ba93d4\" data-id=\"1ba93d4\" data-element_type=\"column\" data-e-type=\"column\">\n\t\t\t<div class=\"elementor-widget-wrap\">\n\t\t\t\t\t\t\t<\/div>\n\t\t<\/div>\n\t\t\t\t<div class=\"elementor-column elementor-col-33 elementor-top-column elementor-element elementor-element-bbf00e0\" data-id=\"bbf00e0\" data-element_type=\"column\" data-e-type=\"column\">\n\t\t\t<div class=\"elementor-widget-wrap elementor-element-populated\">\n\t\t\t\t\t\t<div class=\"elementor-element elementor-element-4b25036 elementor-widget elementor-widget-button\" data-id=\"4b25036\" data-element_type=\"widget\" data-e-type=\"widget\" data-widget_type=\"button.default\">\n\t\t\t\t<div class=\"elementor-widget-container\">\n\t\t\t\t\t\t\t\t\t<div class=\"elementor-button-wrapper\">\n\t\t\t\t\t<a class=\"elementor-button elementor-button-link elementor-size-sm\" href=\"https:\/\/colorfest.it\/es\/\">\n\t\t\t\t\t\t<span class=\"elementor-button-content-wrapper\">\n\t\t\t\t\t\t\t\t\t<span class=\"elementor-button-text\">volver al sitio<\/span>\n\t\t\t\t\t<\/span>\n\t\t\t\t\t<\/a>\n\t\t\t\t<\/div>\n\t\t\t\t\t\t\t\t<\/div>\n\t\t\t\t<\/div>\n\t\t\t\t\t<\/div>\n\t\t<\/div>\n\t\t\t\t<div class=\"elementor-column elementor-col-33 elementor-top-column elementor-element elementor-element-a989fbf\" data-id=\"a989fbf\" data-element_type=\"column\" data-e-type=\"column\">\n\t\t\t<div class=\"elementor-widget-wrap\">\n\t\t\t\t\t\t\t<\/div>\n\t\t<\/div>\n\t\t\t\t\t<\/div>\n\t\t<\/section>\n\t\t\t\t<\/div>","protected":false},"excerpt":{"rendered":"<p>&nbsp; Cookie policy Questo sito, come molti altri, utilizza piccoli file, chiamati cookie per aiutarci a personalizzare la tua esperienza. Con il presente documento, ai sensi degli artt. 13 e 122 del D. Lgs. 196\/2003 (\u201ccodice privacy\u201d), nonch\u00e9 in base a quanto previsto dal Provvedimento generale del Garante privacy dell\u20198 maggio 2014 n\u00b0 229, Che [&hellip;]<\/p>\n","protected":false},"author":7,"featured_media":0,"parent":0,"menu_order":0,"comment_status":"closed","ping_status":"closed","template":"","meta":{"_acf_changed":false,"footnotes":""},"class_list":["post-4919","page","type-page","status-publish","hentry"],"acf":[],"yoast_head":"<!-- This site is optimized with the Yoast SEO Premium plugin v27.3 (Yoast SEO v27.4) - https:\/\/yoast.com\/product\/yoast-seo-premium-wordpress\/ -->\n<title>Color Fest 11 - 12 - 13 Agosto 2026| in Calabria<\/title>\n<meta name=\"description\" content=\"Color Fest - Festival di Musica, dal 2013 punto di riferimento per la musica dal vivo &gt;&gt; 11 - 12 - 13 Agosto 2026 Lungomare Falcone Borsellino.\" \/>\n<meta name=\"robots\" content=\"noindex, nofollow\" \/>\n<meta property=\"og:locale\" content=\"es_ES\" \/>\n<meta property=\"og:type\" content=\"article\" \/>\n<meta property=\"og:title\" content=\"Cookie Policy\" \/>\n<meta property=\"og:description\" content=\"Color Fest - Festival di Musica, dal 2013 punto di riferimento per la musica dal vivo &gt;&gt; 11 - 12 - 13 Agosto 2026 Lungomare Falcone Borsellino.\" \/>\n<meta property=\"og:url\" content=\"https:\/\/colorfest.it\/es\/politica-de-cookies\/\" \/>\n<meta property=\"og:site_name\" content=\"Color Fest - Festival di Musica | 11 - 12 - 13 Agosto 2026 | in Calabria\" \/>\n<meta property=\"article:publisher\" content=\"http:\/\/facebook.com\/colorfestlamezia\/\" \/>\n<meta property=\"article:modified_time\" content=\"2023-01-09T22:12:00+00:00\" \/>\n<meta property=\"og:image\" content=\"https:\/\/colorfest.it\/wp-content\/uploads\/2024\/08\/DSCF3400.jpg\" \/>\n\t<meta property=\"og:image:width\" content=\"1600\" \/>\n\t<meta property=\"og:image:height\" content=\"1067\" \/>\n\t<meta property=\"og:image:type\" content=\"image\/jpeg\" \/>\n<meta name=\"twitter:card\" content=\"summary_large_image\" \/>\n<meta name=\"twitter:label1\" content=\"Tiempo de lectura\" \/>\n\t<meta name=\"twitter:data1\" content=\"5 minutos\" \/>\n<script type=\"application\/ld+json\" class=\"yoast-schema-graph\">{\"@context\":\"https:\\\/\\\/schema.org\",\"@graph\":[{\"@type\":\"WebPage\",\"@id\":\"https:\\\/\\\/colorfest.it\\\/cookie-policy\\\/\",\"url\":\"https:\\\/\\\/colorfest.it\\\/cookie-policy\\\/\",\"name\":\"Color Fest 11 - 12 - 13 Agosto 2026| in Calabria\",\"isPartOf\":{\"@id\":\"https:\\\/\\\/colorfest.it\\\/#website\"},\"datePublished\":\"2021-07-01T09:34:05+00:00\",\"dateModified\":\"2023-01-09T22:12:00+00:00\",\"description\":\"Color Fest - Festival di Musica, dal 2013 punto di riferimento per la musica dal vivo >> 11 - 12 - 13 Agosto 2026 Lungomare Falcone Borsellino.\",\"breadcrumb\":{\"@id\":\"https:\\\/\\\/colorfest.it\\\/cookie-policy\\\/#breadcrumb\"},\"inLanguage\":\"es\",\"potentialAction\":[{\"@type\":\"ReadAction\",\"target\":[\"https:\\\/\\\/colorfest.it\\\/cookie-policy\\\/\"]}]},{\"@type\":\"BreadcrumbList\",\"@id\":\"https:\\\/\\\/colorfest.it\\\/cookie-policy\\\/#breadcrumb\",\"itemListElement\":[{\"@type\":\"ListItem\",\"position\":1,\"name\":\"Home\",\"item\":\"https:\\\/\\\/colorfest.it\\\/\"},{\"@type\":\"ListItem\",\"position\":2,\"name\":\"Cookie Policy\"}]},{\"@type\":\"WebSite\",\"@id\":\"https:\\\/\\\/colorfest.it\\\/#website\",\"url\":\"https:\\\/\\\/colorfest.it\\\/\",\"name\":\"Color Fest - Festival di Musica | 11 - 12 - 13 Agosto 2026 | in Calabria\",\"description\":\"Color Fest - Festival di Musica, dal 2013 punto di riferimento per la musica dal vivo &gt;&gt; 11 - 12 - 13 Agosto 2026 Lungomare Falcone Borsellino.\",\"publisher\":{\"@id\":\"https:\\\/\\\/colorfest.it\\\/#organization\"},\"alternateName\":\"Color Fest - Festival di Musica | 11 - 12 - 13 Agosto 2026 @Lungomare Falcone Borsellino\",\"potentialAction\":[{\"@type\":\"SearchAction\",\"target\":{\"@type\":\"EntryPoint\",\"urlTemplate\":\"https:\\\/\\\/colorfest.it\\\/?s={search_term_string}\"},\"query-input\":{\"@type\":\"PropertyValueSpecification\",\"valueRequired\":true,\"valueName\":\"search_term_string\"}}],\"inLanguage\":\"es\"},{\"@type\":\"Organization\",\"@id\":\"https:\\\/\\\/colorfest.it\\\/#organization\",\"name\":\"Che cosa sono le nuvole APS\",\"alternateName\":\"Color Fest\",\"url\":\"https:\\\/\\\/colorfest.it\\\/\",\"logo\":{\"@type\":\"ImageObject\",\"inLanguage\":\"es\",\"@id\":\"https:\\\/\\\/colorfest.it\\\/#\\\/schema\\\/logo\\\/image\\\/\",\"url\":\"https:\\\/\\\/colorfest.it\\\/wp-content\\\/uploads\\\/2022\\\/03\\\/checosasonolenuvole.png\",\"contentUrl\":\"https:\\\/\\\/colorfest.it\\\/wp-content\\\/uploads\\\/2022\\\/03\\\/checosasonolenuvole.png\",\"width\":952,\"height\":844,\"caption\":\"Che cosa sono le nuvole APS\"},\"image\":{\"@id\":\"https:\\\/\\\/colorfest.it\\\/#\\\/schema\\\/logo\\\/image\\\/\"},\"sameAs\":[\"http:\\\/\\\/facebook.com\\\/colorfestlamezia\\\/\",\"http:\\\/\\\/instagram.com\\\/color_fest_\\\/\",\"https:\\\/\\\/www.linkedin.com\\\/company\\\/color-fest\\\/\"],\"description\":\"Color Fest - Festival di Musica, dal 2013 punto di riferimento per la musica dal vivo >> 11 - 12 - 13 Agosto 2026 Lungomare Falcone Borsellino.\",\"email\":\"scrivi@colorfest.it\",\"legalName\":\"Che cosa sono le nuvole APS\",\"foundingDate\":\"2012-10-12\",\"vatID\":\"03309120792\",\"taxID\":\"92029190797\",\"numberOfEmployees\":{\"@type\":\"QuantitativeValue\",\"minValue\":\"11\",\"maxValue\":\"50\"}}]}<\/script>\n<!-- \/ Yoast SEO Premium plugin. -->","yoast_head_json":{"title":"Color Fest 11 - 12 - 13 de agosto de 2026| en Calabria","description":"Color Fest - Festival de M\u00fasica, desde 2013 un punto de referencia para la m\u00fasica en vivo &gt;&gt; 11 - 12 - 13 Agosto 2026 Lungomare Falcone Borsellino","robots":{"index":"noindex","follow":"nofollow"},"og_locale":"es_ES","og_type":"article","og_title":"Cookie Policy","og_description":"Color Fest - Festival di Musica, dal 2013 punto di riferimento per la musica dal vivo >> 11 - 12 - 13 Agosto 2026 Lungomare Falcone Borsellino.","og_url":"https:\/\/colorfest.it\/es\/politica-de-cookies\/","og_site_name":"Color Fest - Festival di Musica | 11 - 12 - 13 Agosto 2026 | in Calabria","article_publisher":"http:\/\/facebook.com\/colorfestlamezia\/","article_modified_time":"2023-01-09T22:12:00+00:00","og_image":[{"width":1600,"height":1067,"url":"https:\/\/colorfest.it\/wp-content\/uploads\/2024\/08\/DSCF3400.jpg","type":"image\/jpeg"}],"twitter_card":"summary_large_image","twitter_misc":{"Tiempo de lectura":"5 minutos"},"schema":{"@context":"https:\/\/schema.org","@graph":[{"@type":"WebPage","@id":"https:\/\/colorfest.it\/cookie-policy\/","url":"https:\/\/colorfest.it\/cookie-policy\/","name":"Color Fest 11 - 12 - 13 de agosto de 2026| en Calabria","isPartOf":{"@id":"https:\/\/colorfest.it\/#website"},"datePublished":"2021-07-01T09:34:05+00:00","dateModified":"2023-01-09T22:12:00+00:00","description":"Color Fest - Festival de M\u00fasica, desde 2013 un punto de referencia para la m\u00fasica en vivo &gt;&gt; 11 - 12 - 13 Agosto 2026 Lungomare Falcone Borsellino","breadcrumb":{"@id":"https:\/\/colorfest.it\/cookie-policy\/#breadcrumb"},"inLanguage":"es","potentialAction":[{"@type":"ReadAction","target":["https:\/\/colorfest.it\/cookie-policy\/"]}]},{"@type":"BreadcrumbList","@id":"https:\/\/colorfest.it\/cookie-policy\/#breadcrumb","itemListElement":[{"@type":"ListItem","position":1,"name":"Home","item":"https:\/\/colorfest.it\/"},{"@type":"ListItem","position":2,"name":"Cookie Policy"}]},{"@type":"WebSite","@id":"https:\/\/colorfest.it\/#website","url":"https:\/\/colorfest.it\/","name":"Color Fest - Festival de M\u00fasica | 11 - 12 - 13 agosto 2026 | en Calabria","description":"Color Fest - Festival de M\u00fasica, desde 2013 un punto de referencia para la m\u00fasica en vivo &gt;&gt; 11 - 12 - 13 Agosto 2026 Lungomare Falcone Borsellino","publisher":{"@id":"https:\/\/colorfest.it\/#organization"},"alternateName":"Color Fest - Festival di Musica | 11 - 12 - 13 Agosto 2026 @Lungomare Falcone Borsellino","potentialAction":[{"@type":"SearchAction","target":{"@type":"EntryPoint","urlTemplate":"https:\/\/colorfest.it\/?s={search_term_string}"},"query-input":{"@type":"PropertyValueSpecification","valueRequired":true,"valueName":"search_term_string"}}],"inLanguage":"es"},{"@type":"Organization","@id":"https:\/\/colorfest.it\/#organization","name":"Qu\u00e9 son las nubes APS","alternateName":"Color Fest","url":"https:\/\/colorfest.it\/","logo":{"@type":"ImageObject","inLanguage":"es","@id":"https:\/\/colorfest.it\/#\/schema\/logo\/image\/","url":"https:\/\/colorfest.it\/wp-content\/uploads\/2022\/03\/checosasonolenuvole.png","contentUrl":"https:\/\/colorfest.it\/wp-content\/uploads\/2022\/03\/checosasonolenuvole.png","width":952,"height":844,"caption":"Che cosa sono le nuvole APS"},"image":{"@id":"https:\/\/colorfest.it\/#\/schema\/logo\/image\/"},"sameAs":["http:\/\/facebook.com\/colorfestlamezia\/","http:\/\/instagram.com\/color_fest_\/","https:\/\/www.linkedin.com\/company\/color-fest\/"],"description":"Color Fest - Festival de M\u00fasica, desde 2013 un punto de referencia para la m\u00fasica en vivo &gt;&gt; 11 - 12 - 13 Agosto 2026 Lungomare Falcone Borsellino","email":"scrivi@colorfest.it","legalName":"Che cosa sono le nuvole APS","foundingDate":"2012-10-12","vatID":"03309120792","taxID":"92029190797","numberOfEmployees":{"@type":"QuantitativeValue","minValue":"11","maxValue":"50"}}]}},"_links":{"self":[{"href":"https:\/\/colorfest.it\/es\/wp-json\/wp\/v2\/pages\/4919","targetHints":{"allow":["GET"]}}],"collection":[{"href":"https:\/\/colorfest.it\/es\/wp-json\/wp\/v2\/pages"}],"about":[{"href":"https:\/\/colorfest.it\/es\/wp-json\/wp\/v2\/types\/page"}],"author":[{"embeddable":true,"href":"https:\/\/colorfest.it\/es\/wp-json\/wp\/v2\/users\/7"}],"replies":[{"embeddable":true,"href":"https:\/\/colorfest.it\/es\/wp-json\/wp\/v2\/comments?post=4919"}],"version-history":[{"count":0,"href":"https:\/\/colorfest.it\/es\/wp-json\/wp\/v2\/pages\/4919\/revisions"}],"wp:attachment":[{"href":"https:\/\/colorfest.it\/es\/wp-json\/wp\/v2\/media?parent=4919"}],"curies":[{"name":"wp","href":"https:\/\/api.w.org\/{rel}","templated":true}]}}