{"id":20489,"date":"2025-03-21T12:52:58","date_gmt":"2025-03-21T11:52:58","guid":{"rendered":"https:\/\/colorfest.it\/?page_id=20489"},"modified":"2025-08-18T15:11:02","modified_gmt":"2025-08-18T13:11:02","slug":"mapa","status":"publish","type":"page","link":"https:\/\/colorfest.it\/es\/mappa\/","title":{"rendered":"Mapa"},"content":{"rendered":"<div data-elementor-type=\"wp-page\" data-elementor-id=\"20489\" class=\"elementor elementor-20489\" data-elementor-post-type=\"page\">\n\t\t\t\t\t\t<section class=\"elementor-section elementor-top-section elementor-element elementor-element-f6c8d2b elementor-section-full_width elementor-section-height-default elementor-section-height-default\" data-id=\"f6c8d2b\" data-element_type=\"section\" data-e-type=\"section\" data-settings=\"{&quot;background_background&quot;:&quot;classic&quot;}\">\n\t\t\t\t\t\t\t<div class=\"elementor-background-overlay\"><\/div>\n\t\t\t\t\t\t\t<div class=\"elementor-container elementor-column-gap-no\">\n\t\t\t\t\t<div class=\"elementor-column elementor-col-100 elementor-top-column elementor-element elementor-element-1cfc232\" data-id=\"1cfc232\" data-element_type=\"column\" data-e-type=\"column\">\n\t\t\t<div class=\"elementor-widget-wrap elementor-element-populated\">\n\t\t\t\t\t\t<div class=\"elementor-element elementor-element-4e3e186 elementor-widget elementor-widget-heading\" data-id=\"4e3e186\" data-element_type=\"widget\" data-e-type=\"widget\" data-widget_type=\"heading.default\">\n\t\t\t\t<div class=\"elementor-widget-container\">\n\t\t\t\t\t<h1 class=\"elementor-heading-title elementor-size-default\">Mapa Color Fest <\/h1>\t\t\t\t<\/div>\n\t\t\t\t<\/div>\n\t\t\t\t\t<\/div>\n\t\t<\/div>\n\t\t\t\t\t<\/div>\n\t\t<\/section>\n\t\t\t\t<section class=\"elementor-section elementor-top-section elementor-element elementor-element-a56e534 elementor-section-full_width elementor-hidden-desktop elementor-section-height-default elementor-section-height-default\" data-id=\"a56e534\" data-element_type=\"section\" data-e-type=\"section\">\n\t\t\t\t\t\t<div class=\"elementor-container elementor-column-gap-no\">\n\t\t\t\t\t<div class=\"elementor-column elementor-col-100 elementor-top-column elementor-element elementor-element-4834b73\" data-id=\"4834b73\" data-element_type=\"column\" data-e-type=\"column\">\n\t\t\t<div class=\"elementor-widget-wrap elementor-element-populated\">\n\t\t\t\t\t\t<div class=\"elementor-element elementor-element-d23083a elementor-pagination-position-outside elementor-widget elementor-widget-image-carousel\" data-id=\"d23083a\" data-element_type=\"widget\" data-e-type=\"widget\" data-settings=\"{&quot;slides_to_show_mobile&quot;:&quot;1&quot;,&quot;navigation&quot;:&quot;dots&quot;,&quot;autoplay&quot;:&quot;yes&quot;,&quot;pause_on_hover&quot;:&quot;yes&quot;,&quot;pause_on_interaction&quot;:&quot;yes&quot;,&quot;autoplay_speed&quot;:5000,&quot;infinite&quot;:&quot;yes&quot;,&quot;speed&quot;:500}\" data-widget_type=\"image-carousel.default\">\n\t\t\t\t<div class=\"elementor-widget-container\">\n\t\t\t\t\t\t\t<div class=\"elementor-image-carousel-wrapper swiper\" role=\"region\" aria-roledescription=\"carousel\" aria-label=\"Carrusel de im\u00e1genes\" dir=\"ltr\">\n\t\t\t<div class=\"elementor-image-carousel swiper-wrapper\" aria-live=\"off\">\n\t\t\t\t\t\t\t\t<div class=\"swiper-slide\" role=\"group\" aria-roledescription=\"slide\" aria-label=\"1 de 3\" data-no-translation-aria-label=\"\"><figure class=\"swiper-slide-inner\"><img decoding=\"async\" class=\"swiper-slide-image\" src=\"https:\/\/colorfest.it\/wp-content\/uploads\/2025\/05\/Color-Fest-mappa-1-scaled.webp\" alt=\"Mapa Fest en color - 1\" \/><\/figure><\/div><div class=\"swiper-slide\" role=\"group\" aria-roledescription=\"slide\" aria-label=\"2 de 3\" data-no-translation-aria-label=\"\"><figure class=\"swiper-slide-inner\"><img decoding=\"async\" class=\"swiper-slide-image\" src=\"https:\/\/colorfest.it\/wp-content\/uploads\/2025\/05\/Color-Fest-mappa-2-scaled.webp\" alt=\"Mapa Fest en color - 2\" \/><\/figure><\/div><div class=\"swiper-slide\" role=\"group\" aria-roledescription=\"slide\" aria-label=\"3 de 3\" data-no-translation-aria-label=\"\"><figure class=\"swiper-slide-inner\"><img decoding=\"async\" class=\"swiper-slide-image\" src=\"https:\/\/colorfest.it\/wp-content\/uploads\/2025\/05\/Color-Fest-mappa-3-scaled.webp\" alt=\"Mapa Fest en color - 3\" \/><\/figure><\/div>\t\t\t<\/div>\n\t\t\t\t\t\t\t\n\t\t\t\t\t\t\t\t\t<div class=\"swiper-pagination\"><\/div>\n\t\t\t\t\t\t\t\t\t<\/div>\n\t\t\t\t\t\t<\/div>\n\t\t\t\t<\/div>\n\t\t\t\t\t<\/div>\n\t\t<\/div>\n\t\t\t\t\t<\/div>\n\t\t<\/section>\n\t\t\t\t<section class=\"elementor-section elementor-top-section elementor-element elementor-element-a3b2a7b elementor-section-full_width elementor-section-stretched elementor-hidden-tablet elementor-hidden-mobile elementor-section-height-default elementor-section-height-default\" data-id=\"a3b2a7b\" data-element_type=\"section\" data-e-type=\"section\" data-settings=\"{&quot;stretch_section&quot;:&quot;section-stretched&quot;}\">\n\t\t\t\t\t\t<div class=\"elementor-container elementor-column-gap-no\">\n\t\t\t\t\t<div class=\"elementor-column elementor-col-100 elementor-top-column elementor-element elementor-element-52df66f\" data-id=\"52df66f\" data-element_type=\"column\" data-e-type=\"column\">\n\t\t\t<div class=\"elementor-widget-wrap elementor-element-populated\">\n\t\t\t\t\t\t<div class=\"elementor-element elementor-element-1e8713c elementor-widget elementor-widget-image\" data-id=\"1e8713c\" data-element_type=\"widget\" data-e-type=\"widget\" data-widget_type=\"image.default\">\n\t\t\t\t<div class=\"elementor-widget-container\">\n\t\t\t\t\t\t\t\t\t\t\t\t\t\t\t<img fetchpriority=\"high\" decoding=\"async\" width=\"2349\" height=\"1392\" src=\"https:\/\/colorfest.it\/wp-content\/uploads\/2025\/05\/Mappa-Color-Fest-13_.webp\" class=\"attachment-full size-full wp-image-21359\" alt=\"Mapa Color Fest 13\" srcset=\"https:\/\/colorfest.it\/wp-content\/uploads\/2025\/05\/Mappa-Color-Fest-13_.webp 2349w, https:\/\/colorfest.it\/wp-content\/uploads\/2025\/05\/Mappa-Color-Fest-13_-1600x948.webp 1600w, https:\/\/colorfest.it\/wp-content\/uploads\/2025\/05\/Mappa-Color-Fest-13_-1280x759.webp 1280w, https:\/\/colorfest.it\/wp-content\/uploads\/2025\/05\/Mappa-Color-Fest-13_-300x178.webp 300w, https:\/\/colorfest.it\/wp-content\/uploads\/2025\/05\/Mappa-Color-Fest-13_-1024x607.webp 1024w, https:\/\/colorfest.it\/wp-content\/uploads\/2025\/05\/Mappa-Color-Fest-13_-768x455.webp 768w, https:\/\/colorfest.it\/wp-content\/uploads\/2025\/05\/Mappa-Color-Fest-13_-1536x910.webp 1536w, https:\/\/colorfest.it\/wp-content\/uploads\/2025\/05\/Mappa-Color-Fest-13_-2048x1214.webp 2048w, https:\/\/colorfest.it\/wp-content\/uploads\/2025\/05\/Mappa-Color-Fest-13_-18x12.webp 18w\" sizes=\"(max-width: 2349px) 100vw, 2349px\" \/>\t\t\t\t\t\t\t\t\t\t\t\t\t\t\t<\/div>\n\t\t\t\t<\/div>\n\t\t\t\t\t<\/div>\n\t\t<\/div>\n\t\t\t\t\t<\/div>\n\t\t<\/section>\n\t\t\t\t<\/div>","protected":false},"excerpt":{"rendered":"<p>Mapa Color Fest<\/p>","protected":false},"author":7,"featured_media":0,"parent":0,"menu_order":0,"comment_status":"closed","ping_status":"closed","template":"","meta":{"_acf_changed":false,"footnotes":""},"class_list":["post-20489","page","type-page","status-publish","hentry"],"acf":[],"yoast_head":"<!-- This site is optimized with the Yoast SEO Premium plugin v27.2 (Yoast SEO v27.3) - https:\/\/yoast.com\/product\/yoast-seo-premium-wordpress\/ -->\n<title>Mappa Color Fest | 11 - 12 - 13 Agosto 2026 | in Calabria<\/title>\n<meta name=\"description\" content=\"Scopri la mappa ufficiale del Color Fest - Festival di Musica &gt;&gt; 11 - 12 - 13 Agosto sul Lungomare Falcone Borsellino - Riviera dei Tramonti\" \/>\n<meta name=\"robots\" content=\"index, follow, max-snippet:-1, max-image-preview:large, max-video-preview:-1\" \/>\n<link rel=\"canonical\" href=\"https:\/\/colorfest.it\/es\/mapa\/\" \/>\n<meta property=\"og:locale\" content=\"es_ES\" \/>\n<meta property=\"og:type\" content=\"article\" \/>\n<meta property=\"og:title\" content=\"Mappa\" \/>\n<meta property=\"og:description\" content=\"Color Fest - Festival di Musica, dal 2013 punto di riferimento per la musica dal vivo &gt;&gt; 11 - 12 - 13 Agosto 2026 Lungomare Falcone Borsellino.\" \/>\n<meta property=\"og:url\" content=\"https:\/\/colorfest.it\/es\/mapa\/\" \/>\n<meta property=\"og:site_name\" content=\"Color Fest - Festival di Musica | 11 - 12 - 13 Agosto 2026 | in Calabria\" \/>\n<meta property=\"article:publisher\" content=\"http:\/\/facebook.com\/colorfestlamezia\/\" \/>\n<meta property=\"article:modified_time\" content=\"2025-08-18T13:11:02+00:00\" \/>\n<meta property=\"og:image\" content=\"https:\/\/colorfest.it\/wp-content\/uploads\/2025\/05\/Color-Fest-mappa-1-scaled.webp\" \/>\n<meta name=\"twitter:card\" content=\"summary_large_image\" \/>\n<meta name=\"twitter:label1\" content=\"Tiempo de lectura\" \/>\n\t<meta name=\"twitter:data1\" content=\"1 minuto\" \/>\n<script type=\"application\/ld+json\" class=\"yoast-schema-graph\">{\"@context\":\"https:\\\/\\\/schema.org\",\"@graph\":[{\"@type\":\"WebPage\",\"@id\":\"https:\\\/\\\/colorfest.it\\\/mappa\\\/\",\"url\":\"https:\\\/\\\/colorfest.it\\\/mappa\\\/\",\"name\":\"Mappa Color Fest | 11 - 12 - 13 Agosto 2026 | in Calabria\",\"isPartOf\":{\"@id\":\"https:\\\/\\\/colorfest.it\\\/#website\"},\"primaryImageOfPage\":{\"@id\":\"https:\\\/\\\/colorfest.it\\\/mappa\\\/#primaryimage\"},\"image\":{\"@id\":\"https:\\\/\\\/colorfest.it\\\/mappa\\\/#primaryimage\"},\"thumbnailUrl\":\"https:\\\/\\\/colorfest.it\\\/wp-content\\\/uploads\\\/2025\\\/05\\\/Color-Fest-mappa-1-scaled.webp\",\"datePublished\":\"2025-03-21T11:52:58+00:00\",\"dateModified\":\"2025-08-18T13:11:02+00:00\",\"description\":\"Scopri la mappa ufficiale del Color Fest - Festival di Musica >> 11 - 12 - 13 Agosto sul Lungomare Falcone Borsellino - Riviera dei Tramonti\",\"breadcrumb\":{\"@id\":\"https:\\\/\\\/colorfest.it\\\/mappa\\\/#breadcrumb\"},\"inLanguage\":\"es\",\"potentialAction\":[{\"@type\":\"ReadAction\",\"target\":[\"https:\\\/\\\/colorfest.it\\\/mappa\\\/\"]}]},{\"@type\":\"ImageObject\",\"inLanguage\":\"es\",\"@id\":\"https:\\\/\\\/colorfest.it\\\/mappa\\\/#primaryimage\",\"url\":\"https:\\\/\\\/colorfest.it\\\/wp-content\\\/uploads\\\/2025\\\/05\\\/Color-Fest-mappa-1-scaled.webp\",\"contentUrl\":\"https:\\\/\\\/colorfest.it\\\/wp-content\\\/uploads\\\/2025\\\/05\\\/Color-Fest-mappa-1-scaled.webp\"},{\"@type\":\"BreadcrumbList\",\"@id\":\"https:\\\/\\\/colorfest.it\\\/mappa\\\/#breadcrumb\",\"itemListElement\":[{\"@type\":\"ListItem\",\"position\":1,\"name\":\"Home\",\"item\":\"https:\\\/\\\/colorfest.it\\\/\"},{\"@type\":\"ListItem\",\"position\":2,\"name\":\"Mappa\"}]},{\"@type\":\"WebSite\",\"@id\":\"https:\\\/\\\/colorfest.it\\\/#website\",\"url\":\"https:\\\/\\\/colorfest.it\\\/\",\"name\":\"Color Fest - Festival di Musica | 11 - 12 - 13 Agosto 2026 | in Calabria\",\"description\":\"Color Fest - Festival di Musica, dal 2013 punto di riferimento per la musica dal vivo &gt;&gt; 11 - 12 - 13 Agosto 2026 Lungomare Falcone Borsellino.\",\"publisher\":{\"@id\":\"https:\\\/\\\/colorfest.it\\\/#organization\"},\"alternateName\":\"Color Fest - Festival di Musica | 11 - 12 - 13 Agosto 2026 @Lungomare Falcone Borsellino\",\"potentialAction\":[{\"@type\":\"SearchAction\",\"target\":{\"@type\":\"EntryPoint\",\"urlTemplate\":\"https:\\\/\\\/colorfest.it\\\/?s={search_term_string}\"},\"query-input\":{\"@type\":\"PropertyValueSpecification\",\"valueRequired\":true,\"valueName\":\"search_term_string\"}}],\"inLanguage\":\"es\"},{\"@type\":\"Organization\",\"@id\":\"https:\\\/\\\/colorfest.it\\\/#organization\",\"name\":\"Che cosa sono le nuvole APS\",\"alternateName\":\"Color Fest\",\"url\":\"https:\\\/\\\/colorfest.it\\\/\",\"logo\":{\"@type\":\"ImageObject\",\"inLanguage\":\"es\",\"@id\":\"https:\\\/\\\/colorfest.it\\\/#\\\/schema\\\/logo\\\/image\\\/\",\"url\":\"https:\\\/\\\/colorfest.it\\\/wp-content\\\/uploads\\\/2022\\\/03\\\/checosasonolenuvole.png\",\"contentUrl\":\"https:\\\/\\\/colorfest.it\\\/wp-content\\\/uploads\\\/2022\\\/03\\\/checosasonolenuvole.png\",\"width\":952,\"height\":844,\"caption\":\"Che cosa sono le nuvole APS\"},\"image\":{\"@id\":\"https:\\\/\\\/colorfest.it\\\/#\\\/schema\\\/logo\\\/image\\\/\"},\"sameAs\":[\"http:\\\/\\\/facebook.com\\\/colorfestlamezia\\\/\",\"http:\\\/\\\/instagram.com\\\/color_fest_\\\/\",\"https:\\\/\\\/www.linkedin.com\\\/company\\\/color-fest\\\/\"],\"description\":\"Color Fest - Festival di Musica, dal 2013 punto di riferimento per la musica dal vivo >> 11 - 12 - 13 Agosto 2026 Lungomare Falcone Borsellino.\",\"email\":\"scrivi@colorfest.it\",\"legalName\":\"Che cosa sono le nuvole APS\",\"foundingDate\":\"2012-10-12\",\"vatID\":\"03309120792\",\"taxID\":\"92029190797\",\"numberOfEmployees\":{\"@type\":\"QuantitativeValue\",\"minValue\":\"11\",\"maxValue\":\"50\"}}]}<\/script>\n<!-- \/ Yoast SEO Premium plugin. -->","yoast_head_json":{"title":"Map Color Fest | 11 - 12 - 13 de agosto de 2026 | en Calabria","description":"Descubra el mapa oficial del Color Fest - Festival de M\u00fasica &gt;&gt; 11 - 12 - 13 de agosto en el Lungomare Falcone Borsellino - Riviera dei Tramonti","robots":{"index":"index","follow":"follow","max-snippet":"max-snippet:-1","max-image-preview":"max-image-preview:large","max-video-preview":"max-video-preview:-1"},"canonical":"https:\/\/colorfest.it\/es\/mapa\/","og_locale":"es_ES","og_type":"article","og_title":"Mappa","og_description":"Color Fest - Festival di Musica, dal 2013 punto di riferimento per la musica dal vivo >> 11 - 12 - 13 Agosto 2026 Lungomare Falcone Borsellino.","og_url":"https:\/\/colorfest.it\/es\/mapa\/","og_site_name":"Color Fest - Festival di Musica | 11 - 12 - 13 Agosto 2026 | in Calabria","article_publisher":"http:\/\/facebook.com\/colorfestlamezia\/","article_modified_time":"2025-08-18T13:11:02+00:00","og_image":[{"url":"https:\/\/colorfest.it\/wp-content\/uploads\/2025\/05\/Color-Fest-mappa-1-scaled.webp","type":"","width":"","height":""}],"twitter_card":"summary_large_image","twitter_misc":{"Tiempo de lectura":"1 minuto"},"schema":{"@context":"https:\/\/schema.org","@graph":[{"@type":"WebPage","@id":"https:\/\/colorfest.it\/mappa\/","url":"https:\/\/colorfest.it\/mappa\/","name":"Map Color Fest | 11 - 12 - 13 de agosto de 2026 | en Calabria","isPartOf":{"@id":"https:\/\/colorfest.it\/#website"},"primaryImageOfPage":{"@id":"https:\/\/colorfest.it\/mappa\/#primaryimage"},"image":{"@id":"https:\/\/colorfest.it\/mappa\/#primaryimage"},"thumbnailUrl":"https:\/\/colorfest.it\/wp-content\/uploads\/2025\/05\/Color-Fest-mappa-1-scaled.webp","datePublished":"2025-03-21T11:52:58+00:00","dateModified":"2025-08-18T13:11:02+00:00","description":"Descubra el mapa oficial del Color Fest - Festival de M\u00fasica &gt;&gt; 11 - 12 - 13 de agosto en el Lungomare Falcone Borsellino - Riviera dei Tramonti","breadcrumb":{"@id":"https:\/\/colorfest.it\/mappa\/#breadcrumb"},"inLanguage":"es","potentialAction":[{"@type":"ReadAction","target":["https:\/\/colorfest.it\/mappa\/"]}]},{"@type":"ImageObject","inLanguage":"es","@id":"https:\/\/colorfest.it\/mappa\/#primaryimage","url":"https:\/\/colorfest.it\/wp-content\/uploads\/2025\/05\/Color-Fest-mappa-1-scaled.webp","contentUrl":"https:\/\/colorfest.it\/wp-content\/uploads\/2025\/05\/Color-Fest-mappa-1-scaled.webp"},{"@type":"BreadcrumbList","@id":"https:\/\/colorfest.it\/mappa\/#breadcrumb","itemListElement":[{"@type":"ListItem","position":1,"name":"Home","item":"https:\/\/colorfest.it\/"},{"@type":"ListItem","position":2,"name":"Mappa"}]},{"@type":"WebSite","@id":"https:\/\/colorfest.it\/#website","url":"https:\/\/colorfest.it\/","name":"Color Fest - Festival de M\u00fasica | 11 - 12 - 13 agosto 2026 | en Calabria","description":"Color Fest - Festival de M\u00fasica, desde 2013 un punto de referencia para la m\u00fasica en vivo &gt;&gt; 11 - 12 - 13 Agosto 2026 Lungomare Falcone Borsellino","publisher":{"@id":"https:\/\/colorfest.it\/#organization"},"alternateName":"Color Fest - Festival di Musica | 11 - 12 - 13 Agosto 2026 @Lungomare Falcone Borsellino","potentialAction":[{"@type":"SearchAction","target":{"@type":"EntryPoint","urlTemplate":"https:\/\/colorfest.it\/?s={search_term_string}"},"query-input":{"@type":"PropertyValueSpecification","valueRequired":true,"valueName":"search_term_string"}}],"inLanguage":"es"},{"@type":"Organization","@id":"https:\/\/colorfest.it\/#organization","name":"Qu\u00e9 son las nubes APS","alternateName":"Color Fest","url":"https:\/\/colorfest.it\/","logo":{"@type":"ImageObject","inLanguage":"es","@id":"https:\/\/colorfest.it\/#\/schema\/logo\/image\/","url":"https:\/\/colorfest.it\/wp-content\/uploads\/2022\/03\/checosasonolenuvole.png","contentUrl":"https:\/\/colorfest.it\/wp-content\/uploads\/2022\/03\/checosasonolenuvole.png","width":952,"height":844,"caption":"Che cosa sono le nuvole APS"},"image":{"@id":"https:\/\/colorfest.it\/#\/schema\/logo\/image\/"},"sameAs":["http:\/\/facebook.com\/colorfestlamezia\/","http:\/\/instagram.com\/color_fest_\/","https:\/\/www.linkedin.com\/company\/color-fest\/"],"description":"Color Fest - Festival de M\u00fasica, desde 2013 un punto de referencia para la m\u00fasica en vivo &gt;&gt; 11 - 12 - 13 Agosto 2026 Lungomare Falcone Borsellino","email":"scrivi@colorfest.it","legalName":"Che cosa sono le nuvole APS","foundingDate":"2012-10-12","vatID":"03309120792","taxID":"92029190797","numberOfEmployees":{"@type":"QuantitativeValue","minValue":"11","maxValue":"50"}}]}},"_links":{"self":[{"href":"https:\/\/colorfest.it\/es\/wp-json\/wp\/v2\/pages\/20489","targetHints":{"allow":["GET"]}}],"collection":[{"href":"https:\/\/colorfest.it\/es\/wp-json\/wp\/v2\/pages"}],"about":[{"href":"https:\/\/colorfest.it\/es\/wp-json\/wp\/v2\/types\/page"}],"author":[{"embeddable":true,"href":"https:\/\/colorfest.it\/es\/wp-json\/wp\/v2\/users\/7"}],"replies":[{"embeddable":true,"href":"https:\/\/colorfest.it\/es\/wp-json\/wp\/v2\/comments?post=20489"}],"version-history":[{"count":0,"href":"https:\/\/colorfest.it\/es\/wp-json\/wp\/v2\/pages\/20489\/revisions"}],"wp:attachment":[{"href":"https:\/\/colorfest.it\/es\/wp-json\/wp\/v2\/media?parent=20489"}],"curies":[{"name":"wp","href":"https:\/\/api.w.org\/{rel}","templated":true}]}}