{"id":17312,"date":"2024-07-03T14:04:27","date_gmt":"2024-07-03T12:04:27","guid":{"rendered":"https:\/\/colorfest.it\/?page_id=17312"},"modified":"2025-08-18T15:12:37","modified_gmt":"2025-08-18T13:12:37","slug":"reglamento","status":"publish","type":"page","link":"https:\/\/colorfest.it\/es\/regolamento\/","title":{"rendered":"Reglamento del festival"},"content":{"rendered":"<div data-elementor-type=\"wp-page\" data-elementor-id=\"17312\" class=\"elementor elementor-17312\" data-elementor-post-type=\"page\">\n\t\t\t\t\t\t<section class=\"elementor-section elementor-top-section elementor-element elementor-element-f1cdd8d elementor-section-full_width elementor-section-height-default elementor-section-height-default\" data-id=\"f1cdd8d\" data-element_type=\"section\" data-e-type=\"section\">\n\t\t\t\t\t\t<div class=\"elementor-container elementor-column-gap-default\">\n\t\t\t\t\t<div class=\"elementor-column elementor-col-100 elementor-top-column elementor-element elementor-element-f536c54\" data-id=\"f536c54\" data-element_type=\"column\" data-e-type=\"column\" data-settings=\"{&quot;background_background&quot;:&quot;classic&quot;}\">\n\t\t\t<div class=\"elementor-widget-wrap elementor-element-populated\">\n\t\t\t\t\t\t<div class=\"elementor-element elementor-element-e678618 elementor-widget elementor-widget-spacer\" data-id=\"e678618\" data-element_type=\"widget\" data-e-type=\"widget\" data-widget_type=\"spacer.default\">\n\t\t\t\t<div class=\"elementor-widget-container\">\n\t\t\t\t\t\t\t<div class=\"elementor-spacer\">\n\t\t\t<div class=\"elementor-spacer-inner\"><\/div>\n\t\t<\/div>\n\t\t\t\t\t\t<\/div>\n\t\t\t\t<\/div>\n\t\t\t\t\t<\/div>\n\t\t<\/div>\n\t\t\t\t\t<\/div>\n\t\t<\/section>\n\t\t\t\t<section class=\"elementor-section elementor-top-section elementor-element elementor-element-ab8b877 elementor-section-full_width elementor-section-content-middle elementor-section-height-default elementor-section-height-default\" data-id=\"ab8b877\" data-element_type=\"section\" data-e-type=\"section\">\n\t\t\t\t\t\t<div class=\"elementor-container elementor-column-gap-default\">\n\t\t\t\t\t<div class=\"elementor-column elementor-col-100 elementor-top-column elementor-element elementor-element-efbc911\" data-id=\"efbc911\" data-element_type=\"column\" data-e-type=\"column\">\n\t\t\t<div class=\"elementor-widget-wrap elementor-element-populated\">\n\t\t\t\t\t\t<div class=\"elementor-element elementor-element-0c8e316 elementor-widget elementor-widget-heading\" data-id=\"0c8e316\" data-element_type=\"widget\" data-e-type=\"widget\" data-widget_type=\"heading.default\">\n\t\t\t\t<div class=\"elementor-widget-container\">\n\t\t\t\t\t<h1 class=\"elementor-heading-title elementor-size-default\">Bienvenido* a la <br>Fiesta del color<\/h1>\t\t\t\t<\/div>\n\t\t\t\t<\/div>\n\t\t\t\t<div class=\"elementor-element elementor-element-97b0b99 elementor-widget elementor-widget-heading\" data-id=\"97b0b99\" data-element_type=\"widget\" data-e-type=\"widget\" data-widget_type=\"heading.default\">\n\t\t\t\t<div class=\"elementor-widget-container\">\n\t\t\t\t\t<h1 class=\"elementor-heading-title elementor-size-default\">Reglamento:<\/h1>\t\t\t\t<\/div>\n\t\t\t\t<\/div>\n\t\t\t\t<div class=\"elementor-element elementor-element-b233a55 elementor-widget elementor-widget-text-editor\" data-id=\"b233a55\" data-element_type=\"widget\" data-e-type=\"widget\" data-widget_type=\"text-editor.default\">\n\t\t\t\t<div class=\"elementor-widget-container\">\n\t\t\t\t\t\t\t\t\t<p>Con el fin de garantizar una experiencia segura y agradable para todos los participantes, le rogamos que lea y respete las siguientes normas:<\/p>\n<p><strong>1. Introducci\u00f3n<\/strong> Las normas aqu\u00ed descritas se han establecido para garantizar la seguridad, la salud y el bienestar de todos los participantes en el Color Fest. La cooperaci\u00f3n de cada participante es crucial para el \u00e9xito del evento.<\/p>\n<p><strong>2. Prohibici\u00f3n de introducir alimentos y bebidas procedentes del exterior<\/strong> Por razones de seguridad y responsabilidad, est\u00e1 prohibido introducir alimentos y bebidas del exterior en la zona de conciertos del Color Fest. Esta prohibici\u00f3n se ha adoptado de conformidad con la normativa local y nacional, as\u00ed como para garantizar la calidad y seguridad de los alimentos consumidos dentro del Festival.<\/p>\n<p><strong>3. Zonas de ALIMENTOS y BEBIDAS<\/strong> Dentro de la zona de conciertos habr\u00e1 <b>Zonas de comidas y bebidas<\/b> donde se ofrecer\u00e1 una amplia gama de alimentos y bebidas. La oferta incluir\u00e1 alternativas veganas, vegetarianas, c\u00e1rnicas y sin gluten, as\u00ed como bebidas no alcoh\u00f3licas para satisfacer las distintas necesidades diet\u00e9ticas de los participantes. Para necesidades especiales relacionadas con <u><b>enfermedad cel\u00edaca<\/b><\/u> y la contaminaci\u00f3n por gluten, se permitir\u00e1 a los cel\u00edacos traer alimentos espec\u00edficos del exterior. (v\u00e9ase el punto 4)<\/p>\n<p><strong>4. Excepciones para cel\u00edacos<\/strong> Reconocemos la importancia de ofrecer opciones seguras a los participantes con necesidades diet\u00e9ticas especiales, como los cel\u00edacos. Por ello, <u>se permitir\u00e1 llevar alimentos espec\u00edficos para cel\u00edacos<\/u> para evitar la contaminaci\u00f3n por gluten, que es dif\u00edcil de controlar.<\/p>\n<p><strong>5. Responsabilidad<\/strong> La decisi\u00f3n de prohibir la introducci\u00f3n de alimentos procedentes del exterior se tom\u00f3 para garantizar:<\/p>\n<ul>\n<li>La <b>seguridad<\/b> alimentaci\u00f3n: vigilando y controlando la calidad de los alimentos ofrecidos, podemos prevenir posibles intoxicaciones o reacciones al\u00e9rgicas.<\/li>\n<li>En <b>cumplimiento de la normativa<\/b> en vigor: siguiendo las directrices de las autoridades sanitarias locales y nacionales, garantizamos el cumplimiento de las normas de higiene y seguridad alimentaria.<\/li>\n<li>La <b>sostenibilidad<\/b> del Festival: al apoyar a los vendedores locales y garantizar un suministro de alimentos variado y controlado, fomentamos un entorno m\u00e1s sostenible y organizado.<\/li>\n<\/ul>\n<div>&nbsp;<\/div>\n<p><strong>6. 6. Normas generales de conducta<\/strong><\/p>\n<ul>\n<li><strong>Respetar al personal y a los dem\u00e1s participantes<\/strong>Es obligatorio respetar todas las instrucciones del personal del Festival. No se tolerar\u00e1n comportamientos ofensivos, violentos o de acoso.<\/li>\n<li><strong>Respeto del medio ambiente<\/strong>Se proh\u00edbe dejar residuos fuera de las zonas designadas para su recogida. Se ruega a los participantes que mantengan limpia la zona y utilicen los contenedores de residuos adecuados.<\/li>\n<li><strong>Humo<\/strong>Se proh\u00edbe fumar fuera de las zonas designadas y\/o cerca de zonas sensibles.<\/li>\n<li><strong>Seguridad<\/strong>El acceso a la zona del concierto s\u00f3lo est\u00e1 permitido a trav\u00e9s de los puntos de entrada oficiales. Est\u00e1 prohibido introducir objetos peligrosos (como armas, sustancias explosivas, etc.) y cualquier otro objeto que pueda poner en peligro la seguridad de los participantes.<\/li>\n<li><strong>Cumplimiento de la normativa vigente<\/strong>Los participantes deben cumplir las leyes locales y nacionales, incluidas las normas relativas al consumo de alcohol y drogas.<\/li>\n<li><strong>Billete<\/strong>Entradas: El acceso al festival s\u00f3lo est\u00e1 permitido a los poseedores de entradas regulares. Los participantes deber\u00e1n conservar sus entradas en formato digital durante todo el evento y mostrarlas a petici\u00f3n del personal de seguridad. las entradas pueden adquirirse en <a href=\"https:\/\/colorfest.it\/es\/arbol\/\">DICE<\/a> en el siguiente enlace &gt;&gt; <a href=\"https:\/\/colorfest.it\/es\/arbol\/\">https:\/\/colorfest.it\/tree\/<\/a>.<\/li>\n<li><strong>Menores<\/strong>: Participantes <b>menores de 16 a\u00f1os<\/b> deben ir acompa\u00f1ados de un adulto responsable (mayor de 18 a\u00f1os). <br>- <b>Menores de 10 a\u00f1os<\/b>: Todos <b>los menores de 10 a\u00f1os entran gratis en el festival<\/b>&nbsp;y no tienen que pasar por ning\u00fan procedimiento especial para entrar en el festival, salvo ir acompa\u00f1ados de un adulto.<\/li>\n<\/ul>\n<div>&nbsp;<\/div>\n<p>&gt;&gt; Agradecemos a todos los participantes su cooperaci\u00f3n y comprensi\u00f3n.&nbsp;<br><span style=\"color: var( --e-global-color-9cf77ba ); letter-spacing: 0.35px;\">El cumplimiento de estas normas contribuir\u00e1 a hacer del Color Fest una experiencia inolvidable para todos.<\/span><\/p>\n<p>&gt;&gt; Para m\u00e1s informaci\u00f3n o aclaraciones, env\u00ede un correo electr\u00f3nico a <a href=\"mailto:scrivi@colorfest.it\">scrivi@colorfest.it<\/a><\/p>\n<p style=\"text-align: center;\">Divi\u00e9rtase y gracias por su participaci\u00f3n.<\/p>\n<p style=\"text-align: center;\"><strong>La gesti\u00f3n del Color Fest<\/strong><\/p>\t\t\t\t\t\t\t\t<\/div>\n\t\t\t\t<\/div>\n\t\t\t\t<div class=\"elementor-element elementor-element-7ade433 elementor-align-center elementor-widget elementor-widget-button\" data-id=\"7ade433\" data-element_type=\"widget\" data-e-type=\"widget\" data-widget_type=\"button.default\">\n\t\t\t\t<div class=\"elementor-widget-container\">\n\t\t\t\t\t\t\t\t\t<div class=\"elementor-button-wrapper\">\n\t\t\t\t\t<a class=\"elementor-button elementor-button-link elementor-size-sm\" href=\"https:\/\/colorfest.it\/es\/arbol\/\">\n\t\t\t\t\t\t<span class=\"elementor-button-content-wrapper\">\n\t\t\t\t\t\t\t\t\t<span class=\"elementor-button-text\">ir a inicio<\/span>\n\t\t\t\t\t<\/span>\n\t\t\t\t\t<\/a>\n\t\t\t\t<\/div>\n\t\t\t\t\t\t\t\t<\/div>\n\t\t\t\t<\/div>\n\t\t\t\t\t<\/div>\n\t\t<\/div>\n\t\t\t\t\t<\/div>\n\t\t<\/section>\n\t\t\t\t<\/div>","protected":false},"excerpt":{"rendered":"<p>Benvenut* al Color Fest! Regolamento: Al fine di garantire un&#8217;esperienza sicura e piacevole per tutti i partecipanti, vi preghiamo di prendere visione e rispettare il seguente regolamento: 1. Introduzione Il regolamento qui descritto \u00e8 stato stabilito per assicurare la sicurezza, la salute e il benessere di tutti i partecipanti al Color Fest. La collaborazione di [&hellip;]<\/p>\n","protected":false},"author":7,"featured_media":17314,"parent":0,"menu_order":0,"comment_status":"closed","ping_status":"closed","template":"","meta":{"_acf_changed":false,"footnotes":""},"class_list":["post-17312","page","type-page","status-publish","has-post-thumbnail","hentry"],"acf":[],"yoast_head":"<!-- This site is optimized with the Yoast SEO Premium plugin v27.3 (Yoast SEO v27.4) - https:\/\/yoast.com\/product\/yoast-seo-premium-wordpress\/ -->\n<title>Regolamento Color Fest | 11 - 12 - 13 Agosto 2026<\/title>\n<meta name=\"description\" content=\"Regolamento Color Fest, scopri quali saranno le regole per una corretta fruizione del festival; cosa sar\u00e0 consentito e no durante il festival.\" \/>\n<meta name=\"robots\" content=\"index, follow, max-snippet:-1, max-image-preview:large, max-video-preview:-1\" \/>\n<link rel=\"canonical\" href=\"https:\/\/colorfest.it\/es\/reglamento\/\" \/>\n<meta property=\"og:locale\" content=\"es_ES\" \/>\n<meta property=\"og:type\" content=\"article\" \/>\n<meta property=\"og:title\" content=\"Regolamento del festival\" \/>\n<meta property=\"og:description\" content=\"Color Fest - Festival di Musica, dal 2013 punto di riferimento per la musica dal vivo &gt;&gt; 11 - 12 - 13 Agosto 2026 Lungomare Falcone Borsellino.\" \/>\n<meta property=\"og:url\" content=\"https:\/\/colorfest.it\/es\/reglamento\/\" \/>\n<meta property=\"og:site_name\" content=\"Color Fest - Festival di Musica | 11 - 12 - 13 Agosto 2026 | in Calabria\" \/>\n<meta property=\"article:publisher\" content=\"http:\/\/facebook.com\/colorfestlamezia\/\" \/>\n<meta property=\"article:modified_time\" content=\"2025-08-18T13:12:37+00:00\" \/>\n<meta property=\"og:image\" content=\"https:\/\/colorfest.it\/wp-content\/uploads\/2024\/07\/Palco-Color-Fest-.jpg\" \/>\n\t<meta property=\"og:image:width\" content=\"1600\" \/>\n\t<meta property=\"og:image:height\" content=\"1067\" \/>\n\t<meta property=\"og:image:type\" content=\"image\/jpeg\" \/>\n<meta name=\"twitter:card\" content=\"summary_large_image\" \/>\n<meta name=\"twitter:label1\" content=\"Tiempo de lectura\" \/>\n\t<meta name=\"twitter:data1\" content=\"4 minutos\" \/>\n<script type=\"application\/ld+json\" class=\"yoast-schema-graph\">{\"@context\":\"https:\\\/\\\/schema.org\",\"@graph\":[{\"@type\":\"WebPage\",\"@id\":\"https:\\\/\\\/colorfest.it\\\/regolamento\\\/\",\"url\":\"https:\\\/\\\/colorfest.it\\\/regolamento\\\/\",\"name\":\"Regolamento Color Fest | 11 - 12 - 13 Agosto 2026\",\"isPartOf\":{\"@id\":\"https:\\\/\\\/colorfest.it\\\/#website\"},\"primaryImageOfPage\":{\"@id\":\"https:\\\/\\\/colorfest.it\\\/regolamento\\\/#primaryimage\"},\"image\":{\"@id\":\"https:\\\/\\\/colorfest.it\\\/regolamento\\\/#primaryimage\"},\"thumbnailUrl\":\"https:\\\/\\\/colorfest.it\\\/wp-content\\\/uploads\\\/2024\\\/07\\\/Palco-Color-Fest-.jpg\",\"datePublished\":\"2024-07-03T12:04:27+00:00\",\"dateModified\":\"2025-08-18T13:12:37+00:00\",\"description\":\"Regolamento Color Fest, scopri quali saranno le regole per una corretta fruizione del festival; cosa sar\u00e0 consentito e no durante il festival.\",\"breadcrumb\":{\"@id\":\"https:\\\/\\\/colorfest.it\\\/regolamento\\\/#breadcrumb\"},\"inLanguage\":\"es\",\"potentialAction\":[{\"@type\":\"ReadAction\",\"target\":[\"https:\\\/\\\/colorfest.it\\\/regolamento\\\/\"]}]},{\"@type\":\"ImageObject\",\"inLanguage\":\"es\",\"@id\":\"https:\\\/\\\/colorfest.it\\\/regolamento\\\/#primaryimage\",\"url\":\"https:\\\/\\\/colorfest.it\\\/wp-content\\\/uploads\\\/2024\\\/07\\\/Palco-Color-Fest-.jpg\",\"contentUrl\":\"https:\\\/\\\/colorfest.it\\\/wp-content\\\/uploads\\\/2024\\\/07\\\/Palco-Color-Fest-.jpg\",\"width\":1600,\"height\":1067,\"caption\":\"Palco Color Fest\"},{\"@type\":\"BreadcrumbList\",\"@id\":\"https:\\\/\\\/colorfest.it\\\/regolamento\\\/#breadcrumb\",\"itemListElement\":[{\"@type\":\"ListItem\",\"position\":1,\"name\":\"Home\",\"item\":\"https:\\\/\\\/colorfest.it\\\/\"},{\"@type\":\"ListItem\",\"position\":2,\"name\":\"Regolamento del festival\"}]},{\"@type\":\"WebSite\",\"@id\":\"https:\\\/\\\/colorfest.it\\\/#website\",\"url\":\"https:\\\/\\\/colorfest.it\\\/\",\"name\":\"Color Fest - Festival di Musica | 11 - 12 - 13 Agosto 2026 | in Calabria\",\"description\":\"Color Fest - Festival di Musica, dal 2013 punto di riferimento per la musica dal vivo &gt;&gt; 11 - 12 - 13 Agosto 2026 Lungomare Falcone Borsellino.\",\"publisher\":{\"@id\":\"https:\\\/\\\/colorfest.it\\\/#organization\"},\"alternateName\":\"Color Fest - Festival di Musica | 11 - 12 - 13 Agosto 2026 @Lungomare Falcone Borsellino\",\"potentialAction\":[{\"@type\":\"SearchAction\",\"target\":{\"@type\":\"EntryPoint\",\"urlTemplate\":\"https:\\\/\\\/colorfest.it\\\/?s={search_term_string}\"},\"query-input\":{\"@type\":\"PropertyValueSpecification\",\"valueRequired\":true,\"valueName\":\"search_term_string\"}}],\"inLanguage\":\"es\"},{\"@type\":\"Organization\",\"@id\":\"https:\\\/\\\/colorfest.it\\\/#organization\",\"name\":\"Che cosa sono le nuvole APS\",\"alternateName\":\"Color Fest\",\"url\":\"https:\\\/\\\/colorfest.it\\\/\",\"logo\":{\"@type\":\"ImageObject\",\"inLanguage\":\"es\",\"@id\":\"https:\\\/\\\/colorfest.it\\\/#\\\/schema\\\/logo\\\/image\\\/\",\"url\":\"https:\\\/\\\/colorfest.it\\\/wp-content\\\/uploads\\\/2022\\\/03\\\/checosasonolenuvole.png\",\"contentUrl\":\"https:\\\/\\\/colorfest.it\\\/wp-content\\\/uploads\\\/2022\\\/03\\\/checosasonolenuvole.png\",\"width\":952,\"height\":844,\"caption\":\"Che cosa sono le nuvole APS\"},\"image\":{\"@id\":\"https:\\\/\\\/colorfest.it\\\/#\\\/schema\\\/logo\\\/image\\\/\"},\"sameAs\":[\"http:\\\/\\\/facebook.com\\\/colorfestlamezia\\\/\",\"http:\\\/\\\/instagram.com\\\/color_fest_\\\/\",\"https:\\\/\\\/www.linkedin.com\\\/company\\\/color-fest\\\/\"],\"description\":\"Color Fest - Festival di Musica, dal 2013 punto di riferimento per la musica dal vivo >> 11 - 12 - 13 Agosto 2026 Lungomare Falcone Borsellino.\",\"email\":\"scrivi@colorfest.it\",\"legalName\":\"Che cosa sono le nuvole APS\",\"foundingDate\":\"2012-10-12\",\"vatID\":\"03309120792\",\"taxID\":\"92029190797\",\"numberOfEmployees\":{\"@type\":\"QuantitativeValue\",\"minValue\":\"11\",\"maxValue\":\"50\"}}]}<\/script>\n<!-- \/ Yoast SEO Premium plugin. -->","yoast_head_json":{"title":"Reglas Colour Fest | 11 - 12 - 13 agosto 2026","description":"Reglamento del Color Fest, inf\u00f3rmese de cu\u00e1les ser\u00e1n las normas para disfrutar adecuadamente del festival; qu\u00e9 estar\u00e1 y qu\u00e9 no estar\u00e1 permitido durante el festival.","robots":{"index":"index","follow":"follow","max-snippet":"max-snippet:-1","max-image-preview":"max-image-preview:large","max-video-preview":"max-video-preview:-1"},"canonical":"https:\/\/colorfest.it\/es\/reglamento\/","og_locale":"es_ES","og_type":"article","og_title":"Regolamento del festival","og_description":"Color Fest - Festival di Musica, dal 2013 punto di riferimento per la musica dal vivo >> 11 - 12 - 13 Agosto 2026 Lungomare Falcone Borsellino.","og_url":"https:\/\/colorfest.it\/es\/reglamento\/","og_site_name":"Color Fest - Festival di Musica | 11 - 12 - 13 Agosto 2026 | in Calabria","article_publisher":"http:\/\/facebook.com\/colorfestlamezia\/","article_modified_time":"2025-08-18T13:12:37+00:00","og_image":[{"width":1600,"height":1067,"url":"https:\/\/colorfest.it\/wp-content\/uploads\/2024\/07\/Palco-Color-Fest-.jpg","type":"image\/jpeg"}],"twitter_card":"summary_large_image","twitter_misc":{"Tiempo de lectura":"4 minutos"},"schema":{"@context":"https:\/\/schema.org","@graph":[{"@type":"WebPage","@id":"https:\/\/colorfest.it\/regolamento\/","url":"https:\/\/colorfest.it\/regolamento\/","name":"Reglas Colour Fest | 11 - 12 - 13 agosto 2026","isPartOf":{"@id":"https:\/\/colorfest.it\/#website"},"primaryImageOfPage":{"@id":"https:\/\/colorfest.it\/regolamento\/#primaryimage"},"image":{"@id":"https:\/\/colorfest.it\/regolamento\/#primaryimage"},"thumbnailUrl":"https:\/\/colorfest.it\/wp-content\/uploads\/2024\/07\/Palco-Color-Fest-.jpg","datePublished":"2024-07-03T12:04:27+00:00","dateModified":"2025-08-18T13:12:37+00:00","description":"Reglamento del Color Fest, inf\u00f3rmese de cu\u00e1les ser\u00e1n las normas para disfrutar adecuadamente del festival; qu\u00e9 estar\u00e1 y qu\u00e9 no estar\u00e1 permitido durante el festival.","breadcrumb":{"@id":"https:\/\/colorfest.it\/regolamento\/#breadcrumb"},"inLanguage":"es","potentialAction":[{"@type":"ReadAction","target":["https:\/\/colorfest.it\/regolamento\/"]}]},{"@type":"ImageObject","inLanguage":"es","@id":"https:\/\/colorfest.it\/regolamento\/#primaryimage","url":"https:\/\/colorfest.it\/wp-content\/uploads\/2024\/07\/Palco-Color-Fest-.jpg","contentUrl":"https:\/\/colorfest.it\/wp-content\/uploads\/2024\/07\/Palco-Color-Fest-.jpg","width":1600,"height":1067,"caption":"Palco Color Fest"},{"@type":"BreadcrumbList","@id":"https:\/\/colorfest.it\/regolamento\/#breadcrumb","itemListElement":[{"@type":"ListItem","position":1,"name":"Home","item":"https:\/\/colorfest.it\/"},{"@type":"ListItem","position":2,"name":"Regolamento del festival"}]},{"@type":"WebSite","@id":"https:\/\/colorfest.it\/#website","url":"https:\/\/colorfest.it\/","name":"Color Fest - Festival de M\u00fasica | 11 - 12 - 13 agosto 2026 | en Calabria","description":"Color Fest - Festival de M\u00fasica, desde 2013 un punto de referencia para la m\u00fasica en vivo &gt;&gt; 11 - 12 - 13 Agosto 2026 Lungomare Falcone Borsellino","publisher":{"@id":"https:\/\/colorfest.it\/#organization"},"alternateName":"Color Fest - Festival di Musica | 11 - 12 - 13 Agosto 2026 @Lungomare Falcone Borsellino","potentialAction":[{"@type":"SearchAction","target":{"@type":"EntryPoint","urlTemplate":"https:\/\/colorfest.it\/?s={search_term_string}"},"query-input":{"@type":"PropertyValueSpecification","valueRequired":true,"valueName":"search_term_string"}}],"inLanguage":"es"},{"@type":"Organization","@id":"https:\/\/colorfest.it\/#organization","name":"Qu\u00e9 son las nubes APS","alternateName":"Color Fest","url":"https:\/\/colorfest.it\/","logo":{"@type":"ImageObject","inLanguage":"es","@id":"https:\/\/colorfest.it\/#\/schema\/logo\/image\/","url":"https:\/\/colorfest.it\/wp-content\/uploads\/2022\/03\/checosasonolenuvole.png","contentUrl":"https:\/\/colorfest.it\/wp-content\/uploads\/2022\/03\/checosasonolenuvole.png","width":952,"height":844,"caption":"Che cosa sono le nuvole APS"},"image":{"@id":"https:\/\/colorfest.it\/#\/schema\/logo\/image\/"},"sameAs":["http:\/\/facebook.com\/colorfestlamezia\/","http:\/\/instagram.com\/color_fest_\/","https:\/\/www.linkedin.com\/company\/color-fest\/"],"description":"Color Fest - Festival de M\u00fasica, desde 2013 un punto de referencia para la m\u00fasica en vivo &gt;&gt; 11 - 12 - 13 Agosto 2026 Lungomare Falcone Borsellino","email":"scrivi@colorfest.it","legalName":"Che cosa sono le nuvole APS","foundingDate":"2012-10-12","vatID":"03309120792","taxID":"92029190797","numberOfEmployees":{"@type":"QuantitativeValue","minValue":"11","maxValue":"50"}}]}},"_links":{"self":[{"href":"https:\/\/colorfest.it\/es\/wp-json\/wp\/v2\/pages\/17312","targetHints":{"allow":["GET"]}}],"collection":[{"href":"https:\/\/colorfest.it\/es\/wp-json\/wp\/v2\/pages"}],"about":[{"href":"https:\/\/colorfest.it\/es\/wp-json\/wp\/v2\/types\/page"}],"author":[{"embeddable":true,"href":"https:\/\/colorfest.it\/es\/wp-json\/wp\/v2\/users\/7"}],"replies":[{"embeddable":true,"href":"https:\/\/colorfest.it\/es\/wp-json\/wp\/v2\/comments?post=17312"}],"version-history":[{"count":0,"href":"https:\/\/colorfest.it\/es\/wp-json\/wp\/v2\/pages\/17312\/revisions"}],"wp:featuredmedia":[{"embeddable":true,"href":"https:\/\/colorfest.it\/es\/wp-json\/wp\/v2\/media\/17314"}],"wp:attachment":[{"href":"https:\/\/colorfest.it\/es\/wp-json\/wp\/v2\/media?parent=17312"}],"curies":[{"name":"wp","href":"https:\/\/api.w.org\/{rel}","templated":true}]}}