{"id":23284,"date":"2025-12-18T19:58:41","date_gmt":"2025-12-18T18:58:41","guid":{"rendered":"https:\/\/colorfest.it\/?post_type=product&#038;p=23284"},"modified":"2026-04-01T19:41:47","modified_gmt":"2026-04-01T17:41:47","slug":"campingplatzreservierung","status":"publish","type":"product","link":"https:\/\/colorfest.it\/de\/prodotto\/prenotazione-camping\/","title":{"rendered":"Camping Ulisse"},"content":{"rendered":"<p data-start=\"150\" data-end=\"210\"><strong data-start=\"150\" data-end=\"172\">COLOR FEST CAMPING<\/strong><br data-start=\"172\" data-end=\"175\" \/>Erleben Sie das Festival unter freiem Himmel<\/p>\n<p data-start=\"212\" data-end=\"367\">Nur <strong data-start=\"219\" data-end=\"255\">150 Meter vom Festivalgel\u00e4nde entfernt<\/strong>,<br data-start=\"256\" data-end=\"259\" \/>im Gr\u00fcnen der <strong data-start=\"275\" data-end=\"285\">Pinienwald<\/strong>, a <strong data-start=\"289\" data-end=\"310\">50 Meter vom Meer entfernt<\/strong>.<br data-start=\"311\" data-end=\"314\" \/>Ein eindringliches Erlebnis zwischen Musik, Natur und Freiheit.<\/p>\n<p data-start=\"369\" data-end=\"514\"><strong data-start=\"373\" data-end=\"405\">Offizieller Campingplatz Color Fest<\/strong><br data-start=\"405\" data-end=\"408\" \/>Zwischen den B\u00e4umen, nahe am Meer, unter den Sternen.<br data-start=\"456\" data-end=\"459\" \/><strong data-start=\"459\" data-end=\"514\">Nur f\u00fcr Inhaber eines Festivaltickets.<\/strong><\/p>\n<p data-start=\"516\" data-end=\"582\"><strong data-start=\"520\" data-end=\"538\">Begrenzte Pl\u00e4tze<\/strong><br data-start=\"538\" data-end=\"541\" \/>Nur <strong data-start=\"546\" data-end=\"569\">200 Pl\u00e4tze pro Tag<\/strong> pro Tag verf\u00fcgbar<\/p>\n<p data-start=\"516\" data-end=\"582\"><strong>Bitte beachten:<\/strong> <u>Es ist obligatorisch, ein Zelt zu verwenden, das der Anzahl der Insassen entspricht.<\/u>. Es ist daher nicht erlaubt, ein F\u00fcnf-Personen-Zelt aufzustellen, wenn es nur f\u00fcr eine oder zwei Personen bestimmt ist. <strong>Mindestbuchung<\/strong> gilt f\u00fcr den gesamten Festivalzeitraum, d. h. f\u00fcr die N\u00e4chte des 11., 12. und 13. August.<\/p>","protected":false},"excerpt":{"rendered":"<p>Buchen Sie die <strong>Farbenfest Camping<\/strong>, die offizielle Zeltseite unter nur <strong>150 Meter vom Festivalgel\u00e4nde entfernt<\/strong>, eingetaucht in die <strong>Pinienwald<\/strong> und nur wenige Gehminuten vom <strong>Meer<\/strong>. <strong>Begrenzte Pl\u00e4tze: nur 200 pro Tag verf\u00fcgbar.<\/strong><\/p>\n<p><strong>Bitte beachten:<\/strong>\u00a0Es muss ein Zelt verwendet werden, das der Anzahl der Personen entspricht. Es ist daher nicht gestattet, ein 5-Personen-Zelt aufzubauen, wenn es nur f\u00fcr eine oder zwei Personen bestimmt ist.<\/p>\n<p><b>Mindestbuchung<\/b> gilt f\u00fcr den gesamten Festivalzeitraum, d. h. f\u00fcr die N\u00e4chte des 11., 12. und 13. August.<\/p>","protected":false},"featured_media":23285,"template":"","meta":{"_acf_changed":false},"product_brand":[],"product_cat":[162],"product_tag":[165],"class_list":{"0":"post-23284","1":"product","2":"type-product","3":"status-publish","4":"has-post-thumbnail","6":"product_cat-color-fest-14","7":"product_tag-camping-ulisse-2026","9":"first","10":"instock","11":"virtual","12":"sold-individually","13":"taxable","14":"purchasable","15":"product-type-booking"},"acf":[],"yoast_head":"<!-- This site is optimized with the Yoast SEO Premium plugin v27.3 (Yoast SEO v27.4) - https:\/\/yoast.com\/product\/yoast-seo-premium-wordpress\/ -->\n<title>Camping Ulisse - Color Fest - Festival di Musica | 11 - 12 - 13 Agosto 2026 | in Calabria<\/title>\n<meta name=\"description\" content=\"Prenota il Color Fest Camping, il posto tenda ufficiale a soli 150 metri dall\u2019area del festival. Posti limitati: solo 200 disponibili al giorno.\" \/>\n<meta name=\"robots\" content=\"index, follow, max-snippet:-1, max-image-preview:large, max-video-preview:-1\" \/>\n<link rel=\"canonical\" href=\"https:\/\/colorfest.it\/de\/produkt\/campingplatzreservierung\/\" \/>\n<meta property=\"og:locale\" content=\"de_DE\" \/>\n<meta property=\"og:type\" content=\"article\" \/>\n<meta property=\"og:title\" content=\"Camping Ulisse\" \/>\n<meta property=\"og:description\" content=\"Prenota il Color Fest Camping, il posto tenda ufficiale a soli 150 metri dall\u2019area del festival. Posti limitati: solo 200 disponibili al giorno.\" \/>\n<meta property=\"og:url\" content=\"https:\/\/colorfest.it\/de\/produkt\/campingplatzreservierung\/\" \/>\n<meta property=\"og:site_name\" content=\"Color Fest - Festival di Musica | 11 - 12 - 13 Agosto 2026 | in Calabria\" \/>\n<meta property=\"article:publisher\" content=\"http:\/\/facebook.com\/colorfestlamezia\/\" \/>\n<meta property=\"article:modified_time\" content=\"2026-04-01T17:41:47+00:00\" \/>\n<meta property=\"og:image\" content=\"https:\/\/colorfest.it\/wp-content\/uploads\/2025\/12\/2.webp\" \/>\n\t<meta property=\"og:image:width\" content=\"1080\" \/>\n\t<meta property=\"og:image:height\" content=\"1350\" \/>\n\t<meta property=\"og:image:type\" content=\"image\/webp\" \/>\n<meta name=\"twitter:card\" content=\"summary_large_image\" \/>\n<meta name=\"twitter:label1\" content=\"Gesch\u00e4tzte Lesezeit\" \/>\n\t<meta name=\"twitter:data1\" content=\"1\u00a0Minute\" \/>\n<script type=\"application\/ld+json\" class=\"yoast-schema-graph\">{\"@context\":\"https:\\\/\\\/schema.org\",\"@graph\":[{\"@type\":\"WebPage\",\"@id\":\"https:\\\/\\\/colorfest.it\\\/prodotto\\\/prenotazione-camping\\\/\",\"url\":\"https:\\\/\\\/colorfest.it\\\/prodotto\\\/prenotazione-camping\\\/\",\"name\":\"Camping Ulisse - Color Fest - Festival di Musica | 11 - 12 - 13 Agosto 2026 | in Calabria\",\"isPartOf\":{\"@id\":\"https:\\\/\\\/colorfest.it\\\/#website\"},\"primaryImageOfPage\":{\"@id\":\"https:\\\/\\\/colorfest.it\\\/prodotto\\\/prenotazione-camping\\\/#primaryimage\"},\"image\":{\"@id\":\"https:\\\/\\\/colorfest.it\\\/prodotto\\\/prenotazione-camping\\\/#primaryimage\"},\"thumbnailUrl\":\"https:\\\/\\\/colorfest.it\\\/wp-content\\\/uploads\\\/2025\\\/12\\\/2.webp\",\"datePublished\":\"2025-12-18T18:58:41+00:00\",\"dateModified\":\"2026-04-01T17:41:47+00:00\",\"description\":\"Prenota il Color Fest Camping, il posto tenda ufficiale a soli 150 metri dall\u2019area del festival. Posti limitati: solo 200 disponibili al giorno.\",\"breadcrumb\":{\"@id\":\"https:\\\/\\\/colorfest.it\\\/prodotto\\\/prenotazione-camping\\\/#breadcrumb\"},\"inLanguage\":\"de\",\"potentialAction\":[{\"@type\":\"ReadAction\",\"target\":[\"https:\\\/\\\/colorfest.it\\\/prodotto\\\/prenotazione-camping\\\/\"]}]},{\"@type\":\"ImageObject\",\"inLanguage\":\"de\",\"@id\":\"https:\\\/\\\/colorfest.it\\\/prodotto\\\/prenotazione-camping\\\/#primaryimage\",\"url\":\"https:\\\/\\\/colorfest.it\\\/wp-content\\\/uploads\\\/2025\\\/12\\\/2.webp\",\"contentUrl\":\"https:\\\/\\\/colorfest.it\\\/wp-content\\\/uploads\\\/2025\\\/12\\\/2.webp\",\"width\":1080,\"height\":1350,\"caption\":\"camping ulisse - Color Fest 2026\"},{\"@type\":\"BreadcrumbList\",\"@id\":\"https:\\\/\\\/colorfest.it\\\/prodotto\\\/prenotazione-camping\\\/#breadcrumb\",\"itemListElement\":[{\"@type\":\"ListItem\",\"position\":1,\"name\":\"Home\",\"item\":\"https:\\\/\\\/colorfest.it\\\/\"},{\"@type\":\"ListItem\",\"position\":2,\"name\":\"Shop\",\"item\":\"https:\\\/\\\/colorfest.it\\\/shop\\\/\"},{\"@type\":\"ListItem\",\"position\":3,\"name\":\"Camping Ulisse\"}]},{\"@type\":\"WebSite\",\"@id\":\"https:\\\/\\\/colorfest.it\\\/#website\",\"url\":\"https:\\\/\\\/colorfest.it\\\/\",\"name\":\"Color Fest - Festival di Musica | 11 - 12 - 13 Agosto 2026 | in Calabria\",\"description\":\"Color Fest - Festival di Musica, dal 2013 punto di riferimento per la musica dal vivo &gt;&gt; 11 - 12 - 13 Agosto 2026 Lungomare Falcone Borsellino.\",\"publisher\":{\"@id\":\"https:\\\/\\\/colorfest.it\\\/#organization\"},\"alternateName\":\"Color Fest - Festival di Musica | 11 - 12 - 13 Agosto 2026 @Lungomare Falcone Borsellino\",\"potentialAction\":[{\"@type\":\"SearchAction\",\"target\":{\"@type\":\"EntryPoint\",\"urlTemplate\":\"https:\\\/\\\/colorfest.it\\\/?s={search_term_string}\"},\"query-input\":{\"@type\":\"PropertyValueSpecification\",\"valueRequired\":true,\"valueName\":\"search_term_string\"}}],\"inLanguage\":\"de\"},{\"@type\":\"Organization\",\"@id\":\"https:\\\/\\\/colorfest.it\\\/#organization\",\"name\":\"Che cosa sono le nuvole APS\",\"alternateName\":\"Color Fest\",\"url\":\"https:\\\/\\\/colorfest.it\\\/\",\"logo\":{\"@type\":\"ImageObject\",\"inLanguage\":\"de\",\"@id\":\"https:\\\/\\\/colorfest.it\\\/#\\\/schema\\\/logo\\\/image\\\/\",\"url\":\"https:\\\/\\\/colorfest.it\\\/wp-content\\\/uploads\\\/2022\\\/03\\\/checosasonolenuvole.png\",\"contentUrl\":\"https:\\\/\\\/colorfest.it\\\/wp-content\\\/uploads\\\/2022\\\/03\\\/checosasonolenuvole.png\",\"width\":952,\"height\":844,\"caption\":\"Che cosa sono le nuvole APS\"},\"image\":{\"@id\":\"https:\\\/\\\/colorfest.it\\\/#\\\/schema\\\/logo\\\/image\\\/\"},\"sameAs\":[\"http:\\\/\\\/facebook.com\\\/colorfestlamezia\\\/\",\"http:\\\/\\\/instagram.com\\\/color_fest_\\\/\",\"https:\\\/\\\/www.linkedin.com\\\/company\\\/color-fest\\\/\"],\"description\":\"Color Fest - Festival di Musica, dal 2013 punto di riferimento per la musica dal vivo >> 11 - 12 - 13 Agosto 2026 Lungomare Falcone Borsellino.\",\"email\":\"scrivi@colorfest.it\",\"legalName\":\"Che cosa sono le nuvole APS\",\"foundingDate\":\"2012-10-12\",\"vatID\":\"03309120792\",\"taxID\":\"92029190797\",\"numberOfEmployees\":{\"@type\":\"QuantitativeValue\",\"minValue\":\"11\",\"maxValue\":\"50\"}}]}<\/script>\n<!-- \/ Yoast SEO Premium plugin. -->","yoast_head_json":{"title":"Camping Ulisse \u2013 Color Fest \u2013 Musikfestival | 11. \u2013 12. \u2013 13. August 2026 | in Kalabrien","description":"Buchen Sie den Color Fest Camping, den offiziellen Zeltplatz nur 150 Meter vom Festivalgel\u00e4nde entfernt. Begrenzte Pl\u00e4tze: nur 200 pro Tag verf\u00fcgbar.","robots":{"index":"index","follow":"follow","max-snippet":"max-snippet:-1","max-image-preview":"max-image-preview:large","max-video-preview":"max-video-preview:-1"},"canonical":"https:\/\/colorfest.it\/de\/produkt\/campingplatzreservierung\/","og_locale":"de_DE","og_type":"article","og_title":"Camping Ulisse","og_description":"Prenota il Color Fest Camping, il posto tenda ufficiale a soli 150 metri dall\u2019area del festival. Posti limitati: solo 200 disponibili al giorno.","og_url":"https:\/\/colorfest.it\/de\/produkt\/campingplatzreservierung\/","og_site_name":"Color Fest - Festival di Musica | 11 - 12 - 13 Agosto 2026 | in Calabria","article_publisher":"http:\/\/facebook.com\/colorfestlamezia\/","article_modified_time":"2026-04-01T17:41:47+00:00","og_image":[{"width":1080,"height":1350,"url":"https:\/\/colorfest.it\/wp-content\/uploads\/2025\/12\/2.webp","type":"image\/webp"}],"twitter_card":"summary_large_image","twitter_misc":{"Gesch\u00e4tzte Lesezeit":"1\u00a0Minute"},"schema":{"@context":"https:\/\/schema.org","@graph":[{"@type":"WebPage","@id":"https:\/\/colorfest.it\/prodotto\/prenotazione-camping\/","url":"https:\/\/colorfest.it\/prodotto\/prenotazione-camping\/","name":"Camping Ulisse \u2013 Color Fest \u2013 Musikfestival | 11. \u2013 12. \u2013 13. August 2026 | in Kalabrien","isPartOf":{"@id":"https:\/\/colorfest.it\/#website"},"primaryImageOfPage":{"@id":"https:\/\/colorfest.it\/prodotto\/prenotazione-camping\/#primaryimage"},"image":{"@id":"https:\/\/colorfest.it\/prodotto\/prenotazione-camping\/#primaryimage"},"thumbnailUrl":"https:\/\/colorfest.it\/wp-content\/uploads\/2025\/12\/2.webp","datePublished":"2025-12-18T18:58:41+00:00","dateModified":"2026-04-01T17:41:47+00:00","description":"Buchen Sie den Color Fest Camping, den offiziellen Zeltplatz nur 150 Meter vom Festivalgel\u00e4nde entfernt. Begrenzte Pl\u00e4tze: nur 200 pro Tag verf\u00fcgbar.","breadcrumb":{"@id":"https:\/\/colorfest.it\/prodotto\/prenotazione-camping\/#breadcrumb"},"inLanguage":"de","potentialAction":[{"@type":"ReadAction","target":["https:\/\/colorfest.it\/prodotto\/prenotazione-camping\/"]}]},{"@type":"ImageObject","inLanguage":"de","@id":"https:\/\/colorfest.it\/prodotto\/prenotazione-camping\/#primaryimage","url":"https:\/\/colorfest.it\/wp-content\/uploads\/2025\/12\/2.webp","contentUrl":"https:\/\/colorfest.it\/wp-content\/uploads\/2025\/12\/2.webp","width":1080,"height":1350,"caption":"camping ulisse - Color Fest 2026"},{"@type":"BreadcrumbList","@id":"https:\/\/colorfest.it\/prodotto\/prenotazione-camping\/#breadcrumb","itemListElement":[{"@type":"ListItem","position":1,"name":"Home","item":"https:\/\/colorfest.it\/"},{"@type":"ListItem","position":2,"name":"Shop","item":"https:\/\/colorfest.it\/shop\/"},{"@type":"ListItem","position":3,"name":"Camping Ulisse"}]},{"@type":"WebSite","@id":"https:\/\/colorfest.it\/#website","url":"https:\/\/colorfest.it\/","name":"Color Fest - Musikfestival | 11 - 12 - 13 August 2026 | in Kalabrien","description":"Color Fest - Musikfestival, seit 2013 ein Bezugspunkt f\u00fcr Live-Musik &gt;&gt; 11 - 12 - 13 August 2026 Lungomare Falcone Borsellino","publisher":{"@id":"https:\/\/colorfest.it\/#organization"},"alternateName":"Color Fest - Festival di Musica | 11 - 12 - 13 Agosto 2026 @Lungomare Falcone Borsellino","potentialAction":[{"@type":"SearchAction","target":{"@type":"EntryPoint","urlTemplate":"https:\/\/colorfest.it\/?s={search_term_string}"},"query-input":{"@type":"PropertyValueSpecification","valueRequired":true,"valueName":"search_term_string"}}],"inLanguage":"de"},{"@type":"Organization","@id":"https:\/\/colorfest.it\/#organization","name":"Was sind APS-Wolken?","alternateName":"Color Fest","url":"https:\/\/colorfest.it\/","logo":{"@type":"ImageObject","inLanguage":"de","@id":"https:\/\/colorfest.it\/#\/schema\/logo\/image\/","url":"https:\/\/colorfest.it\/wp-content\/uploads\/2022\/03\/checosasonolenuvole.png","contentUrl":"https:\/\/colorfest.it\/wp-content\/uploads\/2022\/03\/checosasonolenuvole.png","width":952,"height":844,"caption":"Che cosa sono le nuvole APS"},"image":{"@id":"https:\/\/colorfest.it\/#\/schema\/logo\/image\/"},"sameAs":["http:\/\/facebook.com\/colorfestlamezia\/","http:\/\/instagram.com\/color_fest_\/","https:\/\/www.linkedin.com\/company\/color-fest\/"],"description":"Color Fest - Musikfestival, seit 2013 ein Bezugspunkt f\u00fcr Live-Musik &gt;&gt; 11 - 12 - 13 August 2026 Lungomare Falcone Borsellino","email":"scrivi@colorfest.it","legalName":"Che cosa sono le nuvole APS","foundingDate":"2012-10-12","vatID":"03309120792","taxID":"92029190797","numberOfEmployees":{"@type":"QuantitativeValue","minValue":"11","maxValue":"50"}}]}},"_links":{"self":[{"href":"https:\/\/colorfest.it\/de\/wp-json\/wp\/v2\/product\/23284","targetHints":{"allow":["GET"]}}],"collection":[{"href":"https:\/\/colorfest.it\/de\/wp-json\/wp\/v2\/product"}],"about":[{"href":"https:\/\/colorfest.it\/de\/wp-json\/wp\/v2\/types\/product"}],"wp:featuredmedia":[{"embeddable":true,"href":"https:\/\/colorfest.it\/de\/wp-json\/wp\/v2\/media\/23285"}],"wp:attachment":[{"href":"https:\/\/colorfest.it\/de\/wp-json\/wp\/v2\/media?parent=23284"}],"wp:term":[{"taxonomy":"product_brand","embeddable":true,"href":"https:\/\/colorfest.it\/de\/wp-json\/wp\/v2\/product_brand?post=23284"},{"taxonomy":"product_cat","embeddable":true,"href":"https:\/\/colorfest.it\/de\/wp-json\/wp\/v2\/product_cat?post=23284"},{"taxonomy":"product_tag","embeddable":true,"href":"https:\/\/colorfest.it\/de\/wp-json\/wp\/v2\/product_tag?post=23284"}],"curies":[{"name":"wp","href":"https:\/\/api.w.org\/{rel}","templated":true}]}}