{"id":22903,"date":"2025-12-11T09:29:17","date_gmt":"2025-12-11T08:29:17","guid":{"rendered":"https:\/\/colorfest.it\/?post_type=product&#038;p=22903"},"modified":"2026-01-28T10:29:51","modified_gmt":"2026-01-28T09:29:51","slug":"weihnachtsbox","status":"publish","type":"product","link":"https:\/\/colorfest.it\/de\/prodotto\/christmas-box\/","title":{"rendered":"Weihnachtsbox"},"content":{"rendered":"<p>La <strong>Christmas Box<\/strong> del Color Fest \u00e8 un modo speciale per fare un regalo di Natale che porta con s\u00e9 lo spirito del festival. All\u2019interno:<\/p>\n<ul>\n<li><strong>A<\/strong><span class=\"s1\"><b>bbonamento full Color Fest 14<\/b><\/span><\/li>\n<li><span class=\"s1\"><b>Carte da gioco <\/b>per giocare con gli amici <b>[edizione limitata]<\/b><\/span><\/li>\n<li><span class=\"s1\"><strong>C<\/strong><b>appellino [edizione limitata]<\/b><\/span><\/li>\n<li><span class=\"s1\"><b>Bag [edizione limitata]<\/b><\/span><\/li>\n<\/ul>\n<p><strong>&gt;&gt; Le spedizioni partiranno dal 18 dicembre<\/strong><\/p>\n<p>Un Kit pensato per chi vuole vivere il Color Fest con qualcosa di unico. \u00c8 un regalo che unisce l\u2019atmosfera natalizia all\u2019attesa dell\u2019estate, perfetto per sorprendere regalando un\u2019esperienza unica.<\/p>\n","protected":false},"excerpt":{"rendered":"<p>La <strong>Christmas Box<\/strong> del Color Fest \u00e8 un modo speciale per fare un regalo di Natale che porta con s\u00e9 lo spirito del festival. All\u2019interno:<\/p>\n<ul>\n<li><strong>A<\/strong><span class=\"s1\"><b>bbonamento full Color Fest 14<\/b><\/span><\/li>\n<li><span class=\"s1\"><b>Carte da gioco <\/b>per giocare con gli amici <b>[edizione limitata]<\/b><\/span><\/li>\n<li><span class=\"s1\"><strong>C<\/strong><b>appellino [edizione limitata]<\/b><\/span><\/li>\n<li><span class=\"s1\"><b>Bag [edizione limitata]<\/b><\/span><\/li>\n<\/ul>\n<blockquote><p><span class=\"s1\"><b><strong>&gt; Le spedizioni partiranno dal 18 dicembre<\/strong><\/b><\/span><\/p><\/blockquote>\n<p>Un Kit pensato per chi vuole vivere il Color Fest con qualcosa di unico. \u00c8 un regalo che unisce l\u2019atmosfera natalizia all\u2019attesa dell\u2019estate, perfetto per sorprendere regalando un\u2019esperienza unica.<\/p>\n","protected":false},"featured_media":23028,"template":"","meta":{"_acf_changed":false},"product_brand":[],"product_cat":[162],"product_tag":[163],"class_list":{"0":"post-22903","1":"product","2":"type-product","3":"status-publish","4":"has-post-thumbnail","6":"product_cat-color-fest-14","7":"product_tag-christmas-box","9":"first","10":"outofstock","11":"sale","12":"taxable","13":"shipping-taxable","14":"purchasable","15":"product-type-simple"},"acf":[],"yoast_head":"<!-- This site is optimized with the Yoast SEO Premium plugin v27.2 (Yoast SEO v27.3) - https:\/\/yoast.com\/product\/yoast-seo-premium-wordpress\/ -->\n<title>Christmas Box - Color Fest - Festival di Musica | 11 - 12 - 13 Agosto 2026 | in Calabria<\/title>\n<meta name=\"description\" content=\"La Christmas Box del Color Fest \u00e8 un modo speciale per fare un regalo di Natale che porta con s\u00e9 lo spirito del festival. Scopri di pi\u00f9...\" \/>\n<meta name=\"robots\" content=\"index, follow, max-snippet:-1, max-image-preview:large, max-video-preview:-1\" \/>\n<link rel=\"canonical\" href=\"https:\/\/colorfest.it\/de\/produkt\/weihnachtsbox\/\" \/>\n<meta property=\"og:locale\" content=\"de_DE\" \/>\n<meta property=\"og:type\" content=\"article\" \/>\n<meta property=\"og:title\" content=\"Christmas Box\" \/>\n<meta property=\"og:description\" content=\"La Christmas Box del Color Fest \u00e8 un modo speciale per fare un regalo di Natale che porta con s\u00e9 lo spirito del festival. Scopri di pi\u00f9...\" \/>\n<meta property=\"og:url\" content=\"https:\/\/colorfest.it\/de\/produkt\/weihnachtsbox\/\" \/>\n<meta property=\"og:site_name\" content=\"Color Fest - Festival di Musica | 11 - 12 - 13 Agosto 2026 | in Calabria\" \/>\n<meta property=\"article:publisher\" content=\"http:\/\/facebook.com\/colorfestlamezia\/\" \/>\n<meta property=\"article:modified_time\" content=\"2026-01-28T09:29:51+00:00\" \/>\n<meta property=\"og:image\" content=\"https:\/\/colorfest.it\/wp-content\/uploads\/2025\/12\/box-Winter-Session.webp\" \/>\n\t<meta property=\"og:image:width\" content=\"1280\" \/>\n\t<meta property=\"og:image:height\" content=\"1600\" \/>\n\t<meta property=\"og:image:type\" content=\"image\/webp\" \/>\n<meta name=\"twitter:card\" content=\"summary_large_image\" \/>\n<meta name=\"twitter:label1\" content=\"Gesch\u00e4tzte Lesezeit\" \/>\n\t<meta name=\"twitter:data1\" content=\"1\u00a0Minute\" \/>\n<script type=\"application\/ld+json\" class=\"yoast-schema-graph\">{\"@context\":\"https:\\\/\\\/schema.org\",\"@graph\":[{\"@type\":\"WebPage\",\"@id\":\"https:\\\/\\\/colorfest.it\\\/prodotto\\\/christmas-box\\\/\",\"url\":\"https:\\\/\\\/colorfest.it\\\/prodotto\\\/christmas-box\\\/\",\"name\":\"Christmas Box - Color Fest - Festival di Musica | 11 - 12 - 13 Agosto 2026 | in Calabria\",\"isPartOf\":{\"@id\":\"https:\\\/\\\/colorfest.it\\\/#website\"},\"primaryImageOfPage\":{\"@id\":\"https:\\\/\\\/colorfest.it\\\/prodotto\\\/christmas-box\\\/#primaryimage\"},\"image\":{\"@id\":\"https:\\\/\\\/colorfest.it\\\/prodotto\\\/christmas-box\\\/#primaryimage\"},\"thumbnailUrl\":\"https:\\\/\\\/colorfest.it\\\/wp-content\\\/uploads\\\/2025\\\/12\\\/box-Winter-Session.webp\",\"datePublished\":\"2025-12-11T08:29:17+00:00\",\"dateModified\":\"2026-01-28T09:29:51+00:00\",\"description\":\"La Christmas Box del Color Fest \u00e8 un modo speciale per fare un regalo di Natale che porta con s\u00e9 lo spirito del festival. Scopri di pi\u00f9...\",\"breadcrumb\":{\"@id\":\"https:\\\/\\\/colorfest.it\\\/prodotto\\\/christmas-box\\\/#breadcrumb\"},\"inLanguage\":\"de\",\"potentialAction\":[{\"@type\":\"ReadAction\",\"target\":[\"https:\\\/\\\/colorfest.it\\\/prodotto\\\/christmas-box\\\/\"]}]},{\"@type\":\"ImageObject\",\"inLanguage\":\"de\",\"@id\":\"https:\\\/\\\/colorfest.it\\\/prodotto\\\/christmas-box\\\/#primaryimage\",\"url\":\"https:\\\/\\\/colorfest.it\\\/wp-content\\\/uploads\\\/2025\\\/12\\\/box-Winter-Session.webp\",\"contentUrl\":\"https:\\\/\\\/colorfest.it\\\/wp-content\\\/uploads\\\/2025\\\/12\\\/box-Winter-Session.webp\",\"width\":1280,\"height\":1600},{\"@type\":\"BreadcrumbList\",\"@id\":\"https:\\\/\\\/colorfest.it\\\/prodotto\\\/christmas-box\\\/#breadcrumb\",\"itemListElement\":[{\"@type\":\"ListItem\",\"position\":1,\"name\":\"Home\",\"item\":\"https:\\\/\\\/colorfest.it\\\/\"},{\"@type\":\"ListItem\",\"position\":2,\"name\":\"Shop\",\"item\":\"https:\\\/\\\/colorfest.it\\\/shop\\\/\"},{\"@type\":\"ListItem\",\"position\":3,\"name\":\"Christmas Box\"}]},{\"@type\":\"WebSite\",\"@id\":\"https:\\\/\\\/colorfest.it\\\/#website\",\"url\":\"https:\\\/\\\/colorfest.it\\\/\",\"name\":\"Color Fest - Festival di Musica | 11 - 12 - 13 Agosto 2026 | in Calabria\",\"description\":\"Color Fest - Festival di Musica, dal 2013 punto di riferimento per la musica dal vivo &gt;&gt; 11 - 12 - 13 Agosto 2026 Lungomare Falcone Borsellino.\",\"publisher\":{\"@id\":\"https:\\\/\\\/colorfest.it\\\/#organization\"},\"alternateName\":\"Color Fest - Festival di Musica | 11 - 12 - 13 Agosto 2026 @Lungomare Falcone Borsellino\",\"potentialAction\":[{\"@type\":\"SearchAction\",\"target\":{\"@type\":\"EntryPoint\",\"urlTemplate\":\"https:\\\/\\\/colorfest.it\\\/?s={search_term_string}\"},\"query-input\":{\"@type\":\"PropertyValueSpecification\",\"valueRequired\":true,\"valueName\":\"search_term_string\"}}],\"inLanguage\":\"de\"},{\"@type\":\"Organization\",\"@id\":\"https:\\\/\\\/colorfest.it\\\/#organization\",\"name\":\"Che cosa sono le nuvole APS\",\"alternateName\":\"Color Fest\",\"url\":\"https:\\\/\\\/colorfest.it\\\/\",\"logo\":{\"@type\":\"ImageObject\",\"inLanguage\":\"de\",\"@id\":\"https:\\\/\\\/colorfest.it\\\/#\\\/schema\\\/logo\\\/image\\\/\",\"url\":\"https:\\\/\\\/colorfest.it\\\/wp-content\\\/uploads\\\/2022\\\/03\\\/checosasonolenuvole.png\",\"contentUrl\":\"https:\\\/\\\/colorfest.it\\\/wp-content\\\/uploads\\\/2022\\\/03\\\/checosasonolenuvole.png\",\"width\":952,\"height\":844,\"caption\":\"Che cosa sono le nuvole APS\"},\"image\":{\"@id\":\"https:\\\/\\\/colorfest.it\\\/#\\\/schema\\\/logo\\\/image\\\/\"},\"sameAs\":[\"http:\\\/\\\/facebook.com\\\/colorfestlamezia\\\/\",\"http:\\\/\\\/instagram.com\\\/color_fest_\\\/\",\"https:\\\/\\\/www.linkedin.com\\\/company\\\/color-fest\\\/\"],\"description\":\"Color Fest - Festival di Musica, dal 2013 punto di riferimento per la musica dal vivo >> 11 - 12 - 13 Agosto 2026 Lungomare Falcone Borsellino.\",\"email\":\"scrivi@colorfest.it\",\"legalName\":\"Che cosa sono le nuvole APS\",\"foundingDate\":\"2012-10-12\",\"vatID\":\"03309120792\",\"taxID\":\"92029190797\",\"numberOfEmployees\":{\"@type\":\"QuantitativeValue\",\"minValue\":\"11\",\"maxValue\":\"50\"}}]}<\/script>\n<!-- \/ Yoast SEO Premium plugin. -->","yoast_head_json":{"title":"Christmas Box \u2013 Color Fest \u2013 Musikfestival | 11. \u2013 12. \u2013 13. August 2026 | in Kalabrien","description":"Die Christmas Box des Color Fest ist eine besondere Art, ein Weihnachtsgeschenk zu machen, das den Geist des Festivals mit sich bringt. Erfahren Sie mehr...","robots":{"index":"index","follow":"follow","max-snippet":"max-snippet:-1","max-image-preview":"max-image-preview:large","max-video-preview":"max-video-preview:-1"},"canonical":"https:\/\/colorfest.it\/de\/produkt\/weihnachtsbox\/","og_locale":"de_DE","og_type":"article","og_title":"Christmas Box","og_description":"La Christmas Box del Color Fest \u00e8 un modo speciale per fare un regalo di Natale che porta con s\u00e9 lo spirito del festival. Scopri di pi\u00f9...","og_url":"https:\/\/colorfest.it\/de\/produkt\/weihnachtsbox\/","og_site_name":"Color Fest - Festival di Musica | 11 - 12 - 13 Agosto 2026 | in Calabria","article_publisher":"http:\/\/facebook.com\/colorfestlamezia\/","article_modified_time":"2026-01-28T09:29:51+00:00","og_image":[{"width":1280,"height":1600,"url":"https:\/\/colorfest.it\/wp-content\/uploads\/2025\/12\/box-Winter-Session.webp","type":"image\/webp"}],"twitter_card":"summary_large_image","twitter_misc":{"Gesch\u00e4tzte Lesezeit":"1\u00a0Minute"},"schema":{"@context":"https:\/\/schema.org","@graph":[{"@type":"WebPage","@id":"https:\/\/colorfest.it\/prodotto\/christmas-box\/","url":"https:\/\/colorfest.it\/prodotto\/christmas-box\/","name":"Christmas Box \u2013 Color Fest \u2013 Musikfestival | 11. \u2013 12. \u2013 13. August 2026 | in Kalabrien","isPartOf":{"@id":"https:\/\/colorfest.it\/#website"},"primaryImageOfPage":{"@id":"https:\/\/colorfest.it\/prodotto\/christmas-box\/#primaryimage"},"image":{"@id":"https:\/\/colorfest.it\/prodotto\/christmas-box\/#primaryimage"},"thumbnailUrl":"https:\/\/colorfest.it\/wp-content\/uploads\/2025\/12\/box-Winter-Session.webp","datePublished":"2025-12-11T08:29:17+00:00","dateModified":"2026-01-28T09:29:51+00:00","description":"Die Christmas Box des Color Fest ist eine besondere Art, ein Weihnachtsgeschenk zu machen, das den Geist des Festivals mit sich bringt. Erfahren Sie mehr...","breadcrumb":{"@id":"https:\/\/colorfest.it\/prodotto\/christmas-box\/#breadcrumb"},"inLanguage":"de","potentialAction":[{"@type":"ReadAction","target":["https:\/\/colorfest.it\/prodotto\/christmas-box\/"]}]},{"@type":"ImageObject","inLanguage":"de","@id":"https:\/\/colorfest.it\/prodotto\/christmas-box\/#primaryimage","url":"https:\/\/colorfest.it\/wp-content\/uploads\/2025\/12\/box-Winter-Session.webp","contentUrl":"https:\/\/colorfest.it\/wp-content\/uploads\/2025\/12\/box-Winter-Session.webp","width":1280,"height":1600},{"@type":"BreadcrumbList","@id":"https:\/\/colorfest.it\/prodotto\/christmas-box\/#breadcrumb","itemListElement":[{"@type":"ListItem","position":1,"name":"Home","item":"https:\/\/colorfest.it\/"},{"@type":"ListItem","position":2,"name":"Shop","item":"https:\/\/colorfest.it\/shop\/"},{"@type":"ListItem","position":3,"name":"Christmas Box"}]},{"@type":"WebSite","@id":"https:\/\/colorfest.it\/#website","url":"https:\/\/colorfest.it\/","name":"Color Fest - Musikfestival | 11 - 12 - 13 August 2026 | in Kalabrien","description":"Color Fest - Musikfestival, seit 2013 ein Bezugspunkt f\u00fcr Live-Musik &gt;&gt; 11 - 12 - 13 August 2026 Lungomare Falcone Borsellino","publisher":{"@id":"https:\/\/colorfest.it\/#organization"},"alternateName":"Color Fest - Festival di Musica | 11 - 12 - 13 Agosto 2026 @Lungomare Falcone Borsellino","potentialAction":[{"@type":"SearchAction","target":{"@type":"EntryPoint","urlTemplate":"https:\/\/colorfest.it\/?s={search_term_string}"},"query-input":{"@type":"PropertyValueSpecification","valueRequired":true,"valueName":"search_term_string"}}],"inLanguage":"de"},{"@type":"Organization","@id":"https:\/\/colorfest.it\/#organization","name":"Was sind APS-Wolken?","alternateName":"Color Fest","url":"https:\/\/colorfest.it\/","logo":{"@type":"ImageObject","inLanguage":"de","@id":"https:\/\/colorfest.it\/#\/schema\/logo\/image\/","url":"https:\/\/colorfest.it\/wp-content\/uploads\/2022\/03\/checosasonolenuvole.png","contentUrl":"https:\/\/colorfest.it\/wp-content\/uploads\/2022\/03\/checosasonolenuvole.png","width":952,"height":844,"caption":"Che cosa sono le nuvole APS"},"image":{"@id":"https:\/\/colorfest.it\/#\/schema\/logo\/image\/"},"sameAs":["http:\/\/facebook.com\/colorfestlamezia\/","http:\/\/instagram.com\/color_fest_\/","https:\/\/www.linkedin.com\/company\/color-fest\/"],"description":"Color Fest - Musikfestival, seit 2013 ein Bezugspunkt f\u00fcr Live-Musik &gt;&gt; 11 - 12 - 13 August 2026 Lungomare Falcone Borsellino","email":"scrivi@colorfest.it","legalName":"Che cosa sono le nuvole APS","foundingDate":"2012-10-12","vatID":"03309120792","taxID":"92029190797","numberOfEmployees":{"@type":"QuantitativeValue","minValue":"11","maxValue":"50"}}]}},"_links":{"self":[{"href":"https:\/\/colorfest.it\/de\/wp-json\/wp\/v2\/product\/22903","targetHints":{"allow":["GET"]}}],"collection":[{"href":"https:\/\/colorfest.it\/de\/wp-json\/wp\/v2\/product"}],"about":[{"href":"https:\/\/colorfest.it\/de\/wp-json\/wp\/v2\/types\/product"}],"wp:featuredmedia":[{"embeddable":true,"href":"https:\/\/colorfest.it\/de\/wp-json\/wp\/v2\/media\/23028"}],"wp:attachment":[{"href":"https:\/\/colorfest.it\/de\/wp-json\/wp\/v2\/media?parent=22903"}],"wp:term":[{"taxonomy":"product_brand","embeddable":true,"href":"https:\/\/colorfest.it\/de\/wp-json\/wp\/v2\/product_brand?post=22903"},{"taxonomy":"product_cat","embeddable":true,"href":"https:\/\/colorfest.it\/de\/wp-json\/wp\/v2\/product_cat?post=22903"},{"taxonomy":"product_tag","embeddable":true,"href":"https:\/\/colorfest.it\/de\/wp-json\/wp\/v2\/product_tag?post=22903"}],"curies":[{"name":"wp","href":"https:\/\/api.w.org\/{rel}","templated":true}]}}