{"id":8944,"date":"2022-03-03T14:45:03","date_gmt":"2022-03-03T13:45:03","guid":{"rendered":"https:\/\/colorfest.it\/?page_id=8944"},"modified":"2023-01-09T23:11:01","modified_gmt":"2023-01-09T22:11:01","slug":"datenschutzbestimmungen","status":"publish","type":"page","link":"https:\/\/colorfest.it\/de\/privacy-policy\/","title":{"rendered":"Datenschutzbestimmungen"},"content":{"rendered":"<div data-elementor-type=\"wp-page\" data-elementor-id=\"8944\" class=\"elementor elementor-8944\" data-elementor-post-type=\"page\">\n\t\t\t\t\t\t<section class=\"elementor-section elementor-top-section elementor-element elementor-element-73e9d22 elementor-section-full_width elementor-section-height-default elementor-section-height-default\" data-id=\"73e9d22\" data-element_type=\"section\" data-e-type=\"section\">\n\t\t\t\t\t\t<div class=\"elementor-container elementor-column-gap-default\">\n\t\t\t\t\t<div class=\"elementor-column elementor-col-100 elementor-top-column elementor-element elementor-element-d6d2caf\" data-id=\"d6d2caf\" data-element_type=\"column\" data-e-type=\"column\">\n\t\t\t<div class=\"elementor-widget-wrap elementor-element-populated\">\n\t\t\t\t\t\t<div class=\"elementor-element elementor-element-1d161a8 elementor-widget elementor-widget-text-editor\" data-id=\"1d161a8\" data-element_type=\"widget\" data-e-type=\"widget\" data-widget_type=\"text-editor.default\">\n\t\t\t\t<div class=\"elementor-widget-container\">\n\t\t\t\t\t\t\t\t\t<div class=\"column mcb-column mcb-item-hjpry0img one-fifth column_placeholder\"><div class=\"placeholder\">\u00a0<\/div><\/div><div class=\"column mcb-column mcb-item-d1s2o8iaa three-fifth column_column\"><div class=\"column_attr clearfix align_left\"><h2>Datenschutzbestimmungen<\/h2><p>Durch den Zugriff auf die von der Vereinigung Che Cosa Sono le Nuvole APS, die das Color Fest organisiert, betriebene Website oder durch die Nutzung ihrer Inhalte erkl\u00e4ren Sie sich mit den Bedingungen der Online-Datenschutzrichtlinie von Che Cosa Sono le Nuvole APS einverstanden, die im Folgenden dargelegt sind. Wenn Sie mit diesen Bedingungen nicht einverstanden sind, bitten wir Sie, nicht auf die Website zuzugreifen oder deren Inhalte zu nutzen.<\/p><p>\u00a0<\/p><h4>Sammlung von pers\u00f6nlichen Informationen.<\/h4><p>Bei der Durchf\u00fchrung von Aktivit\u00e4ten wie die Bestellung von Produkten, das Herunterladen von Software, das Senden von Lebensl\u00e4ufen oder andere zur Verf\u00fcgung, What Are the Clouds APS kann Sie bitten, pers\u00f6nliche Informationen durch Ausf\u00fcllen und \u00dcbermittlung eines elektronischen Formulars. Es steht Ihnen v\u00f6llig frei, eine solche Aufforderung anzunehmen oder abzulehnen. Wenn Sie sich daf\u00fcr entscheiden, kann What Are Clouds APS Sie bitten, pers\u00f6nliche Daten wie Ihren Namen, Ihre Adresse, Ihre E-Mail-Adresse und andere Daten, die Sie identifizieren, anzugeben. Wenn Sie Produkte auf der Website bestellen, m\u00fcssen Sie m\u00f6glicherweise eine Kreditkartennummer eingeben oder \u00e4hnliche Zahlungssysteme wie PayPal verwenden. What Are Clouds APS sammelt diese Informationen, um sie zu erfassen und Ihnen die Teilnahme an den von Ihnen gew\u00e4hlten Aktivit\u00e4ten zu erm\u00f6glichen. Wenn Sie zum Beispiel ein Produkt bestellen, werden die Informationen verwendet, um Ihre Lizenz und Ihr Recht zu registrieren, wo anwendbar, um die Vorteile der technischen Unterst\u00fctzung, erm\u00e4\u00dfigte Upgrades oder andere Vorteile, die f\u00fcr registrierte Benutzer angeboten werden k\u00f6nnen. What Are the Clouds APS verwendet die von Ihnen zur Verf\u00fcgung gestellten Informationen auch, um Sie \u00fcber neue Produktversionen, Sonderangebote und andere What Are the Clouds APS Produkte und Dienstleistungen auf dem Laufenden zu halten. What are the Clouds APS erkennt und sch\u00e4tzt den verantwortungsvollen Umgang mit solchen Informationen. Wenn Sie nicht m\u00f6chten, dass die Informationen, die Sie What Are the Clouds APS zur Verf\u00fcgung stellen, verwendet werden, um Sie \u00fcber neue Produkte und Sonderangebote zu informieren, und Sie dies bei der \u00dcbermittlung der Informationen an What Are the Clouds APS angeben, wird sich What Are the Clouds APS streng an Ihre Anweisungen halten. What Are the Clouds APS kann auch bestimmte Informationen ausw\u00e4hlen und an andere Unternehmen oder Organisationen weiterleiten, die Produkte oder Dienstleistungen anbieten, von denen wir glauben, dass sie f\u00fcr Sie von Interesse sein k\u00f6nnten. Wenn Sie nicht m\u00f6chten, dass die Informationen, die Sie What Are the Clouds APS zur Verf\u00fcgung stellen, an andere Unternehmen weitergegeben werden, und Sie Ihre Pr\u00e4ferenz angeben, wird What Are the Clouds APS Ihre Anweisungen sorgf\u00e4ltig befolgen. Wenn Sie What Are the Clouds APS im Zusammenhang mit einer bestimmten Aktivit\u00e4t, wie z. B. einer Produktbestellung, personenbezogene Daten \u00fcbermitteln, erkl\u00e4ren Sie sich damit einverstanden, dass What Are the Clouds APS und seine Tochtergesellschaften und angeschlossenen Unternehmen sowie vertrauensw\u00fcrdige H\u00e4ndler m\u00f6glicherweise Daten \u00fcber Sie in eines der L\u00e4nder, in denen diese Unternehmen Niederlassungen unterhalten, \u00fcbermitteln, sammeln und verarbeiten m\u00fcssen, um Gesch\u00e4fte abzuschlie\u00dfen und damit verbundene Daten zu aktualisieren. Informationen \u00fcber Sie werden nicht aus anderen Gr\u00fcnden in L\u00e4nder au\u00dferhalb der Europ\u00e4ischen Union \u00fcbertragen, es sei denn, Sie geben Ihre Zustimmung.<\/p><p>\u00a0<\/p><h4>Verwendung von Cookies.<\/h4><p>Wenn Sie colourfest.de besuchen, k\u00f6nnen Sie sich anonym zwischen den Seiten bewegen und erhalten Zugang zu aussagekr\u00e4ftigen Informationen, ohne Ihre Identit\u00e4t preiszugeben. Um unsere Website zu verbessern, verwenden wir \"Cookies\", um Ihren Besuch zu verfolgen. Ein Cookie besteht aus einem kleinen Datensatz, der von einem Webserver an Ihren Browser \u00fcbertragen wird und nur von dem Server gelesen werden kann, der die \u00dcbertragung vorgenommen hat. Es fungiert als Ihr Personalausweis und speichert Ihre Passw\u00f6rter, Eink\u00e4ufe und Vorlieben. Es handelt sich dabei nicht um ausf\u00fchrbaren Code und es werden keine Viren \u00fcbertragen. Fast alle Browser sind von vornherein so programmiert, dass sie Cookies akzeptieren. Sie k\u00f6nnen den Browser so einstellen, dass er Sie warnt, wenn Sie ein Cookie erhalten, und Sie k\u00f6nnen w\u00e4hlen, ob Sie es annehmen wollen oder nicht. F\u00fcr einige Webseiten, die eine Autorisierung erfordern, sind Cookies nicht optional. Benutzer, die keine Cookies erhalten m\u00f6chten, k\u00f6nnen auf diese Seiten wahrscheinlich nicht zugreifen. Was sind Clouds? APS verwendet Cookies, um Ihren Besuch auf colorfest.co.uk zu verfolgen. Unsere Webserver protokollieren automatisch die IP-\/Internetadresse Ihres Computers. Diese Informationen identifizieren Sie nicht pers\u00f6nlich. Sie bleiben anonym, es sei denn, Sie haben What Are Clouds APS pers\u00f6nliche Informationen in anderer Form mitgeteilt.<\/p><h4>Aktualisierung der pers\u00f6nlichen Daten.<\/h4><p>Sie haben das Recht, auf Ihre pers\u00f6nlichen Daten und Datenschutzeinstellungen zuzugreifen und diese zu \u00e4ndern. Dies k\u00f6nnen Sie tun, indem Sie an What Are Clouds APS unter der folgenden Adresse schreiben:<\/p><p><strong>WAS APS-WOLKEN SIND<br \/>Lamezia Terme, via dei Brutii n 97, 88046.<br \/>P.I. IT03309120792<\/strong><\/p><p>Bitte geben Sie Ihren Vor- und Nachnamen, Ihre Postanschrift und\/oder Ihre E-Mail-Adresse an, wenn Sie mit uns Kontakt aufnehmen. Bitte beachten Sie auch, dass Che Cosa Sono le Nuvole APS nicht f\u00fcr den Inhalt oder die Datenschutzrichtlinien von Websites verantwortlich ist, die nicht von uns betrieben werden und zu denen eine unserer Websites einen Link enth\u00e4lt.<\/p><\/div><\/div>\t\t\t\t\t\t\t\t<\/div>\n\t\t\t\t<\/div>\n\t\t\t\t\t<\/div>\n\t\t<\/div>\n\t\t\t\t\t<\/div>\n\t\t<\/section>\n\t\t\t\t<section class=\"elementor-section elementor-top-section elementor-element elementor-element-5d77952 elementor-section-full_width elementor-section-height-default elementor-section-height-default\" data-id=\"5d77952\" data-element_type=\"section\" data-e-type=\"section\">\n\t\t\t\t\t\t<div class=\"elementor-container elementor-column-gap-default\">\n\t\t\t\t\t<div class=\"elementor-column elementor-col-33 elementor-top-column elementor-element elementor-element-ce6f676\" data-id=\"ce6f676\" data-element_type=\"column\" data-e-type=\"column\">\n\t\t\t<div class=\"elementor-widget-wrap\">\n\t\t\t\t\t\t\t<\/div>\n\t\t<\/div>\n\t\t\t\t<div class=\"elementor-column elementor-col-33 elementor-top-column elementor-element elementor-element-6a6f6b4\" data-id=\"6a6f6b4\" data-element_type=\"column\" data-e-type=\"column\">\n\t\t\t<div class=\"elementor-widget-wrap elementor-element-populated\">\n\t\t\t\t\t\t<div class=\"elementor-element elementor-element-b91a14d elementor-widget elementor-widget-button\" data-id=\"b91a14d\" data-element_type=\"widget\" data-e-type=\"widget\" data-widget_type=\"button.default\">\n\t\t\t\t<div class=\"elementor-widget-container\">\n\t\t\t\t\t\t\t\t\t<div class=\"elementor-button-wrapper\">\n\t\t\t\t\t<a class=\"elementor-button elementor-button-link elementor-size-sm\" href=\"https:\/\/colorfest.it\/de\/\">\n\t\t\t\t\t\t<span class=\"elementor-button-content-wrapper\">\n\t\t\t\t\t\t\t\t\t<span class=\"elementor-button-text\">zur\u00fcck zur Seite<\/span>\n\t\t\t\t\t<\/span>\n\t\t\t\t\t<\/a>\n\t\t\t\t<\/div>\n\t\t\t\t\t\t\t\t<\/div>\n\t\t\t\t<\/div>\n\t\t\t\t\t<\/div>\n\t\t<\/div>\n\t\t\t\t<div class=\"elementor-column elementor-col-33 elementor-top-column elementor-element elementor-element-72088e5\" data-id=\"72088e5\" data-element_type=\"column\" data-e-type=\"column\">\n\t\t\t<div class=\"elementor-widget-wrap\">\n\t\t\t\t\t\t\t<\/div>\n\t\t<\/div>\n\t\t\t\t\t<\/div>\n\t\t<\/section>\n\t\t\t\t<\/div>","protected":false},"excerpt":{"rendered":"<p>\u00a0 Politica Privacy Accedendo al sito web gestito da Che Cosa Sono le Nuvole APS associazione organizzatrice del Color Fest o utilizzandone il contenuto, accettate i termini della Informativa sulla Privacy Online Che Cosa Sono le Nuvole APS, cos\u00ec come esposta di seguito. Se non accettate tali termini, vi preghiamo di non accedere al sito [&hellip;]<\/p>\n","protected":false},"author":1,"featured_media":0,"parent":0,"menu_order":0,"comment_status":"closed","ping_status":"closed","template":"elementor_canvas","meta":{"_acf_changed":false,"footnotes":""},"class_list":["post-8944","page","type-page","status-publish","hentry"],"acf":[],"yoast_head":"<!-- This site is optimized with the Yoast SEO Premium plugin v27.3 (Yoast SEO v27.4) - https:\/\/yoast.com\/product\/yoast-seo-premium-wordpress\/ -->\n<title>Color Fest 11 - 12 - 13 Agosto 2026| in Calabria<\/title>\n<meta name=\"description\" content=\"Color Fest - Festival di Musica, dal 2013 punto di riferimento per la musica dal vivo &gt;&gt; 11 - 12 - 13 Agosto 2026 Lungomare Falcone Borsellino.\" \/>\n<meta name=\"robots\" content=\"noindex, nofollow\" \/>\n<meta property=\"og:locale\" content=\"de_DE\" \/>\n<meta property=\"og:type\" content=\"article\" \/>\n<meta property=\"og:title\" content=\"Privacy Policy\" \/>\n<meta property=\"og:description\" content=\"Color Fest - Festival di Musica, dal 2013 punto di riferimento per la musica dal vivo &gt;&gt; 11 - 12 - 13 Agosto 2026 Lungomare Falcone Borsellino.\" \/>\n<meta property=\"og:url\" content=\"https:\/\/colorfest.it\/de\/datenschutzbestimmungen\/\" \/>\n<meta property=\"og:site_name\" content=\"Color Fest - Festival di Musica | 11 - 12 - 13 Agosto 2026 | in Calabria\" \/>\n<meta property=\"article:publisher\" content=\"http:\/\/facebook.com\/colorfestlamezia\/\" \/>\n<meta property=\"article:modified_time\" content=\"2023-01-09T22:11:01+00:00\" \/>\n<meta property=\"og:image\" content=\"https:\/\/colorfest.it\/wp-content\/uploads\/2024\/08\/DSCF3400.jpg\" \/>\n\t<meta property=\"og:image:width\" content=\"1600\" \/>\n\t<meta property=\"og:image:height\" content=\"1067\" \/>\n\t<meta property=\"og:image:type\" content=\"image\/jpeg\" \/>\n<meta name=\"twitter:card\" content=\"summary_large_image\" \/>\n<meta name=\"twitter:label1\" content=\"Gesch\u00e4tzte Lesezeit\" \/>\n\t<meta name=\"twitter:data1\" content=\"5\u00a0Minuten\" \/>\n<script type=\"application\/ld+json\" class=\"yoast-schema-graph\">{\"@context\":\"https:\\\/\\\/schema.org\",\"@graph\":[{\"@type\":\"WebPage\",\"@id\":\"https:\\\/\\\/colorfest.it\\\/privacy-policy\\\/\",\"url\":\"https:\\\/\\\/colorfest.it\\\/privacy-policy\\\/\",\"name\":\"Color Fest 11 - 12 - 13 Agosto 2026| in Calabria\",\"isPartOf\":{\"@id\":\"https:\\\/\\\/colorfest.it\\\/#website\"},\"datePublished\":\"2022-03-03T13:45:03+00:00\",\"dateModified\":\"2023-01-09T22:11:01+00:00\",\"description\":\"Color Fest - Festival di Musica, dal 2013 punto di riferimento per la musica dal vivo >> 11 - 12 - 13 Agosto 2026 Lungomare Falcone Borsellino.\",\"breadcrumb\":{\"@id\":\"https:\\\/\\\/colorfest.it\\\/privacy-policy\\\/#breadcrumb\"},\"inLanguage\":\"de\",\"potentialAction\":[{\"@type\":\"ReadAction\",\"target\":[\"https:\\\/\\\/colorfest.it\\\/privacy-policy\\\/\"]}]},{\"@type\":\"BreadcrumbList\",\"@id\":\"https:\\\/\\\/colorfest.it\\\/privacy-policy\\\/#breadcrumb\",\"itemListElement\":[{\"@type\":\"ListItem\",\"position\":1,\"name\":\"Home\",\"item\":\"https:\\\/\\\/colorfest.it\\\/\"},{\"@type\":\"ListItem\",\"position\":2,\"name\":\"Privacy Policy\"}]},{\"@type\":\"WebSite\",\"@id\":\"https:\\\/\\\/colorfest.it\\\/#website\",\"url\":\"https:\\\/\\\/colorfest.it\\\/\",\"name\":\"Color Fest - Festival di Musica | 11 - 12 - 13 Agosto 2026 | in Calabria\",\"description\":\"Color Fest - Festival di Musica, dal 2013 punto di riferimento per la musica dal vivo &gt;&gt; 11 - 12 - 13 Agosto 2026 Lungomare Falcone Borsellino.\",\"publisher\":{\"@id\":\"https:\\\/\\\/colorfest.it\\\/#organization\"},\"alternateName\":\"Color Fest - Festival di Musica | 11 - 12 - 13 Agosto 2026 @Lungomare Falcone Borsellino\",\"potentialAction\":[{\"@type\":\"SearchAction\",\"target\":{\"@type\":\"EntryPoint\",\"urlTemplate\":\"https:\\\/\\\/colorfest.it\\\/?s={search_term_string}\"},\"query-input\":{\"@type\":\"PropertyValueSpecification\",\"valueRequired\":true,\"valueName\":\"search_term_string\"}}],\"inLanguage\":\"de\"},{\"@type\":\"Organization\",\"@id\":\"https:\\\/\\\/colorfest.it\\\/#organization\",\"name\":\"Che cosa sono le nuvole APS\",\"alternateName\":\"Color Fest\",\"url\":\"https:\\\/\\\/colorfest.it\\\/\",\"logo\":{\"@type\":\"ImageObject\",\"inLanguage\":\"de\",\"@id\":\"https:\\\/\\\/colorfest.it\\\/#\\\/schema\\\/logo\\\/image\\\/\",\"url\":\"https:\\\/\\\/colorfest.it\\\/wp-content\\\/uploads\\\/2022\\\/03\\\/checosasonolenuvole.png\",\"contentUrl\":\"https:\\\/\\\/colorfest.it\\\/wp-content\\\/uploads\\\/2022\\\/03\\\/checosasonolenuvole.png\",\"width\":952,\"height\":844,\"caption\":\"Che cosa sono le nuvole APS\"},\"image\":{\"@id\":\"https:\\\/\\\/colorfest.it\\\/#\\\/schema\\\/logo\\\/image\\\/\"},\"sameAs\":[\"http:\\\/\\\/facebook.com\\\/colorfestlamezia\\\/\",\"http:\\\/\\\/instagram.com\\\/color_fest_\\\/\",\"https:\\\/\\\/www.linkedin.com\\\/company\\\/color-fest\\\/\"],\"description\":\"Color Fest - Festival di Musica, dal 2013 punto di riferimento per la musica dal vivo >> 11 - 12 - 13 Agosto 2026 Lungomare Falcone Borsellino.\",\"email\":\"scrivi@colorfest.it\",\"legalName\":\"Che cosa sono le nuvole APS\",\"foundingDate\":\"2012-10-12\",\"vatID\":\"03309120792\",\"taxID\":\"92029190797\",\"numberOfEmployees\":{\"@type\":\"QuantitativeValue\",\"minValue\":\"11\",\"maxValue\":\"50\"}}]}<\/script>\n<!-- \/ Yoast SEO Premium plugin. -->","yoast_head_json":{"title":"Farbenfest 11 - 12 - 13 August 2026| in Kalabrien","description":"Color Fest - Musikfestival, seit 2013 ein Bezugspunkt f\u00fcr Live-Musik &gt;&gt; 11 - 12 - 13 August 2026 Lungomare Falcone Borsellino","robots":{"index":"noindex","follow":"nofollow"},"og_locale":"de_DE","og_type":"article","og_title":"Privacy Policy","og_description":"Color Fest - Festival di Musica, dal 2013 punto di riferimento per la musica dal vivo >> 11 - 12 - 13 Agosto 2026 Lungomare Falcone Borsellino.","og_url":"https:\/\/colorfest.it\/de\/datenschutzbestimmungen\/","og_site_name":"Color Fest - Festival di Musica | 11 - 12 - 13 Agosto 2026 | in Calabria","article_publisher":"http:\/\/facebook.com\/colorfestlamezia\/","article_modified_time":"2023-01-09T22:11:01+00:00","og_image":[{"width":1600,"height":1067,"url":"https:\/\/colorfest.it\/wp-content\/uploads\/2024\/08\/DSCF3400.jpg","type":"image\/jpeg"}],"twitter_card":"summary_large_image","twitter_misc":{"Gesch\u00e4tzte Lesezeit":"5\u00a0Minuten"},"schema":{"@context":"https:\/\/schema.org","@graph":[{"@type":"WebPage","@id":"https:\/\/colorfest.it\/privacy-policy\/","url":"https:\/\/colorfest.it\/privacy-policy\/","name":"Farbenfest 11 - 12 - 13 August 2026| in Kalabrien","isPartOf":{"@id":"https:\/\/colorfest.it\/#website"},"datePublished":"2022-03-03T13:45:03+00:00","dateModified":"2023-01-09T22:11:01+00:00","description":"Color Fest - Musikfestival, seit 2013 ein Bezugspunkt f\u00fcr Live-Musik &gt;&gt; 11 - 12 - 13 August 2026 Lungomare Falcone Borsellino","breadcrumb":{"@id":"https:\/\/colorfest.it\/privacy-policy\/#breadcrumb"},"inLanguage":"de","potentialAction":[{"@type":"ReadAction","target":["https:\/\/colorfest.it\/privacy-policy\/"]}]},{"@type":"BreadcrumbList","@id":"https:\/\/colorfest.it\/privacy-policy\/#breadcrumb","itemListElement":[{"@type":"ListItem","position":1,"name":"Home","item":"https:\/\/colorfest.it\/"},{"@type":"ListItem","position":2,"name":"Privacy Policy"}]},{"@type":"WebSite","@id":"https:\/\/colorfest.it\/#website","url":"https:\/\/colorfest.it\/","name":"Color Fest - Musikfestival | 11 - 12 - 13 August 2026 | in Kalabrien","description":"Color Fest - Musikfestival, seit 2013 ein Bezugspunkt f\u00fcr Live-Musik &gt;&gt; 11 - 12 - 13 August 2026 Lungomare Falcone Borsellino","publisher":{"@id":"https:\/\/colorfest.it\/#organization"},"alternateName":"Color Fest - Festival di Musica | 11 - 12 - 13 Agosto 2026 @Lungomare Falcone Borsellino","potentialAction":[{"@type":"SearchAction","target":{"@type":"EntryPoint","urlTemplate":"https:\/\/colorfest.it\/?s={search_term_string}"},"query-input":{"@type":"PropertyValueSpecification","valueRequired":true,"valueName":"search_term_string"}}],"inLanguage":"de"},{"@type":"Organization","@id":"https:\/\/colorfest.it\/#organization","name":"Was sind APS-Wolken?","alternateName":"Color Fest","url":"https:\/\/colorfest.it\/","logo":{"@type":"ImageObject","inLanguage":"de","@id":"https:\/\/colorfest.it\/#\/schema\/logo\/image\/","url":"https:\/\/colorfest.it\/wp-content\/uploads\/2022\/03\/checosasonolenuvole.png","contentUrl":"https:\/\/colorfest.it\/wp-content\/uploads\/2022\/03\/checosasonolenuvole.png","width":952,"height":844,"caption":"Che cosa sono le nuvole APS"},"image":{"@id":"https:\/\/colorfest.it\/#\/schema\/logo\/image\/"},"sameAs":["http:\/\/facebook.com\/colorfestlamezia\/","http:\/\/instagram.com\/color_fest_\/","https:\/\/www.linkedin.com\/company\/color-fest\/"],"description":"Color Fest - Musikfestival, seit 2013 ein Bezugspunkt f\u00fcr Live-Musik &gt;&gt; 11 - 12 - 13 August 2026 Lungomare Falcone Borsellino","email":"scrivi@colorfest.it","legalName":"Che cosa sono le nuvole APS","foundingDate":"2012-10-12","vatID":"03309120792","taxID":"92029190797","numberOfEmployees":{"@type":"QuantitativeValue","minValue":"11","maxValue":"50"}}]}},"_links":{"self":[{"href":"https:\/\/colorfest.it\/de\/wp-json\/wp\/v2\/pages\/8944","targetHints":{"allow":["GET"]}}],"collection":[{"href":"https:\/\/colorfest.it\/de\/wp-json\/wp\/v2\/pages"}],"about":[{"href":"https:\/\/colorfest.it\/de\/wp-json\/wp\/v2\/types\/page"}],"author":[{"embeddable":true,"href":"https:\/\/colorfest.it\/de\/wp-json\/wp\/v2\/users\/1"}],"replies":[{"embeddable":true,"href":"https:\/\/colorfest.it\/de\/wp-json\/wp\/v2\/comments?post=8944"}],"version-history":[{"count":0,"href":"https:\/\/colorfest.it\/de\/wp-json\/wp\/v2\/pages\/8944\/revisions"}],"wp:attachment":[{"href":"https:\/\/colorfest.it\/de\/wp-json\/wp\/v2\/media?parent=8944"}],"curies":[{"name":"wp","href":"https:\/\/api.w.org\/{rel}","templated":true}]}}