{"id":4919,"date":"2021-07-01T11:34:05","date_gmt":"2021-07-01T09:34:05","guid":{"rendered":"https:\/\/micdrop.qodeinteractive.com\/?page_id=4919"},"modified":"2023-01-09T23:12:00","modified_gmt":"2023-01-09T22:12:00","slug":"cookie-richtlinie","status":"publish","type":"page","link":"https:\/\/colorfest.it\/de\/cookie-policy\/","title":{"rendered":"Cookie-Richtlinie"},"content":{"rendered":"<div data-elementor-type=\"wp-page\" data-elementor-id=\"4919\" class=\"elementor elementor-4919\" data-elementor-post-type=\"page\">\n\t\t\t\t\t\t<section class=\"elementor-section elementor-top-section elementor-element elementor-element-73e9d22 elementor-section-full_width elementor-section-height-default elementor-section-height-default\" data-id=\"73e9d22\" data-element_type=\"section\" data-e-type=\"section\">\n\t\t\t\t\t\t<div class=\"elementor-container elementor-column-gap-default\">\n\t\t\t\t\t<div class=\"elementor-column elementor-col-100 elementor-top-column elementor-element elementor-element-d6d2caf\" data-id=\"d6d2caf\" data-element_type=\"column\" data-e-type=\"column\">\n\t\t\t<div class=\"elementor-widget-wrap elementor-element-populated\">\n\t\t\t\t\t\t<div class=\"elementor-element elementor-element-1d161a8 elementor-widget elementor-widget-text-editor\" data-id=\"1d161a8\" data-element_type=\"widget\" data-e-type=\"widget\" data-widget_type=\"text-editor.default\">\n\t\t\t\t<div class=\"elementor-widget-container\">\n\t\t\t\t\t\t\t\t\t<h6>&nbsp;<\/h6>\n<h1>Cookie-Politik<\/h1>\n<p>Diese Website, wie viele andere, verwendet kleine Dateien, die Cookies genannt werden, um uns zu helfen, Ihre Erfahrung zu personalisieren. Mit diesem Dokument, gem\u00e4\u00df den Artikeln 13 und 122 des Gesetzesdekrets 196\/2003 (\"Datenschutzgesetz\"), sowie in \u00dcbereinstimmung mit den Bestimmungen der allgemeinen Ma\u00dfnahme des Datenschutzgaranten vom 8. Mai 2014 Nr. 229, Che Cosa Sono le Nuvole APS Verein Organisator des Color Fest bietet den Nutzern der Website einige Informationen \u00fcber die verwendeten Cookies.<\/p>\n<h4>Was sind Cookies?<\/h4>\n<p>Kekse, w\u00f6rtlich \"Kekse\", sind die Informationen, die wir auf den Servern hinterlassen, wenn wir durch das Netz gehen, es sind kleine Daten, die es uns erm\u00f6glichen, Ihr Surferlebnis zu verbessern. Wenn Sie die Verwendung von Cookies deaktivieren m\u00f6chten, m\u00fcssen Sie die Einstellungen Ihres Computers und des von Ihnen verwendeten Browsers anpassen, indem Sie die L\u00f6schung aller Cookies einstellen oder eine Warnmeldung aktivieren, wenn Cookies gespeichert werden. Wenn Sie die Verwendung von Cookies nicht \u00e4ndern m\u00f6chten, k\u00f6nnen Sie einfach weitersurfen.<\/p>\n<h4>Technische Cookies<\/h4>\n<p>Technische Cookies werden verwendet, um einen besseren Kundenservice zu bieten, indem sie die Entscheidungen des Kunden verfolgen, wie z. B. Sprache oder Kontoinformationen. Die von der Website verwendeten Erstanbieter-Cookies geh\u00f6ren ausschlie\u00dflich zu dieser Kategorie, werden direkt vom Eigent\u00fcmer und\/oder Betreiber der Website verwaltet und erm\u00f6glichen eine korrekte Navigation auf der Website.<\/p>\n<h4>Analytische Cookies<\/h4>\n<p>Diese Cookies werden verwendet, um statistische Analysen dar\u00fcber zu erstellen, wie die Nutzer auf unserer Website navigieren. Die Ergebnisse dieser Analysen werden nur dann anonym und ausschlie\u00dflich zu statistischen Zwecken gesammelt, wenn der Dienstanbieter Cookies in Verbindung mit dem verwendeten Browser oder auf anderen Ger\u00e4ten, die zum Surfen auf der Website verwendet werden, einsetzt. Die Website nutzt einige Dienste von Drittanbietern, die unabh\u00e4ngig voneinander ihre eigenen Cookies installieren.<\/p>\n<h4>Marketing- und Profilierungs-Cookies<\/h4>\n<p>Diese Cookies dienen der Erstellung von Nutzerprofilen, um Werbebotschaften zu versenden, die den von Ihnen w\u00e4hrend Ihres Besuchs ge\u00e4u\u00dferten Pr\u00e4ferenzen entsprechen, oder um Ihr Surferlebnis zu verbessern. Drittanbieter-Cookies sind Cookies, die von Drittanbietern gesendet werden, denen wir vertrauen. Diese Cookies erm\u00f6glichen es uns, Ihnen unser Marketing-Angebot auf anderen angeschlossenen Websites anzubieten (Retargeting). Bei Cookies von Drittanbietern haben wir keine Kontrolle \u00fcber die vom Cookie bereitgestellten Informationen und keinen Zugriff auf diese Daten. Diese Informationen werden vollst\u00e4ndig von den Drittanbietern kontrolliert, wie in ihren jeweiligen Datenschutzrichtlinien beschrieben.<\/p>\n<h4>Cookies der sozialen Netzwerke<\/h4>\n<p>Diese Cookies sind notwendig, damit Ihr soziales Konto mit unserer Website interagieren kann. Sie werden z. B. verwendet, um Ihnen zu erm\u00f6glichen, Ihre Wertsch\u00e4tzung auszudr\u00fccken und sie mit Ihren Freunden zu teilen. Cookies von sozialen Netzwerken sind f\u00fcr das Surfen nicht notwendig.<\/p>\n<h4>Cookies f\u00fcr die Einbettung von Inhalten<\/h4>\n<p>Diese Cookies werden verwendet, um eingebettete Inhalte wie Videos von Vimeo oder YouTube oder Inhalte aus sozialen Medien anzuzeigen. F\u00fcr weitere Informationen \u00fcber Cookies von Drittanbietern, die von der Website verwendet werden, kann der Nutzer die entsprechenden Richtlinien einsehen.<br>Facebook https:\/\/www.facebook.com\/help\/cookies\/<\/p><p><br>Twitter https:\/\/twitter.com\/privacy?lang=en<\/p><p><br>Youtube https:\/\/www.google.it\/intl\/it\/policies\/privacy\/<\/p><p><br>Google+ http:\/\/www.google.com\/policies\/technologies\/types\/<\/p><p><br>Pinterest https:\/\/about.pinterest.com\/it\/privacy-policy<\/p><p><br>Vimeo https:\/\/vimeo.com\/cookie_policy<\/p><p><br>Google http:\/\/www.google.it\/intl\/it_it\/policies\/technologies\/types\/<\/p>\n<h4>Wie Sie Ihre Zustimmung erteilen<\/h4>\n<p>Der Benutzer kann seine Zustimmung zur Verwendung von Cookies geben, indem er auf OK oder auf das \"X\" des Informationsbanners auf den Seiten der Website klickt oder indem er einfach weiter surft.<\/p>\n<h4>So deaktivieren Sie Cookies<\/h4>\n<p>Es ist in der Regel m\u00f6glich, die Annahme von Cookies auf einer bestimmten Website zu verhindern. Allerdings werden dann einige Funktionen der Website deaktiviert oder funktionieren m\u00f6glicherweise nicht richtig.<br><a href=\"https:\/\/colorfest.it\/de\/cookie-richtlinie\/windows.microsoft.com\/en-gb\/internet-explorer\/delete-manage-cookies\/#ie=ie-10\">Cookie-Einstellungen im Internet Explorer<\/a>\u2028<br><a href=\"https:\/\/colorfest.it\/de\/cookie-richtlinie\/support.mozilla.com\/en-us\/kb\/cookies\/\">Cookie-Einstellungen in Firefox<\/a><br><a href=\"https:\/\/support.google.com\/chrome\/answer\/95647?hl=en&amp;ref_topic=14666\">Cookie-Einstellungen in Chrome<\/a><br><a href=\"https:\/\/colorfest.it\/de\/cookie-richtlinie\/support.apple.com\/kb\/ph5042\/\">Cookie-Einstellungen in Safari web<\/a>&nbsp;e&nbsp;<a href=\"https:\/\/colorfest.it\/de\/cookie-richtlinie\/support.apple.com\/kb\/ht1677\/\">iOS<\/a>.<\/p>\n<h4>Verantwortlicher f\u00fcr die Datenverarbeitung<\/h4>\n<p>Der Inhaber der Datenverarbeitung ist die Vereinigung Che Cosa Sono le Nuvole APS, die das Color Fest organisiert<\/p>\n<h4>Rechte der betroffenen Person<\/h4>\n<p>Art. 7 Gesetzesdekret 196\/2003<\/p>\n<ol>\n<li>Die betroffene Person hat das Recht, Auskunft dar\u00fcber zu erhalten, ob Daten vorhanden sind, die sie betreffen, auch dann, wenn diese noch nicht gespeichert sind; sie hat ferner das Recht, dass ihr diese Daten in verst\u00e4ndlicher Form \u00fcbermittelt werden.<\/li>\n<li>Die betroffene Person hat das Recht, informiert zu werden:<br>(a) die Herkunft der personenbezogenen Daten;<br>(b) die Zwecke und Methoden der Verarbeitung;<br>(c) die angewandte Logik im Falle einer Verarbeitung mit Hilfe elektronischer Instrumente;<br>(d) die Angaben zur Identifizierung des Inhabers, der verantwortlichen Personen und des gem\u00e4\u00df Artikel 5 Absatz 2 benannten Vertreters;<br>e) die Personen oder Kategorien von Personen, denen die personenbezogenen Daten \u00fcbermittelt werden k\u00f6nnen oder die in ihrer Eigenschaft als im Staatsgebiet namhaft gemachte Vertreter, als Verantwortliche oder Beauftragte davon Kenntnis erlangen k\u00f6nnen.<\/li>\n<li>Die betroffene Person hat das Recht, a) die Aktualisierung, die Berichtigung oder, sofern sie daran interessiert ist, die Erg\u00e4nzung der Daten zu verlangen;<br>b) zu verlangen, dass widerrechtlich verarbeitete Daten gel\u00f6scht, anonymisiert oder gesperrt werden; dies gilt auch f\u00fcr Daten, deren Aufbewahrung f\u00fcr die Zwecke, f\u00fcr die sie erhoben oder sp\u00e4ter verarbeitet wurden, nicht erforderlich ist;<br>c) eine Bescheinigung dar\u00fcber, dass die unter den Buchstaben a) und b) genannten Vorg\u00e4nge, auch was ihren Inhalt betrifft, denjenigen zur Kenntnis gebracht wurden, denen die Daten \u00fcbermittelt oder bei denen sie verbreitet wurden, sofern sich dies nicht als unm\u00f6glich erweist oder der Aufwand an Mitteln im Verh\u00e4ltnis zum gesch\u00fctzten Recht unvertretbar gro\u00df ist.<\/li>\n<li>Die betroffene Person hat das Recht, sich ganz oder teilweise a) der Verarbeitung personenbezogener Daten, die sie betreffen, aus legitimen Gr\u00fcnden zu widersetzen, auch wenn diese Daten dem Zweck der Sammlung entsprechen; b) der Verarbeitung personenbezogener Daten, die sie betreffen, zu widersetzen, wenn diese Verarbeitung zum Zwecke des Versands von Werbematerial oder des Direktverkaufs, zur Markt- oder Meinungsforschung oder zur Handelsinformation erfolgt.<\/li>\n<\/ol>\t\t\t\t\t\t\t\t<\/div>\n\t\t\t\t<\/div>\n\t\t\t\t\t<\/div>\n\t\t<\/div>\n\t\t\t\t\t<\/div>\n\t\t<\/section>\n\t\t\t\t<section class=\"elementor-section elementor-top-section elementor-element elementor-element-6054091 elementor-section-full_width elementor-section-height-default elementor-section-height-default\" data-id=\"6054091\" data-element_type=\"section\" data-e-type=\"section\">\n\t\t\t\t\t\t<div class=\"elementor-container elementor-column-gap-default\">\n\t\t\t\t\t<div class=\"elementor-column elementor-col-33 elementor-top-column elementor-element elementor-element-1ba93d4\" data-id=\"1ba93d4\" data-element_type=\"column\" data-e-type=\"column\">\n\t\t\t<div class=\"elementor-widget-wrap\">\n\t\t\t\t\t\t\t<\/div>\n\t\t<\/div>\n\t\t\t\t<div class=\"elementor-column elementor-col-33 elementor-top-column elementor-element elementor-element-bbf00e0\" data-id=\"bbf00e0\" data-element_type=\"column\" data-e-type=\"column\">\n\t\t\t<div class=\"elementor-widget-wrap elementor-element-populated\">\n\t\t\t\t\t\t<div class=\"elementor-element elementor-element-4b25036 elementor-widget elementor-widget-button\" data-id=\"4b25036\" data-element_type=\"widget\" data-e-type=\"widget\" data-widget_type=\"button.default\">\n\t\t\t\t<div class=\"elementor-widget-container\">\n\t\t\t\t\t\t\t\t\t<div class=\"elementor-button-wrapper\">\n\t\t\t\t\t<a class=\"elementor-button elementor-button-link elementor-size-sm\" href=\"https:\/\/colorfest.it\/de\/\">\n\t\t\t\t\t\t<span class=\"elementor-button-content-wrapper\">\n\t\t\t\t\t\t\t\t\t<span class=\"elementor-button-text\">zur\u00fcck zur Seite<\/span>\n\t\t\t\t\t<\/span>\n\t\t\t\t\t<\/a>\n\t\t\t\t<\/div>\n\t\t\t\t\t\t\t\t<\/div>\n\t\t\t\t<\/div>\n\t\t\t\t\t<\/div>\n\t\t<\/div>\n\t\t\t\t<div class=\"elementor-column elementor-col-33 elementor-top-column elementor-element elementor-element-a989fbf\" data-id=\"a989fbf\" data-element_type=\"column\" data-e-type=\"column\">\n\t\t\t<div class=\"elementor-widget-wrap\">\n\t\t\t\t\t\t\t<\/div>\n\t\t<\/div>\n\t\t\t\t\t<\/div>\n\t\t<\/section>\n\t\t\t\t<\/div>","protected":false},"excerpt":{"rendered":"<p>&nbsp; Cookie policy Questo sito, come molti altri, utilizza piccoli file, chiamati cookie per aiutarci a personalizzare la tua esperienza. Con il presente documento, ai sensi degli artt. 13 e 122 del D. Lgs. 196\/2003 (\u201ccodice privacy\u201d), nonch\u00e9 in base a quanto previsto dal Provvedimento generale del Garante privacy dell\u20198 maggio 2014 n\u00b0 229, Che [&hellip;]<\/p>\n","protected":false},"author":7,"featured_media":0,"parent":0,"menu_order":0,"comment_status":"closed","ping_status":"closed","template":"","meta":{"_acf_changed":false,"footnotes":""},"class_list":["post-4919","page","type-page","status-publish","hentry"],"acf":[],"yoast_head":"<!-- This site is optimized with the Yoast SEO Premium plugin v27.3 (Yoast SEO v27.4) - https:\/\/yoast.com\/product\/yoast-seo-premium-wordpress\/ -->\n<title>Color Fest 11 - 12 - 13 Agosto 2026| in Calabria<\/title>\n<meta name=\"description\" content=\"Color Fest - Festival di Musica, dal 2013 punto di riferimento per la musica dal vivo &gt;&gt; 11 - 12 - 13 Agosto 2026 Lungomare Falcone Borsellino.\" \/>\n<meta name=\"robots\" content=\"noindex, nofollow\" \/>\n<meta property=\"og:locale\" content=\"de_DE\" \/>\n<meta property=\"og:type\" content=\"article\" \/>\n<meta property=\"og:title\" content=\"Cookie Policy\" \/>\n<meta property=\"og:description\" content=\"Color Fest - Festival di Musica, dal 2013 punto di riferimento per la musica dal vivo &gt;&gt; 11 - 12 - 13 Agosto 2026 Lungomare Falcone Borsellino.\" \/>\n<meta property=\"og:url\" content=\"https:\/\/colorfest.it\/de\/cookie-richtlinie\/\" \/>\n<meta property=\"og:site_name\" content=\"Color Fest - Festival di Musica | 11 - 12 - 13 Agosto 2026 | in Calabria\" \/>\n<meta property=\"article:publisher\" content=\"http:\/\/facebook.com\/colorfestlamezia\/\" \/>\n<meta property=\"article:modified_time\" content=\"2023-01-09T22:12:00+00:00\" \/>\n<meta property=\"og:image\" content=\"https:\/\/colorfest.it\/wp-content\/uploads\/2024\/08\/DSCF3400.jpg\" \/>\n\t<meta property=\"og:image:width\" content=\"1600\" \/>\n\t<meta property=\"og:image:height\" content=\"1067\" \/>\n\t<meta property=\"og:image:type\" content=\"image\/jpeg\" \/>\n<meta name=\"twitter:card\" content=\"summary_large_image\" \/>\n<meta name=\"twitter:label1\" content=\"Gesch\u00e4tzte Lesezeit\" \/>\n\t<meta name=\"twitter:data1\" content=\"5\u00a0Minuten\" \/>\n<script type=\"application\/ld+json\" class=\"yoast-schema-graph\">{\"@context\":\"https:\\\/\\\/schema.org\",\"@graph\":[{\"@type\":\"WebPage\",\"@id\":\"https:\\\/\\\/colorfest.it\\\/cookie-policy\\\/\",\"url\":\"https:\\\/\\\/colorfest.it\\\/cookie-policy\\\/\",\"name\":\"Color Fest 11 - 12 - 13 Agosto 2026| in Calabria\",\"isPartOf\":{\"@id\":\"https:\\\/\\\/colorfest.it\\\/#website\"},\"datePublished\":\"2021-07-01T09:34:05+00:00\",\"dateModified\":\"2023-01-09T22:12:00+00:00\",\"description\":\"Color Fest - Festival di Musica, dal 2013 punto di riferimento per la musica dal vivo >> 11 - 12 - 13 Agosto 2026 Lungomare Falcone Borsellino.\",\"breadcrumb\":{\"@id\":\"https:\\\/\\\/colorfest.it\\\/cookie-policy\\\/#breadcrumb\"},\"inLanguage\":\"de\",\"potentialAction\":[{\"@type\":\"ReadAction\",\"target\":[\"https:\\\/\\\/colorfest.it\\\/cookie-policy\\\/\"]}]},{\"@type\":\"BreadcrumbList\",\"@id\":\"https:\\\/\\\/colorfest.it\\\/cookie-policy\\\/#breadcrumb\",\"itemListElement\":[{\"@type\":\"ListItem\",\"position\":1,\"name\":\"Home\",\"item\":\"https:\\\/\\\/colorfest.it\\\/\"},{\"@type\":\"ListItem\",\"position\":2,\"name\":\"Cookie Policy\"}]},{\"@type\":\"WebSite\",\"@id\":\"https:\\\/\\\/colorfest.it\\\/#website\",\"url\":\"https:\\\/\\\/colorfest.it\\\/\",\"name\":\"Color Fest - Festival di Musica | 11 - 12 - 13 Agosto 2026 | in Calabria\",\"description\":\"Color Fest - Festival di Musica, dal 2013 punto di riferimento per la musica dal vivo &gt;&gt; 11 - 12 - 13 Agosto 2026 Lungomare Falcone Borsellino.\",\"publisher\":{\"@id\":\"https:\\\/\\\/colorfest.it\\\/#organization\"},\"alternateName\":\"Color Fest - Festival di Musica | 11 - 12 - 13 Agosto 2026 @Lungomare Falcone Borsellino\",\"potentialAction\":[{\"@type\":\"SearchAction\",\"target\":{\"@type\":\"EntryPoint\",\"urlTemplate\":\"https:\\\/\\\/colorfest.it\\\/?s={search_term_string}\"},\"query-input\":{\"@type\":\"PropertyValueSpecification\",\"valueRequired\":true,\"valueName\":\"search_term_string\"}}],\"inLanguage\":\"de\"},{\"@type\":\"Organization\",\"@id\":\"https:\\\/\\\/colorfest.it\\\/#organization\",\"name\":\"Che cosa sono le nuvole APS\",\"alternateName\":\"Color Fest\",\"url\":\"https:\\\/\\\/colorfest.it\\\/\",\"logo\":{\"@type\":\"ImageObject\",\"inLanguage\":\"de\",\"@id\":\"https:\\\/\\\/colorfest.it\\\/#\\\/schema\\\/logo\\\/image\\\/\",\"url\":\"https:\\\/\\\/colorfest.it\\\/wp-content\\\/uploads\\\/2022\\\/03\\\/checosasonolenuvole.png\",\"contentUrl\":\"https:\\\/\\\/colorfest.it\\\/wp-content\\\/uploads\\\/2022\\\/03\\\/checosasonolenuvole.png\",\"width\":952,\"height\":844,\"caption\":\"Che cosa sono le nuvole APS\"},\"image\":{\"@id\":\"https:\\\/\\\/colorfest.it\\\/#\\\/schema\\\/logo\\\/image\\\/\"},\"sameAs\":[\"http:\\\/\\\/facebook.com\\\/colorfestlamezia\\\/\",\"http:\\\/\\\/instagram.com\\\/color_fest_\\\/\",\"https:\\\/\\\/www.linkedin.com\\\/company\\\/color-fest\\\/\"],\"description\":\"Color Fest - Festival di Musica, dal 2013 punto di riferimento per la musica dal vivo >> 11 - 12 - 13 Agosto 2026 Lungomare Falcone Borsellino.\",\"email\":\"scrivi@colorfest.it\",\"legalName\":\"Che cosa sono le nuvole APS\",\"foundingDate\":\"2012-10-12\",\"vatID\":\"03309120792\",\"taxID\":\"92029190797\",\"numberOfEmployees\":{\"@type\":\"QuantitativeValue\",\"minValue\":\"11\",\"maxValue\":\"50\"}}]}<\/script>\n<!-- \/ Yoast SEO Premium plugin. -->","yoast_head_json":{"title":"Farbenfest 11 - 12 - 13 August 2026| in Kalabrien","description":"Color Fest - Musikfestival, seit 2013 ein Bezugspunkt f\u00fcr Live-Musik &gt;&gt; 11 - 12 - 13 August 2026 Lungomare Falcone Borsellino","robots":{"index":"noindex","follow":"nofollow"},"og_locale":"de_DE","og_type":"article","og_title":"Cookie Policy","og_description":"Color Fest - Festival di Musica, dal 2013 punto di riferimento per la musica dal vivo >> 11 - 12 - 13 Agosto 2026 Lungomare Falcone Borsellino.","og_url":"https:\/\/colorfest.it\/de\/cookie-richtlinie\/","og_site_name":"Color Fest - Festival di Musica | 11 - 12 - 13 Agosto 2026 | in Calabria","article_publisher":"http:\/\/facebook.com\/colorfestlamezia\/","article_modified_time":"2023-01-09T22:12:00+00:00","og_image":[{"width":1600,"height":1067,"url":"https:\/\/colorfest.it\/wp-content\/uploads\/2024\/08\/DSCF3400.jpg","type":"image\/jpeg"}],"twitter_card":"summary_large_image","twitter_misc":{"Gesch\u00e4tzte Lesezeit":"5\u00a0Minuten"},"schema":{"@context":"https:\/\/schema.org","@graph":[{"@type":"WebPage","@id":"https:\/\/colorfest.it\/cookie-policy\/","url":"https:\/\/colorfest.it\/cookie-policy\/","name":"Farbenfest 11 - 12 - 13 August 2026| in Kalabrien","isPartOf":{"@id":"https:\/\/colorfest.it\/#website"},"datePublished":"2021-07-01T09:34:05+00:00","dateModified":"2023-01-09T22:12:00+00:00","description":"Color Fest - Musikfestival, seit 2013 ein Bezugspunkt f\u00fcr Live-Musik &gt;&gt; 11 - 12 - 13 August 2026 Lungomare Falcone Borsellino","breadcrumb":{"@id":"https:\/\/colorfest.it\/cookie-policy\/#breadcrumb"},"inLanguage":"de","potentialAction":[{"@type":"ReadAction","target":["https:\/\/colorfest.it\/cookie-policy\/"]}]},{"@type":"BreadcrumbList","@id":"https:\/\/colorfest.it\/cookie-policy\/#breadcrumb","itemListElement":[{"@type":"ListItem","position":1,"name":"Home","item":"https:\/\/colorfest.it\/"},{"@type":"ListItem","position":2,"name":"Cookie Policy"}]},{"@type":"WebSite","@id":"https:\/\/colorfest.it\/#website","url":"https:\/\/colorfest.it\/","name":"Color Fest - Musikfestival | 11 - 12 - 13 August 2026 | in Kalabrien","description":"Color Fest - Musikfestival, seit 2013 ein Bezugspunkt f\u00fcr Live-Musik &gt;&gt; 11 - 12 - 13 August 2026 Lungomare Falcone Borsellino","publisher":{"@id":"https:\/\/colorfest.it\/#organization"},"alternateName":"Color Fest - Festival di Musica | 11 - 12 - 13 Agosto 2026 @Lungomare Falcone Borsellino","potentialAction":[{"@type":"SearchAction","target":{"@type":"EntryPoint","urlTemplate":"https:\/\/colorfest.it\/?s={search_term_string}"},"query-input":{"@type":"PropertyValueSpecification","valueRequired":true,"valueName":"search_term_string"}}],"inLanguage":"de"},{"@type":"Organization","@id":"https:\/\/colorfest.it\/#organization","name":"Was sind APS-Wolken?","alternateName":"Color Fest","url":"https:\/\/colorfest.it\/","logo":{"@type":"ImageObject","inLanguage":"de","@id":"https:\/\/colorfest.it\/#\/schema\/logo\/image\/","url":"https:\/\/colorfest.it\/wp-content\/uploads\/2022\/03\/checosasonolenuvole.png","contentUrl":"https:\/\/colorfest.it\/wp-content\/uploads\/2022\/03\/checosasonolenuvole.png","width":952,"height":844,"caption":"Che cosa sono le nuvole APS"},"image":{"@id":"https:\/\/colorfest.it\/#\/schema\/logo\/image\/"},"sameAs":["http:\/\/facebook.com\/colorfestlamezia\/","http:\/\/instagram.com\/color_fest_\/","https:\/\/www.linkedin.com\/company\/color-fest\/"],"description":"Color Fest - Musikfestival, seit 2013 ein Bezugspunkt f\u00fcr Live-Musik &gt;&gt; 11 - 12 - 13 August 2026 Lungomare Falcone Borsellino","email":"scrivi@colorfest.it","legalName":"Che cosa sono le nuvole APS","foundingDate":"2012-10-12","vatID":"03309120792","taxID":"92029190797","numberOfEmployees":{"@type":"QuantitativeValue","minValue":"11","maxValue":"50"}}]}},"_links":{"self":[{"href":"https:\/\/colorfest.it\/de\/wp-json\/wp\/v2\/pages\/4919","targetHints":{"allow":["GET"]}}],"collection":[{"href":"https:\/\/colorfest.it\/de\/wp-json\/wp\/v2\/pages"}],"about":[{"href":"https:\/\/colorfest.it\/de\/wp-json\/wp\/v2\/types\/page"}],"author":[{"embeddable":true,"href":"https:\/\/colorfest.it\/de\/wp-json\/wp\/v2\/users\/7"}],"replies":[{"embeddable":true,"href":"https:\/\/colorfest.it\/de\/wp-json\/wp\/v2\/comments?post=4919"}],"version-history":[{"count":0,"href":"https:\/\/colorfest.it\/de\/wp-json\/wp\/v2\/pages\/4919\/revisions"}],"wp:attachment":[{"href":"https:\/\/colorfest.it\/de\/wp-json\/wp\/v2\/media?parent=4919"}],"curies":[{"name":"wp","href":"https:\/\/api.w.org\/{rel}","templated":true}]}}