{"id":17312,"date":"2024-07-03T14:04:27","date_gmt":"2024-07-03T12:04:27","guid":{"rendered":"https:\/\/colorfest.it\/?page_id=17312"},"modified":"2025-08-18T15:12:37","modified_gmt":"2025-08-18T13:12:37","slug":"verordnung","status":"publish","type":"page","link":"https:\/\/colorfest.it\/de\/regolamento\/","title":{"rendered":"Vorschriften f\u00fcr das Festival"},"content":{"rendered":"<div data-elementor-type=\"wp-page\" data-elementor-id=\"17312\" class=\"elementor elementor-17312\" data-elementor-post-type=\"page\">\n\t\t\t\t\t\t<section class=\"elementor-section elementor-top-section elementor-element elementor-element-f1cdd8d elementor-section-full_width elementor-section-height-default elementor-section-height-default\" data-id=\"f1cdd8d\" data-element_type=\"section\" data-e-type=\"section\">\n\t\t\t\t\t\t<div class=\"elementor-container elementor-column-gap-default\">\n\t\t\t\t\t<div class=\"elementor-column elementor-col-100 elementor-top-column elementor-element elementor-element-f536c54\" data-id=\"f536c54\" data-element_type=\"column\" data-e-type=\"column\" data-settings=\"{&quot;background_background&quot;:&quot;classic&quot;}\">\n\t\t\t<div class=\"elementor-widget-wrap elementor-element-populated\">\n\t\t\t\t\t\t<div class=\"elementor-element elementor-element-e678618 elementor-widget elementor-widget-spacer\" data-id=\"e678618\" data-element_type=\"widget\" data-e-type=\"widget\" data-widget_type=\"spacer.default\">\n\t\t\t\t<div class=\"elementor-widget-container\">\n\t\t\t\t\t\t\t<div class=\"elementor-spacer\">\n\t\t\t<div class=\"elementor-spacer-inner\"><\/div>\n\t\t<\/div>\n\t\t\t\t\t\t<\/div>\n\t\t\t\t<\/div>\n\t\t\t\t\t<\/div>\n\t\t<\/div>\n\t\t\t\t\t<\/div>\n\t\t<\/section>\n\t\t\t\t<section class=\"elementor-section elementor-top-section elementor-element elementor-element-ab8b877 elementor-section-full_width elementor-section-content-middle elementor-section-height-default elementor-section-height-default\" data-id=\"ab8b877\" data-element_type=\"section\" data-e-type=\"section\">\n\t\t\t\t\t\t<div class=\"elementor-container elementor-column-gap-default\">\n\t\t\t\t\t<div class=\"elementor-column elementor-col-100 elementor-top-column elementor-element elementor-element-efbc911\" data-id=\"efbc911\" data-element_type=\"column\" data-e-type=\"column\">\n\t\t\t<div class=\"elementor-widget-wrap elementor-element-populated\">\n\t\t\t\t\t\t<div class=\"elementor-element elementor-element-0c8e316 elementor-widget elementor-widget-heading\" data-id=\"0c8e316\" data-element_type=\"widget\" data-e-type=\"widget\" data-widget_type=\"heading.default\">\n\t\t\t\t<div class=\"elementor-widget-container\">\n\t\t\t\t\t<h1 class=\"elementor-heading-title elementor-size-default\">Willkommen* bei der <br>Farbenfest!<\/h1>\t\t\t\t<\/div>\n\t\t\t\t<\/div>\n\t\t\t\t<div class=\"elementor-element elementor-element-97b0b99 elementor-widget elementor-widget-heading\" data-id=\"97b0b99\" data-element_type=\"widget\" data-e-type=\"widget\" data-widget_type=\"heading.default\">\n\t\t\t\t<div class=\"elementor-widget-container\">\n\t\t\t\t\t<h1 class=\"elementor-heading-title elementor-size-default\">Verordnung:<\/h1>\t\t\t\t<\/div>\n\t\t\t\t<\/div>\n\t\t\t\t<div class=\"elementor-element elementor-element-b233a55 elementor-widget elementor-widget-text-editor\" data-id=\"b233a55\" data-element_type=\"widget\" data-e-type=\"widget\" data-widget_type=\"text-editor.default\">\n\t\t\t\t<div class=\"elementor-widget-container\">\n\t\t\t\t\t\t\t\t\t<p>Um ein sicheres und angenehmes Erlebnis f\u00fcr alle Teilnehmer zu gew\u00e4hrleisten, bitten wir Sie, die folgenden Regeln zu lesen und zu befolgen:<\/p>\n<p><strong>1. Einleitung<\/strong> Die hier beschriebenen Regeln wurden aufgestellt, um die Sicherheit, die Gesundheit und das Wohlbefinden aller Teilnehmer des Color Festes zu gew\u00e4hrleisten. Die Mitarbeit jedes einzelnen Teilnehmers ist entscheidend f\u00fcr den Erfolg der Veranstaltung.<\/p>\n<p><strong>2. Verbot der Einfuhr von Speisen und Getr\u00e4nken von au\u00dferhalb<\/strong> Aus Sicherheits- und Haftungsgr\u00fcnden ist es verboten, Speisen und Getr\u00e4nke von au\u00dferhalb auf das Konzertgel\u00e4nde des Color Festivals mitzubringen. Dieses Verbot wurde in \u00dcbereinstimmung mit den \u00f6rtlichen und nationalen Vorschriften erlassen, um die Qualit\u00e4t und Sicherheit der auf dem Festival verzehrten Speisen zu gew\u00e4hrleisten.<\/p>\n<p><strong>3. FOOD and DRINK Bereiche<\/strong> Innerhalb des Konzertbereichs werden besondere <b>FOOD and DRINK Bereiche<\/b> wo eine gro\u00dfe Auswahl an Speisen und Getr\u00e4nken angeboten wird. Das Angebot wird vegane, vegetarische, fleisch- und glutenfreie Alternativen sowie alkoholfreie Getr\u00e4nke umfassen, um den unterschiedlichen Ern\u00e4hrungsbed\u00fcrfnissen der Teilnehmer gerecht zu werden. F\u00fcr besondere Bed\u00fcrfnisse in Bezug auf <u><b>Z\u00f6liakie<\/b><\/u> und Glutenkontaminationen zu vermeiden, d\u00fcrfen Z\u00f6liakiebetroffene bestimmte Lebensmittel von au\u00dferhalb mitbringen. (siehe Punkt 4)<\/p>\n<p><strong>4. Ausnahmen f\u00fcr Z\u00f6liakiebetroffene<\/strong> Wir wissen, wie wichtig es ist, Teilnehmern mit besonderen Ern\u00e4hrungsbed\u00fcrfnissen, z. B. mit Z\u00f6liakie, sichere Optionen anzubieten. Deshalb, <u>das Mitbringen von Lebensmitteln speziell f\u00fcr Z\u00f6liakiebetroffene ist erlaubt<\/u> um eine schwer zu kontrollierende Kontamination mit Gluten zu vermeiden.<\/p>\n<p><strong>5. Haftung<\/strong> Die Entscheidung, die Einfuhr von Lebensmitteln von au\u00dferhalb zu verbieten, wurde getroffen, um sicherzustellen:<\/p>\n<ul>\n<li>La <b>Sicherheit<\/b> Lebensmittel: Durch die \u00dcberwachung und Kontrolle der Qualit\u00e4t der angebotenen Lebensmittel k\u00f6nnen wir m\u00f6gliche Vergiftungen oder allergische Reaktionen verhindern.<\/li>\n<li>Die <b>Einhaltung der Vorschriften<\/b> in Kraft: Gem\u00e4\u00df den Richtlinien der lokalen und nationalen Gesundheitsbeh\u00f6rden sorgen wir f\u00fcr die Einhaltung der Hygiene- und Lebensmittelsicherheitsvorschriften.<\/li>\n<li>La <b>Nachhaltigkeit<\/b> des Festivals: Durch die Unterst\u00fctzung lokaler Anbieter und die Gew\u00e4hrleistung eines vielf\u00e4ltigen und kontrollierten Lebensmittelangebots f\u00f6rdern wir eine nachhaltigere und besser organisierte Umwelt.<\/li>\n<\/ul>\n<div>&nbsp;<\/div>\n<p><strong>6. Allgemeine Verhaltensregeln<\/strong><\/p>\n<ul>\n<li><strong>Respekt vor dem Personal und anderen Teilnehmern<\/strong>: Den Anweisungen des Festivalpersonals ist unbedingt Folge zu leisten. Beleidigendes, gewaltt\u00e4tiges oder bel\u00e4stigendes Verhalten wird nicht geduldet.<\/li>\n<li><strong>Respekt f\u00fcr die Umwelt<\/strong>Es ist verboten, Abf\u00e4lle au\u00dferhalb der ausgewiesenen Abfallsammelstellen zu hinterlassen. Die Teilnehmer werden gebeten, den Bereich sauber zu halten und die entsprechenden Abfallbeh\u00e4lter zu benutzen.<\/li>\n<li><strong>Rauch<\/strong>Rauchen ist au\u00dferhalb der ausgewiesenen Bereiche und\/oder in der N\u00e4he sensibler Bereiche verboten.<\/li>\n<li><strong>Sicherheit<\/strong>Der Zugang zum Konzertgel\u00e4nde ist nur \u00fcber die offiziellen Einlassstellen gestattet. Das Mitbringen von gef\u00e4hrlichen Gegenst\u00e4nden (z.B. Waffen, explosive Stoffe usw.) und anderen Gegenst\u00e4nden, die die Sicherheit der Teilnehmer gef\u00e4hrden k\u00f6nnten, ist verboten.<\/li>\n<li><strong>Einhaltung der geltenden Vorschriften<\/strong>Die Teilnehmer m\u00fcssen die lokalen und nationalen Gesetze einhalten, einschlie\u00dflich der Vorschriften \u00fcber den Konsum von Alkohol und Drogen.<\/li>\n<li><strong>Ticket<\/strong>Der Zutritt zum Festival ist nur Inhabern von regul\u00e4ren Eintrittskarten gestattet. Die Teilnehmer m\u00fcssen ihre Tickets in digitaler Form f\u00fcr die Dauer der Veranstaltung aufbewahren und auf Verlangen des Sicherheitspersonals vorzeigen. Die Tickets k\u00f6nnen erworben werden unter <a href=\"https:\/\/colorfest.it\/de\/baum\/\">DICE<\/a> unter dem folgenden Link &gt;&gt; <a href=\"https:\/\/colorfest.it\/de\/baum\/\">https:\/\/colorfest.it\/tree\/<\/a>.<\/li>\n<li><strong>Minderj\u00e4hrige<\/strong>: Teilnehmer <b>unter 16 Jahre alt<\/b> m\u00fcssen von einem verantwortlichen Erwachsenen (mindestens 18 Jahre alt) begleitet werden. <br>- <b>Unter 10 Jahre alt<\/b>Alle <b>Kinder unter 10 Jahren haben freien Eintritt zum Festival<\/b>&nbsp;und m\u00fcssen keine besondere Prozedur durchlaufen, um das Festival zu betreten, au\u00dfer dass sie von einem Erwachsenen begleitet werden m\u00fcssen.<\/li>\n<\/ul>\n<div>&nbsp;<\/div>\n<p>&gt;&gt; Wir danken allen Teilnehmern f\u00fcr ihre Kooperation und ihr Verst\u00e4ndnis.&nbsp;<br><span style=\"color: var( --e-global-color-9cf77ba ); letter-spacing: 0.35px;\">Die Einhaltung dieser Regeln wird dazu beitragen, dass das Farbenfest f\u00fcr alle zu einem unvergesslichen Erlebnis wird.<\/span><\/p>\n<p>&gt;&gt; F\u00fcr weitere Informationen oder Klarstellungen senden Sie bitte eine E-Mail an <a href=\"mailto:scrivi@colorfest.it\">scrivi@colorfest.it<\/a><\/p>\n<p style=\"text-align: center;\">Wir w\u00fcnschen Ihnen viel Spa\u00df und danken Ihnen f\u00fcr Ihre Teilnahme!<\/p>\n<p style=\"text-align: center;\"><strong>Das Management des Farbenfestes<\/strong><\/p>\t\t\t\t\t\t\t\t<\/div>\n\t\t\t\t<\/div>\n\t\t\t\t<div class=\"elementor-element elementor-element-7ade433 elementor-align-center elementor-widget elementor-widget-button\" data-id=\"7ade433\" data-element_type=\"widget\" data-e-type=\"widget\" data-widget_type=\"button.default\">\n\t\t\t\t<div class=\"elementor-widget-container\">\n\t\t\t\t\t\t\t\t\t<div class=\"elementor-button-wrapper\">\n\t\t\t\t\t<a class=\"elementor-button elementor-button-link elementor-size-sm\" href=\"https:\/\/colorfest.it\/de\/baum\/\">\n\t\t\t\t\t\t<span class=\"elementor-button-content-wrapper\">\n\t\t\t\t\t\t\t\t\t<span class=\"elementor-button-text\">nach Hause gehen<\/span>\n\t\t\t\t\t<\/span>\n\t\t\t\t\t<\/a>\n\t\t\t\t<\/div>\n\t\t\t\t\t\t\t\t<\/div>\n\t\t\t\t<\/div>\n\t\t\t\t\t<\/div>\n\t\t<\/div>\n\t\t\t\t\t<\/div>\n\t\t<\/section>\n\t\t\t\t<\/div>","protected":false},"excerpt":{"rendered":"<p>Benvenut* al Color Fest! Regolamento: Al fine di garantire un&#8217;esperienza sicura e piacevole per tutti i partecipanti, vi preghiamo di prendere visione e rispettare il seguente regolamento: 1. Introduzione Il regolamento qui descritto \u00e8 stato stabilito per assicurare la sicurezza, la salute e il benessere di tutti i partecipanti al Color Fest. La collaborazione di [&hellip;]<\/p>\n","protected":false},"author":7,"featured_media":17314,"parent":0,"menu_order":0,"comment_status":"closed","ping_status":"closed","template":"","meta":{"_acf_changed":false,"footnotes":""},"class_list":["post-17312","page","type-page","status-publish","has-post-thumbnail","hentry"],"acf":[],"yoast_head":"<!-- This site is optimized with the Yoast SEO Premium plugin v27.3 (Yoast SEO v27.4) - https:\/\/yoast.com\/product\/yoast-seo-premium-wordpress\/ -->\n<title>Regolamento Color Fest | 11 - 12 - 13 Agosto 2026<\/title>\n<meta name=\"description\" content=\"Regolamento Color Fest, scopri quali saranno le regole per una corretta fruizione del festival; cosa sar\u00e0 consentito e no durante il festival.\" \/>\n<meta name=\"robots\" content=\"index, follow, max-snippet:-1, max-image-preview:large, max-video-preview:-1\" \/>\n<link rel=\"canonical\" href=\"https:\/\/colorfest.it\/de\/verordnung\/\" \/>\n<meta property=\"og:locale\" content=\"de_DE\" \/>\n<meta property=\"og:type\" content=\"article\" \/>\n<meta property=\"og:title\" content=\"Regolamento del festival\" \/>\n<meta property=\"og:description\" content=\"Color Fest - Festival di Musica, dal 2013 punto di riferimento per la musica dal vivo &gt;&gt; 11 - 12 - 13 Agosto 2026 Lungomare Falcone Borsellino.\" \/>\n<meta property=\"og:url\" content=\"https:\/\/colorfest.it\/de\/verordnung\/\" \/>\n<meta property=\"og:site_name\" content=\"Color Fest - Festival di Musica | 11 - 12 - 13 Agosto 2026 | in Calabria\" \/>\n<meta property=\"article:publisher\" content=\"http:\/\/facebook.com\/colorfestlamezia\/\" \/>\n<meta property=\"article:modified_time\" content=\"2025-08-18T13:12:37+00:00\" \/>\n<meta property=\"og:image\" content=\"https:\/\/colorfest.it\/wp-content\/uploads\/2024\/07\/Palco-Color-Fest-.jpg\" \/>\n\t<meta property=\"og:image:width\" content=\"1600\" \/>\n\t<meta property=\"og:image:height\" content=\"1067\" \/>\n\t<meta property=\"og:image:type\" content=\"image\/jpeg\" \/>\n<meta name=\"twitter:card\" content=\"summary_large_image\" \/>\n<meta name=\"twitter:label1\" content=\"Gesch\u00e4tzte Lesezeit\" \/>\n\t<meta name=\"twitter:data1\" content=\"4\u00a0Minuten\" \/>\n<script type=\"application\/ld+json\" class=\"yoast-schema-graph\">{\"@context\":\"https:\\\/\\\/schema.org\",\"@graph\":[{\"@type\":\"WebPage\",\"@id\":\"https:\\\/\\\/colorfest.it\\\/regolamento\\\/\",\"url\":\"https:\\\/\\\/colorfest.it\\\/regolamento\\\/\",\"name\":\"Regolamento Color Fest | 11 - 12 - 13 Agosto 2026\",\"isPartOf\":{\"@id\":\"https:\\\/\\\/colorfest.it\\\/#website\"},\"primaryImageOfPage\":{\"@id\":\"https:\\\/\\\/colorfest.it\\\/regolamento\\\/#primaryimage\"},\"image\":{\"@id\":\"https:\\\/\\\/colorfest.it\\\/regolamento\\\/#primaryimage\"},\"thumbnailUrl\":\"https:\\\/\\\/colorfest.it\\\/wp-content\\\/uploads\\\/2024\\\/07\\\/Palco-Color-Fest-.jpg\",\"datePublished\":\"2024-07-03T12:04:27+00:00\",\"dateModified\":\"2025-08-18T13:12:37+00:00\",\"description\":\"Regolamento Color Fest, scopri quali saranno le regole per una corretta fruizione del festival; cosa sar\u00e0 consentito e no durante il festival.\",\"breadcrumb\":{\"@id\":\"https:\\\/\\\/colorfest.it\\\/regolamento\\\/#breadcrumb\"},\"inLanguage\":\"de\",\"potentialAction\":[{\"@type\":\"ReadAction\",\"target\":[\"https:\\\/\\\/colorfest.it\\\/regolamento\\\/\"]}]},{\"@type\":\"ImageObject\",\"inLanguage\":\"de\",\"@id\":\"https:\\\/\\\/colorfest.it\\\/regolamento\\\/#primaryimage\",\"url\":\"https:\\\/\\\/colorfest.it\\\/wp-content\\\/uploads\\\/2024\\\/07\\\/Palco-Color-Fest-.jpg\",\"contentUrl\":\"https:\\\/\\\/colorfest.it\\\/wp-content\\\/uploads\\\/2024\\\/07\\\/Palco-Color-Fest-.jpg\",\"width\":1600,\"height\":1067,\"caption\":\"Palco Color Fest\"},{\"@type\":\"BreadcrumbList\",\"@id\":\"https:\\\/\\\/colorfest.it\\\/regolamento\\\/#breadcrumb\",\"itemListElement\":[{\"@type\":\"ListItem\",\"position\":1,\"name\":\"Home\",\"item\":\"https:\\\/\\\/colorfest.it\\\/\"},{\"@type\":\"ListItem\",\"position\":2,\"name\":\"Regolamento del festival\"}]},{\"@type\":\"WebSite\",\"@id\":\"https:\\\/\\\/colorfest.it\\\/#website\",\"url\":\"https:\\\/\\\/colorfest.it\\\/\",\"name\":\"Color Fest - Festival di Musica | 11 - 12 - 13 Agosto 2026 | in Calabria\",\"description\":\"Color Fest - Festival di Musica, dal 2013 punto di riferimento per la musica dal vivo &gt;&gt; 11 - 12 - 13 Agosto 2026 Lungomare Falcone Borsellino.\",\"publisher\":{\"@id\":\"https:\\\/\\\/colorfest.it\\\/#organization\"},\"alternateName\":\"Color Fest - Festival di Musica | 11 - 12 - 13 Agosto 2026 @Lungomare Falcone Borsellino\",\"potentialAction\":[{\"@type\":\"SearchAction\",\"target\":{\"@type\":\"EntryPoint\",\"urlTemplate\":\"https:\\\/\\\/colorfest.it\\\/?s={search_term_string}\"},\"query-input\":{\"@type\":\"PropertyValueSpecification\",\"valueRequired\":true,\"valueName\":\"search_term_string\"}}],\"inLanguage\":\"de\"},{\"@type\":\"Organization\",\"@id\":\"https:\\\/\\\/colorfest.it\\\/#organization\",\"name\":\"Che cosa sono le nuvole APS\",\"alternateName\":\"Color Fest\",\"url\":\"https:\\\/\\\/colorfest.it\\\/\",\"logo\":{\"@type\":\"ImageObject\",\"inLanguage\":\"de\",\"@id\":\"https:\\\/\\\/colorfest.it\\\/#\\\/schema\\\/logo\\\/image\\\/\",\"url\":\"https:\\\/\\\/colorfest.it\\\/wp-content\\\/uploads\\\/2022\\\/03\\\/checosasonolenuvole.png\",\"contentUrl\":\"https:\\\/\\\/colorfest.it\\\/wp-content\\\/uploads\\\/2022\\\/03\\\/checosasonolenuvole.png\",\"width\":952,\"height\":844,\"caption\":\"Che cosa sono le nuvole APS\"},\"image\":{\"@id\":\"https:\\\/\\\/colorfest.it\\\/#\\\/schema\\\/logo\\\/image\\\/\"},\"sameAs\":[\"http:\\\/\\\/facebook.com\\\/colorfestlamezia\\\/\",\"http:\\\/\\\/instagram.com\\\/color_fest_\\\/\",\"https:\\\/\\\/www.linkedin.com\\\/company\\\/color-fest\\\/\"],\"description\":\"Color Fest - Festival di Musica, dal 2013 punto di riferimento per la musica dal vivo >> 11 - 12 - 13 Agosto 2026 Lungomare Falcone Borsellino.\",\"email\":\"scrivi@colorfest.it\",\"legalName\":\"Che cosa sono le nuvole APS\",\"foundingDate\":\"2012-10-12\",\"vatID\":\"03309120792\",\"taxID\":\"92029190797\",\"numberOfEmployees\":{\"@type\":\"QuantitativeValue\",\"minValue\":\"11\",\"maxValue\":\"50\"}}]}<\/script>\n<!-- \/ Yoast SEO Premium plugin. -->","yoast_head_json":{"title":"Regeln Farbfest | 11 - 12 - 13 August 2026","description":"Regeln f\u00fcr das Farbenfest: Informieren Sie sich \u00fcber die Regeln f\u00fcr den ordnungsgem\u00e4\u00dfen Ablauf des Festes und dar\u00fcber, was w\u00e4hrend des Festes erlaubt ist und was nicht.","robots":{"index":"index","follow":"follow","max-snippet":"max-snippet:-1","max-image-preview":"max-image-preview:large","max-video-preview":"max-video-preview:-1"},"canonical":"https:\/\/colorfest.it\/de\/verordnung\/","og_locale":"de_DE","og_type":"article","og_title":"Regolamento del festival","og_description":"Color Fest - Festival di Musica, dal 2013 punto di riferimento per la musica dal vivo >> 11 - 12 - 13 Agosto 2026 Lungomare Falcone Borsellino.","og_url":"https:\/\/colorfest.it\/de\/verordnung\/","og_site_name":"Color Fest - Festival di Musica | 11 - 12 - 13 Agosto 2026 | in Calabria","article_publisher":"http:\/\/facebook.com\/colorfestlamezia\/","article_modified_time":"2025-08-18T13:12:37+00:00","og_image":[{"width":1600,"height":1067,"url":"https:\/\/colorfest.it\/wp-content\/uploads\/2024\/07\/Palco-Color-Fest-.jpg","type":"image\/jpeg"}],"twitter_card":"summary_large_image","twitter_misc":{"Gesch\u00e4tzte Lesezeit":"4\u00a0Minuten"},"schema":{"@context":"https:\/\/schema.org","@graph":[{"@type":"WebPage","@id":"https:\/\/colorfest.it\/regolamento\/","url":"https:\/\/colorfest.it\/regolamento\/","name":"Regeln Farbfest | 11 - 12 - 13 August 2026","isPartOf":{"@id":"https:\/\/colorfest.it\/#website"},"primaryImageOfPage":{"@id":"https:\/\/colorfest.it\/regolamento\/#primaryimage"},"image":{"@id":"https:\/\/colorfest.it\/regolamento\/#primaryimage"},"thumbnailUrl":"https:\/\/colorfest.it\/wp-content\/uploads\/2024\/07\/Palco-Color-Fest-.jpg","datePublished":"2024-07-03T12:04:27+00:00","dateModified":"2025-08-18T13:12:37+00:00","description":"Regeln f\u00fcr das Farbenfest: Informieren Sie sich \u00fcber die Regeln f\u00fcr den ordnungsgem\u00e4\u00dfen Ablauf des Festes und dar\u00fcber, was w\u00e4hrend des Festes erlaubt ist und was nicht.","breadcrumb":{"@id":"https:\/\/colorfest.it\/regolamento\/#breadcrumb"},"inLanguage":"de","potentialAction":[{"@type":"ReadAction","target":["https:\/\/colorfest.it\/regolamento\/"]}]},{"@type":"ImageObject","inLanguage":"de","@id":"https:\/\/colorfest.it\/regolamento\/#primaryimage","url":"https:\/\/colorfest.it\/wp-content\/uploads\/2024\/07\/Palco-Color-Fest-.jpg","contentUrl":"https:\/\/colorfest.it\/wp-content\/uploads\/2024\/07\/Palco-Color-Fest-.jpg","width":1600,"height":1067,"caption":"Palco Color Fest"},{"@type":"BreadcrumbList","@id":"https:\/\/colorfest.it\/regolamento\/#breadcrumb","itemListElement":[{"@type":"ListItem","position":1,"name":"Home","item":"https:\/\/colorfest.it\/"},{"@type":"ListItem","position":2,"name":"Regolamento del festival"}]},{"@type":"WebSite","@id":"https:\/\/colorfest.it\/#website","url":"https:\/\/colorfest.it\/","name":"Color Fest - Musikfestival | 11 - 12 - 13 August 2026 | in Kalabrien","description":"Color Fest - Musikfestival, seit 2013 ein Bezugspunkt f\u00fcr Live-Musik &gt;&gt; 11 - 12 - 13 August 2026 Lungomare Falcone Borsellino","publisher":{"@id":"https:\/\/colorfest.it\/#organization"},"alternateName":"Color Fest - Festival di Musica | 11 - 12 - 13 Agosto 2026 @Lungomare Falcone Borsellino","potentialAction":[{"@type":"SearchAction","target":{"@type":"EntryPoint","urlTemplate":"https:\/\/colorfest.it\/?s={search_term_string}"},"query-input":{"@type":"PropertyValueSpecification","valueRequired":true,"valueName":"search_term_string"}}],"inLanguage":"de"},{"@type":"Organization","@id":"https:\/\/colorfest.it\/#organization","name":"Was sind APS-Wolken?","alternateName":"Color Fest","url":"https:\/\/colorfest.it\/","logo":{"@type":"ImageObject","inLanguage":"de","@id":"https:\/\/colorfest.it\/#\/schema\/logo\/image\/","url":"https:\/\/colorfest.it\/wp-content\/uploads\/2022\/03\/checosasonolenuvole.png","contentUrl":"https:\/\/colorfest.it\/wp-content\/uploads\/2022\/03\/checosasonolenuvole.png","width":952,"height":844,"caption":"Che cosa sono le nuvole APS"},"image":{"@id":"https:\/\/colorfest.it\/#\/schema\/logo\/image\/"},"sameAs":["http:\/\/facebook.com\/colorfestlamezia\/","http:\/\/instagram.com\/color_fest_\/","https:\/\/www.linkedin.com\/company\/color-fest\/"],"description":"Color Fest - Musikfestival, seit 2013 ein Bezugspunkt f\u00fcr Live-Musik &gt;&gt; 11 - 12 - 13 August 2026 Lungomare Falcone Borsellino","email":"scrivi@colorfest.it","legalName":"Che cosa sono le nuvole APS","foundingDate":"2012-10-12","vatID":"03309120792","taxID":"92029190797","numberOfEmployees":{"@type":"QuantitativeValue","minValue":"11","maxValue":"50"}}]}},"_links":{"self":[{"href":"https:\/\/colorfest.it\/de\/wp-json\/wp\/v2\/pages\/17312","targetHints":{"allow":["GET"]}}],"collection":[{"href":"https:\/\/colorfest.it\/de\/wp-json\/wp\/v2\/pages"}],"about":[{"href":"https:\/\/colorfest.it\/de\/wp-json\/wp\/v2\/types\/page"}],"author":[{"embeddable":true,"href":"https:\/\/colorfest.it\/de\/wp-json\/wp\/v2\/users\/7"}],"replies":[{"embeddable":true,"href":"https:\/\/colorfest.it\/de\/wp-json\/wp\/v2\/comments?post=17312"}],"version-history":[{"count":0,"href":"https:\/\/colorfest.it\/de\/wp-json\/wp\/v2\/pages\/17312\/revisions"}],"wp:featuredmedia":[{"embeddable":true,"href":"https:\/\/colorfest.it\/de\/wp-json\/wp\/v2\/media\/17314"}],"wp:attachment":[{"href":"https:\/\/colorfest.it\/de\/wp-json\/wp\/v2\/media?parent=17312"}],"curies":[{"name":"wp","href":"https:\/\/api.w.org\/{rel}","templated":true}]}}